{"id":9,"date":"2016-12-05T20:12:25","date_gmt":"2016-12-05T19:12:25","guid":{"rendered":"http:\/\/cij.hu\/en\/?page_id=9"},"modified":"2021-05-18T18:22:23","modified_gmt":"2021-05-18T17:22:23","slug":"sponsors","status":"publish","type":"page","link":"https:\/\/cij.hu\/en\/sponsors\/","title":{"rendered":"Sponsors"},"content":{"rendered":"<p>Our accomplishments would not have been possible without<br \/>\nthe generous support of the sponsor organizations and persons.<\/p>\n<p>Our sponsors since 1995:<\/p>\n<p>American Express Foundation<br \/>\n<a href=\"http:\/\/www.bloomberg.com\">Bloomberg News Service <\/a><br \/>\n<a href=\"http:\/\/www.britishembassy.gov.uk\/servlet\/Front?pagename=OpenMarket\/Xcelerate\/ShowPage&amp;c=Page&amp;cid=1017170894061%29\"> British Embassy, Budapest<\/a><br \/>\n<a href=\"http:\/\/www.bat.hu\">British American Tobacco Hungary Ltd.<\/a><br \/>\n<a href=\"http:\/\/www.canadainternational.gc.ca\/hungary-hongrie\/index.aspx?lang=eng\">Canadian Embassy <\/a><br \/>\nThe Coca Cola Company<br \/>\n<a href=\"http:\/\/correspondentsfund.org\/\">The Correspondents Fund <\/a><br \/>\nThe Dow Jones Foundation<br \/>\n<a href=\"http:\/\/www.osce.org\">Organization for Security and Cooperation in Europe <\/a><br \/>\n<a href=\"http:\/\/www.eurocult.org\">The European Cultural Foundation <\/a><br \/>\nEuropean Union \u2013 Phare Program<br \/>\n<a href=\"http:\/\/www.evensfoundation.be\/en\/index.html\"> Evens Foundation<\/a><br \/>\n<a href=\"http:\/\/www.freedomforum.org\/\">The Freedom Forum<\/a><br \/>\n<a href=\"http:\/\/www.ge.com\/foundation\/index.jsp\">GE Foundation <\/a><a href=\"http:\/\/www.gmfus.org\/template\/index.cfm\"><br \/>\nThe German Marshall Fund of the United States <\/a><br \/>\nThe Gilder Foundation<br \/>\nVirginia Gilder<br \/>\nGoogle Digital News Initiative<br \/>\nJames and Margaret Greenfield<br \/>\nAnn Grob<br \/>\nHBO<br \/>\nHealth Journalism Partnership<br \/>\n<a href=\"http:\/\/www.hollandnagykovetseg.hu\/\">Royal Netherlands Embassy, Budapest<\/a><br \/>\n<a href=\"http:\/\/www.hhmi.org\">The Howard Hughes Medical Institute<\/a><br \/>\n<a href=\"http:\/\/www.mfb.hu\">Hungarian Development Bank<\/a><br \/>\n<a href=\"http:\/\/www.radio.hu\">Hungarian Radio <\/a><br \/>\nIFEX<br \/>\n<a href=\"http:\/\/http:\/\/www.imptob.hu\">Imperial Tobacco Hungary Ltd.<\/a><br \/>\n<a href=\"http:\/\/www.ijf-cij.org\/\">Independent Journalism Foundation-New York<\/a><br \/>\nThe International Media Fund<br \/>\n<a href=\"http:\/\/www.irex.org\/\">The International Research and Exchange Board <\/a><br \/>\n<a href=\"http:\/\/www.knightfoundation.org\">The John S. and James L. Knight Foundation <\/a><br \/>\n<a href=\"http:\/\/www.dfid.gov.uk\/Working-with-DFID\/Funding-Schemes\/Closed-funds\/Know-How-Fund\/\">The Know-How Fund <\/a><br \/>\n<a href=\"http:\/\/www.brokerkepzo.hu\"> K\u00f6z\u00e9p-eur\u00f3pai Br\u00f3kerk\u00e9pz\u0151 Alap\u00edtv\u00e1ny <\/a><br \/>\nWilliam and Ina Levine Foundation<br \/>\nThe Mollie Parnis Livingston Foundation<br \/>\n<a href=\"http:\/\/www.levistrauss.com\/citizenship\/levistraussfoundation.aspx\"> Levi Strauss &amp; Co.<\/a><br \/>\nKenneth &amp; Evelyn Lipper Foundation<br \/>\n<a href=\"http:\/\/www.mastercard.com\"> Mastercard <\/a><br \/>\n<a href=\"http:\/\/www.nca.hu\"> National Civil Fund <\/a><a href=\"http:\/\/www.nol.hu\"><br \/>\nN\u00e9pszabads\u00e1g Rt. <\/a><br \/>\n<a href=\"http:\/\/www.nytco.com\/\"> The New York Times Company <\/a><br \/>\n<a href=\"http:\/\/www.nytco.com\/company\/foundation\/\"> The New York Times Company Foundation <\/a><br \/>\n<a href=\"http:\/\/www.soros.org\/initiatives\/media\"> Open Society Institute <\/a><br \/>\n<a href=\"http:\/\/www.ortt.hu\"> National Radio and Television Commission <\/a><br \/>\nReuters<br \/>\nAnonymous member of the Rockefeller family<br \/>\nHoward J. Rubenstein<br \/>\nDr. William Schiede<br \/>\nThe Dorothy Schiff Foundation<br \/>\n<a href=\"http:\/\/www.soros.hu\"> Soros Foundation<\/a><br \/>\n<a href=\"http:\/\/www.seenpm.org\"> South East European Network for Professionalization of Media <\/a><br \/>\nSz\u00e9chenyi Terv\/Informatikai Program<br \/>\n<a href=\"http:\/\/www.eda.admin.ch\/budapest\"> Sv\u00e1jci Nagyk\u00f6vets\u00e9g\/Swiss Embassy, Budapest <\/a><br \/>\nSzoci\u00e1lis \u00e9s Munka\u00fcgyi Miniszt\u00e9rium\/Ministry for Social Affairs and Labour<br \/>\n<a href=\"http:\/\/www.t-systems.hu\/\"> T-Online Magyarorsz\u00e1g Zrt. <\/a><br \/>\nRichard and Gail Ullman<br \/>\n<a href=\"http:\/\/www.utoronto.ca\/\"> The University of Toronto <\/a><br \/>\nTime Warner Inc.<br \/>\n<a href=\"http:\/\/www.ceetrust.org\/\"> Trust for Civil Society in Central and Eastern Europe <\/a><br \/>\n<a href=\"http:\/\/www.usaid.gov\"> US Agency for International Development <\/a><br \/>\n<a href=\"https:\/\/hu.usembassy.gov\/\"> Embassy of the United States <\/a><br \/>\nUS Information Service<br \/>\nDonald M. Wilson<\/p>\n","protected":false},"excerpt":{"rendered":"<p>Our accomplishments would not have been possible without the generous support of the sponsor organizations and persons. Our sponsors since 1995: American Express Foundation Bloomberg News Service British Embassy, Budapest British American Tobacco Hungary Ltd. Canadian Embassy The Coca Cola Company The Correspondents Fund The Dow Jones Foundation Organization for Security and Cooperation in Europe [&hellip;]<\/p>\n","protected":false},"author":1,"featured_media":0,"parent":0,"menu_order":300,"comment_status":"closed","ping_status":"closed","template":"","meta":{"footnotes":""},"_links":{"self":[{"href":"https:\/\/cij.hu\/en\/wp-json\/wp\/v2\/pages\/9"}],"collection":[{"href":"https:\/\/cij.hu\/en\/wp-json\/wp\/v2\/pages"}],"about":[{"href":"https:\/\/cij.hu\/en\/wp-json\/wp\/v2\/types\/page"}],"author":[{"embeddable":true,"href":"https:\/\/cij.hu\/en\/wp-json\/wp\/v2\/users\/1"}],"replies":[{"embeddable":true,"href":"https:\/\/cij.hu\/en\/wp-json\/wp\/v2\/comments?post=9"}],"version-history":[{"count":7,"href":"https:\/\/cij.hu\/en\/wp-json\/wp\/v2\/pages\/9\/revisions"}],"predecessor-version":[{"id":334,"href":"https:\/\/cij.hu\/en\/wp-json\/wp\/v2\/pages\/9\/revisions\/334"}],"wp:attachment":[{"href":"https:\/\/cij.hu\/en\/wp-json\/wp\/v2\/media?parent=9"}],"curies":[{"name":"wp","href":"https:\/\/api.w.org\/{rel}","templated":true}]}}