{"id":1002,"date":"2018-07-31T17:42:18","date_gmt":"2018-07-31T16:42:18","guid":{"rendered":"http:\/\/cij.hu\/hu\/?page_id=1002"},"modified":"2022-08-25T19:19:01","modified_gmt":"2022-08-25T18:19:01","slug":"lopakodo-szerkesztes-stealth-fighter","status":"publish","type":"page","link":"https:\/\/cij.hu\/hu\/programok\/lopakodo-szerkesztes-stealth-fighter\/","title":{"rendered":"Lopakod\u00f3 szerkeszt\u00e9s\/Stealth Fighter"},"content":{"rendered":"\n<p><span style=\"font-weight: 400;\">Stealth Fighter&nbsp;\u2013 ford\u00edtott pl\u00e1giumkeres\u0151 az etikus \u00fajs\u00e1g\u00edr\u00e1s\u00e9rt<\/span><\/p>\n\n\n\n<p><span style=\"font-weight: 400;\">A Google Digital News Initiative p\u00e1ly\u00e1zati t\u00e1mogat\u00e1s\u00e1t elnyerve, a F\u00fcggetlen M\u00e9diak\u00f6zpont 2017 augusztus\u00e1ban elind\u00edtotta a \u201c<\/span><a href=\"https:\/\/newsinitiative.withgoogle.com\/dnifund\/dni-projects\/stealth-fighter-wayback-machine-ethical-journalism\/\" target=\"_blank\" rel=\"noreferrer noopener\"><span style=\"font-weight: 400;\">Stealth Fighter \u2013 A Wayback Machine of Ethical Journalism<\/span><\/a><span style=\"font-weight: 400;\">\u201d c\u00edm\u0171 projektj\u00e9t. Ennek c\u00e9lja, hogy digit\u00e1lis eszk\u00f6z\u00f6kkel vil\u00e1g\u00edtson r\u00e1 az ut\u00f3lagos, jel\u00f6letlen jav\u00edt\u00e1sok (angolul: stealth editing) etik\u00e1tlan gyakorlat\u00e1ra az online m\u00e9di\u00e1ban. Az etikus magatart\u00e1s alapj\u00e1n a publik\u00e1ci\u00f3t k\u00f6vet\u0151 korrekci\u00f3t \u00e1tl\u00e1that\u00f3 \u00e9s azonos\u00edthat\u00f3 m\u00f3don kell az olvas\u00f3 tudt\u00e1ra hozni.<\/span><\/p>\n\n\n<div class=\"wp-block-image\">\n<figure class=\"aligncenter\"><img loading=\"lazy\" decoding=\"async\" width=\"300\" height=\"300\" src=\"http:\/\/cij.hu\/hu\/wp-content\/uploads\/2018\/11\/stealth-fighter-300x300.png\" alt=\"\" class=\"wp-image-1190\" srcset=\"https:\/\/cij.hu\/hu\/wp-content\/uploads\/2018\/11\/stealth-fighter-300x300.png 300w, https:\/\/cij.hu\/hu\/wp-content\/uploads\/2018\/11\/stealth-fighter-150x150.png 150w, https:\/\/cij.hu\/hu\/wp-content\/uploads\/2018\/11\/stealth-fighter-768x768.png 768w, https:\/\/cij.hu\/hu\/wp-content\/uploads\/2018\/11\/stealth-fighter-1024x1024.png 1024w, https:\/\/cij.hu\/hu\/wp-content\/uploads\/2018\/11\/stealth-fighter-680x680.png 680w, https:\/\/cij.hu\/hu\/wp-content\/uploads\/2018\/11\/stealth-fighter.png 1280w\" sizes=\"auto, (max-width: 300px) 100vw, 300px\" \/><\/figure>\n<\/div>\n\n\n<p><span style=\"font-weight: 400;\">A projekt eredm\u00e9nyek\u00e9nt \u00faj digit\u00e1lis eszk\u00f6z j\u00f6tt l\u00e9tre Stealth Fighter n\u00e9ven, amellyel nyomon k\u00f6vethet\u0151ek az online tartalom ut\u00f3lagos, jel\u00f6letlen v\u00e1ltoztat\u00e1sai. A ford\u00edtott pl\u00e1giumkeres\u0151k\u00e9nt is felfoghat\u00f3 eszk\u00f6z k\u00e9pes arra, hogy ezeket a v\u00e1ltoztat\u00e1sokat megkeresse, bemutassa \u00e9s a tal\u00e1latokb\u00f3l statisztik\u00e1kat k\u00e9sz\u00edtsen, ami hosszabb t\u00e1von hozz\u00e1j\u00e1rulhat az etik\u00e1tlan szerkeszt\u0151s\u00e9gi m\u00f3dszerek visszaszor\u00edt\u00e1s\u00e1hoz:<\/span><\/p>\n\n\n\n<figure class=\"wp-block-embed is-type-video is-provider-youtube wp-block-embed-youtube wp-embed-aspect-16-9 wp-has-aspect-ratio\"><div class=\"wp-block-embed__wrapper\">\n<iframe loading=\"lazy\" title=\"\u00cdgy haszn\u00e1ld a Stealth Fightert!\" width=\"680\" height=\"383\" src=\"https:\/\/www.youtube.com\/embed\/S5Yk1aH6TA8?feature=oembed\" frameborder=\"0\" allow=\"accelerometer; autoplay; clipboard-write; encrypted-media; gyroscope; picture-in-picture\" allowfullscreen><\/iframe>\n<\/div><\/figure>\n\n\n\n<p>A p\u00e1ly\u00e1zatr\u00f3l a Google Digital News Initiative oldal\u00e1n: <a href=\"https:\/\/newsinitiative.withgoogle.com\/dnifund\/dni-projects\/stealth-fighter-wayback-machine-ethical-journalism\/\" target=\"_blank\" rel=\"noreferrer noopener\">https:\/\/newsinitiative.withgoogle.com\/dnifund\/dni-projects\/stealth-fighter-wayback-machine-ethical-journalism\/<\/a><\/p>\n","protected":false},"excerpt":{"rendered":"<p>Stealth Fighter&nbsp;\u2013 ford\u00edtott pl\u00e1giumkeres\u0151 az etikus \u00fajs\u00e1g\u00edr\u00e1s\u00e9rt A Google Digital News Initiative p\u00e1ly\u00e1zati t\u00e1mogat\u00e1s\u00e1t elnyerve, a F\u00fcggetlen M\u00e9diak\u00f6zpont 2017 augusztus\u00e1ban elind\u00edtotta a \u201cStealth Fighter \u2013 A Wayback Machine of Ethical Journalism\u201d c\u00edm\u0171 projektj\u00e9t. Ennek c\u00e9lja, hogy digit\u00e1lis eszk\u00f6z\u00f6kkel vil\u00e1g\u00edtson r\u00e1 az ut\u00f3lagos, jel\u00f6letlen jav\u00edt\u00e1sok (angolul: stealth editing) etik\u00e1tlan gyakorlat\u00e1ra az online m\u00e9di\u00e1ban. Az etikus magatart\u00e1s [&hellip;]<\/p>\n","protected":false},"author":1,"featured_media":0,"parent":39,"menu_order":900,"comment_status":"closed","ping_status":"closed","template":"","meta":{"_monsterinsights_skip_tracking":false,"_monsterinsights_sitenote_active":false,"_monsterinsights_sitenote_note":"","_monsterinsights_sitenote_category":0,"footnotes":""},"class_list":["post-1002","page","type-page","status-publish","hentry"],"_links":{"self":[{"href":"https:\/\/cij.hu\/hu\/wp-json\/wp\/v2\/pages\/1002","targetHints":{"allow":["GET"]}}],"collection":[{"href":"https:\/\/cij.hu\/hu\/wp-json\/wp\/v2\/pages"}],"about":[{"href":"https:\/\/cij.hu\/hu\/wp-json\/wp\/v2\/types\/page"}],"author":[{"embeddable":true,"href":"https:\/\/cij.hu\/hu\/wp-json\/wp\/v2\/users\/1"}],"replies":[{"embeddable":true,"href":"https:\/\/cij.hu\/hu\/wp-json\/wp\/v2\/comments?post=1002"}],"version-history":[{"count":8,"href":"https:\/\/cij.hu\/hu\/wp-json\/wp\/v2\/pages\/1002\/revisions"}],"predecessor-version":[{"id":2019,"href":"https:\/\/cij.hu\/hu\/wp-json\/wp\/v2\/pages\/1002\/revisions\/2019"}],"up":[{"embeddable":true,"href":"https:\/\/cij.hu\/hu\/wp-json\/wp\/v2\/pages\/39"}],"wp:attachment":[{"href":"https:\/\/cij.hu\/hu\/wp-json\/wp\/v2\/media?parent=1002"}],"curies":[{"name":"wp","href":"https:\/\/api.w.org\/{rel}","templated":true}]}}