{"id":1004,"date":"2018-07-31T17:42:30","date_gmt":"2018-07-31T16:42:30","guid":{"rendered":"http:\/\/cij.hu\/hu\/?page_id=1004"},"modified":"2022-08-25T19:41:48","modified_gmt":"2022-08-25T18:41:48","slug":"trolltalanitas","status":"publish","type":"page","link":"https:\/\/cij.hu\/hu\/programok\/trolltalanitas\/","title":{"rendered":"Trolltalan\u00edt\u00e1s"},"content":{"rendered":"\n<p>A Trolltalan\u00edt\u00e1s (Get the Trolls Out!) eur\u00f3pai fiatalok sz\u00e1m\u00e1ra ind\u00edtott projekt, amelynek c\u00e9lja, hogy r\u00e1vil\u00e1g\u00edtson a kontinensen jelen l\u00e9v\u0151 b\u00e1rmilyen vall\u00e1si alap\u00fa megk\u00fcl\u00f6nb\u00f6ztet\u00e9sre \u00e9s fell\u00e9pjen ez ellen. Partnerszervezetek: Media Diversity Institute (MDI, Egyes\u00fclt Kir\u00e1lys\u00e1g), F\u00fcggetlen M\u00e9diak\u00f6zpont (CIJ, Magyarorsz\u00e1g), Jewish Contribution to an Inclusive Europe (CEJI, Belgium), International League against Racism and Anti-Semitism (Licra, Franciaorsz\u00e1g), Symbiosis (G\u00f6r\u00f6gorsz\u00e1g), Amadeu Antonio Stiftung (N\u00e9metorsz\u00e1g), European Union of Jewish Students (EUJS), European Forum of Muslim Women (EFOMW).<\/p>\n\n\n<div class=\"wp-block-image\">\n<figure class=\"aligncenter size-large\"><img loading=\"lazy\" decoding=\"async\" width=\"1024\" height=\"190\" src=\"https:\/\/cij.hu\/hu\/wp-content\/uploads\/2022\/08\/get-ther-trolls-out-1024x190.png\" alt=\"\" class=\"wp-image-2029\" srcset=\"https:\/\/cij.hu\/hu\/wp-content\/uploads\/2022\/08\/get-ther-trolls-out-1024x190.png 1024w, https:\/\/cij.hu\/hu\/wp-content\/uploads\/2022\/08\/get-ther-trolls-out-300x56.png 300w, https:\/\/cij.hu\/hu\/wp-content\/uploads\/2022\/08\/get-ther-trolls-out-768x143.png 768w, https:\/\/cij.hu\/hu\/wp-content\/uploads\/2022\/08\/get-ther-trolls-out-680x126.png 680w, https:\/\/cij.hu\/hu\/wp-content\/uploads\/2022\/08\/get-ther-trolls-out.png 1226w\" sizes=\"auto, (max-width: 1024px) 100vw, 1024px\" \/><\/figure>\n<\/div>\n\n\n<p>A projektben r\u00e9szt vev\u0151 partnerek visszautas\u00edtj\u00e1k a vall\u00e1si alapon t\u00f6rt\u00e9n\u0151 megb\u00e9lyegz\u00e9st t\u00f6rt\u00e9njen az a hagyom\u00e1nyos vagy a k\u00f6z\u00f6ss\u00e9gi m\u00e9di\u00e1ban, csak\u00fagy, mint a h\u00e9tk\u00f6znapokban. A trolltalan\u00edt\u00e1s keret\u00e9ben reag\u00e1lni k\u00edv\u00e1nnak az er\u0151s\u00f6d\u0151 antiszemitizmusra \u00e9s iszlamof\u00f3bi\u00e1ra, amely egyre gyakoribb a k\u00f6zszerepl\u0151k megnyilatkoz\u00e1saiban \u00e9s a k\u00fcl\u00f6nb\u00f6z\u0151 m\u00e9diafel\u00fcleteken. Foglalkoznak azzal a vesz\u00e9llyel is, hogy ezek a jelens\u00e9gek egyre ink\u00e1bb t\u00e9rt h\u00f3d\u00edtanak a fiatalok k\u00f6r\u00e9ben. A k\u00f6zbesz\u00e9dben megjelen\u0151 megb\u00e9lyegz\u0151 megnyilv\u00e1nul\u00e1sokra, f\u00e9lre\u00e9rtelmez\u00e9sekre \u00e9s manipul\u00e1ci\u00f3kra kreat\u00edv, oktat\u00e1si c\u00e9lzat\u00fa, szatirikus, dr\u00e1mapedag\u00f3giai \u00e9s t\u00e9nyszer\u0171 \u00fczenetekkel v\u00e1laszolnak.<\/p>\n\n\n\n<p>A tev\u00e9kenys\u00e9g r\u00e9szek\u00e9nt a F\u00fcggetlen M\u00e9diak\u00f6zpont k\u00f6z\u00f6ss\u00e9gi m\u00e9diatartalmakat monitoroz, elemz\u00e9seket k\u00e9sz\u00edt, cikkek \u00e9s <a href=\"https:\/\/getthetrollsout.org\/podcasts?rq=podcast\" target=\"_blank\" rel=\"noreferrer noopener\">podcastok<\/a> el\u0151\u00e1ll\u00edt\u00e1s\u00e1t t\u00e1mogatja \u00e9s nyilv\u00e1nos szakmai rendezv\u00e9nyeket szervez:<\/p>\n\n\n\n<figure class=\"wp-block-embed is-type-video is-provider-youtube wp-block-embed-youtube wp-embed-aspect-16-9 wp-has-aspect-ratio\"><div class=\"wp-block-embed__wrapper\">\n<iframe loading=\"lazy\" title=\"Konte\u00f3k \u00e9s QAnon, avagy felturb\u00f3zott gy\u0171l\u00f6let a k\u00f6z\u00f6ss\u00e9gi m\u00e9di\u00e1ban\" width=\"680\" height=\"383\" src=\"https:\/\/www.youtube.com\/embed\/itt7tx383no?feature=oembed\" frameborder=\"0\" allow=\"accelerometer; autoplay; clipboard-write; encrypted-media; gyroscope; picture-in-picture\" allowfullscreen><\/iframe>\n<\/div><\/figure>\n\n\n\n<figure class=\"wp-block-embed is-type-video is-provider-youtube wp-block-embed-youtube wp-embed-aspect-16-9 wp-has-aspect-ratio\"><div class=\"wp-block-embed__wrapper\">\n<iframe loading=\"lazy\" title=\"\u00c1lcivilek \u00e9s korm\u00e1nypropaganda - szakmai kerekasztal-besz\u00e9lget\u00e9s a GONGO-kr\u00f3l\" width=\"680\" height=\"383\" src=\"https:\/\/www.youtube.com\/embed\/RzzpJyjLxsQ?start=30&#038;feature=oembed\" frameborder=\"0\" allow=\"accelerometer; autoplay; clipboard-write; encrypted-media; gyroscope; picture-in-picture\" allowfullscreen><\/iframe>\n<\/div><\/figure>\n\n\n\n<p>Tov\u00e1bbi inform\u00e1ci\u00f3 a nemzetk\u00f6zi projektr\u0151l:\u00a0<a href=\"http:\/\/www.getthetrollsout.org\/\" target=\"_blank\" rel=\"noreferrer noopener\">Get The Trolls Out!<\/a><\/p>\n","protected":false},"excerpt":{"rendered":"<p>A Trolltalan\u00edt\u00e1s (Get the Trolls Out!) eur\u00f3pai fiatalok sz\u00e1m\u00e1ra ind\u00edtott projekt, amelynek c\u00e9lja, hogy r\u00e1vil\u00e1g\u00edtson a kontinensen jelen l\u00e9v\u0151 b\u00e1rmilyen vall\u00e1si alap\u00fa megk\u00fcl\u00f6nb\u00f6ztet\u00e9sre \u00e9s fell\u00e9pjen ez ellen. Partnerszervezetek: Media Diversity Institute (MDI, Egyes\u00fclt Kir\u00e1lys\u00e1g), F\u00fcggetlen M\u00e9diak\u00f6zpont (CIJ, Magyarorsz\u00e1g), Jewish Contribution to an Inclusive Europe (CEJI, Belgium), International League against Racism and Anti-Semitism (Licra, Franciaorsz\u00e1g), Symbiosis [&hellip;]<\/p>\n","protected":false},"author":1,"featured_media":0,"parent":39,"menu_order":400,"comment_status":"closed","ping_status":"closed","template":"","meta":{"_monsterinsights_skip_tracking":false,"_monsterinsights_sitenote_active":false,"_monsterinsights_sitenote_note":"","_monsterinsights_sitenote_category":0,"footnotes":""},"class_list":["post-1004","page","type-page","status-publish","hentry"],"_links":{"self":[{"href":"https:\/\/cij.hu\/hu\/wp-json\/wp\/v2\/pages\/1004","targetHints":{"allow":["GET"]}}],"collection":[{"href":"https:\/\/cij.hu\/hu\/wp-json\/wp\/v2\/pages"}],"about":[{"href":"https:\/\/cij.hu\/hu\/wp-json\/wp\/v2\/types\/page"}],"author":[{"embeddable":true,"href":"https:\/\/cij.hu\/hu\/wp-json\/wp\/v2\/users\/1"}],"replies":[{"embeddable":true,"href":"https:\/\/cij.hu\/hu\/wp-json\/wp\/v2\/comments?post=1004"}],"version-history":[{"count":4,"href":"https:\/\/cij.hu\/hu\/wp-json\/wp\/v2\/pages\/1004\/revisions"}],"predecessor-version":[{"id":2030,"href":"https:\/\/cij.hu\/hu\/wp-json\/wp\/v2\/pages\/1004\/revisions\/2030"}],"up":[{"embeddable":true,"href":"https:\/\/cij.hu\/hu\/wp-json\/wp\/v2\/pages\/39"}],"wp:attachment":[{"href":"https:\/\/cij.hu\/hu\/wp-json\/wp\/v2\/media?parent=1004"}],"curies":[{"name":"wp","href":"https:\/\/api.w.org\/{rel}","templated":true}]}}