{"id":1006,"date":"2018-07-31T17:44:21","date_gmt":"2018-07-31T16:44:21","guid":{"rendered":"http:\/\/cij.hu\/hu\/?page_id=1006"},"modified":"2022-08-02T17:06:18","modified_gmt":"2022-08-02T16:06:18","slug":"romak-a-mediaban","status":"publish","type":"page","link":"https:\/\/cij.hu\/hu\/programok\/romak-a-mediaban\/","title":{"rendered":"Rom\u00e1k a m\u00e9di\u00e1ban"},"content":{"rendered":"<p>A F\u00fcggetlen M\u00e9diak\u00f6zpont fenn\u00e1ll\u00e1sa sor\u00e1n mindig t\u00f6rekedett arra, hogy a kisebbs\u00e9gek, k\u00f6zt\u00fck a rom\u00e1k hangja er\u0151s\u00f6dj\u00f6n a h\u00edrm\u00e9di\u00e1ban. Sz\u00e1mos programmal igyekezett seg\u00edteni a rom\u00e1k \u00e9s nem rom\u00e1k k\u00f6z\u00f6tti p\u00e1rbesz\u00e9det \u00e9s meg\u00e9rt\u00e9st, valamint a rom\u00e1k el\u0151\u00edt\u00e9lett\u0151l mentes \u00e1br\u00e1zol\u00e1s\u00e1t. N\u00e9h\u00e1ny k\u00f6zelm\u00faltbeli, jelent\u0151s program \u00f6sszefoglal\u00f3j\u00e1t itt olvashatj\u00e1k.<\/p>\n<ol>\n<li>\n<h3><a href=\"http:\/\/www.cij.hu\/hu\/info\/nemzetkozi-programok\/romak-itthon-europaban\"><strong>Rom\u00e1k \u2013 itthon Eur\u00f3p\u00e1ban<\/strong><\/a> (Europe: A Homeland for Roma)<\/h3>\n<\/li>\n<\/ol>\n<p>Roma \u00e9s nem roma \u00fajs\u00e1g\u00edr\u00f3k, valamint amerikai \u00fajs\u00e1g\u00edr\u00f3k k\u00f6z\u00f6s munk\u00e1val k\u00e9sz\u00edtettek vide\u00f3s dokumentumfilmeket a Bulg\u00e1ri\u00e1ban, Csehorsz\u00e1gban, Magyarorsz\u00e1gon, Rom\u00e1ni\u00e1ban \u00e9s Szlov\u00e1ki\u00e1ban \u00e9l\u0151 roma k\u00f6z\u00f6ss\u00e9gekr\u0151l 2013-2014-ben. A projekt c\u00e9lja az volt, hogy l\u00e1that\u00f3bb\u00e1 tegye az eur\u00f3pai roma k\u00f6z\u00f6ss\u00e9gek probl\u00e9m\u00e1it \u00e9s hozz\u00e1j\u00e1ruljon a diszkrimin\u00e1ci\u00f3 felsz\u00e1mol\u00e1s\u00e1t \u00e9s a t\u00e1rsadalmi befogad\u00e1st seg\u00edt\u0151 k\u00f6r\u00fclm\u00e9nyek kialak\u00edt\u00e1s\u00e1hoz. A projekt els\u0151 \u00e9v\u00e9ben \u00f6t, egyenk\u00e9nt 15-18 perces film k\u00e9sz\u00fclt. Ezek az epiz\u00f3dok az <a href=\"http:\/\/romahomeland.org\/\">\u00c1lmunk (Our Dream)<\/a> c\u00edm\u0171 honlapon jelentek meg mind az \u00f6t orsz\u00e1g nyelv\u00e9n \u00e9s angolul. 2014-ben tov\u00e1bbi t\u00edz film k\u00e9sz\u00fclt: <a href=\"http:\/\/romahomeland.org\/summer-2014\/\">http:\/\/romahomeland.org\/summer-2014\/<\/a>. Az alkot\u00e1sokb\u00f3l \u00f6ssze\u00e1ll\u00edtott v\u00e1logat\u00e1st a F\u00fcggetlen M\u00e9diak\u00f6zpont 2014 m\u00e1jus\u00e1ban a Szimbi\u00f3zis kultur\u00e1lis antropol\u00f3giai fesztiv\u00e1lon, <em>RomaK\u00e9p M\u0171hely sorozat\u00e1ban, valamint a Wien Museum <\/em><em>Romane Thana c\u00edm\u0171 ki\u00e1ll\u00edt\u00e1s\u00e1nak keret\u00e9ben, 2015 m\u00e1rcius\u00e1ban <\/em>mutatta be<em>.<\/em><\/p>\n<p><em>A projektet a pr\u00e1gai Transitions online kiad\u00f3 \u00e9s m\u00e9diafejleszt\u00e9si szervezet ir\u00e1ny\u00edtotta, egy\u00fcttm\u0171k\u00f6dve a budapesti \u00e9s a bukaresti F\u00fcggetlen M\u00e9diak\u00f6zponttal, a pozsonyi\u00a0 MEMO 98-cal, a sz\u00f3fiai M\u00e9diafejleszt\u00e9si K\u00f6zponttal, a pr\u00e1gai <\/em><a href=\"http:\/\/www.romea.cz\/\">Romea.cz<\/a><em> roma port\u00e1llal, valamint a Miami Egyetem Kommunik\u00e1ci\u00f3s Kar\u00e1val.<\/em> <em>A projektet az Eur\u00f3pa Uni\u00f3 Alapjogi \u00dcgyn\u00f6ks\u00e9ge, az Erste Alap\u00edtv\u00e1ny \u00e9s az Open Society Program on Independent Journalism finansz\u00edrozta.<\/em><\/p>\n<p><em>A projekt log\u00f3ja: <\/em><br \/>\n<img loading=\"lazy\" decoding=\"async\" class=\"size-full wp-image-1034 alignnone\" src=\"http:\/\/cij.hu\/hu\/wp-content\/uploads\/2018\/08\/Rom\u00e1k-itthon_Eur\u00f3p\u00e1ban.jpg\" alt=\"Rom\u00e1k-itthon_Eur\u00f3p\u00e1ban\" width=\"200\" height=\"80\" \/><\/p>\n<ol start=\"2\">\n<li>\n<h3><a href=\"http:\/\/roma.glocalstories.org\/\"><strong>Sz\u00ednesen \u00e9s elfogulatlanul<\/strong><\/a> (<strong>Colorful, but colorblind: Roma beyond Stereotypes<\/strong>)<\/h3>\n<\/li>\n<\/ol>\n<p>A 2010-2011-ben megval\u00f3s\u00edtott nemzetk\u00f6zi projekt c\u00e9lja az volt, hogy a multim\u00e9dia kreat\u00edv eszk\u00f6zeinek\u00a0 alkalmaz\u00e1s\u00e1val \u00a0ellens\u00falyozza a romaellenes sztereot\u00edpi\u00e1kat a kisebbs\u00e9gi t\u00e9m\u00e1kr\u00f3l sz\u00f3l\u00f3 riportokban \u00e9s \u00e1rnyaltabb k\u00e9pet alkosson a Bulg\u00e1ria, Csehorsz\u00e1g, Magyarorsz\u00e1g, Rom\u00e1nia \u00e9s Szlov\u00e1kia ter\u00fclet\u00e9n \u00e9l\u0151 rom\u00e1kr\u00f3l. A roma \u00e9s nem roma \u00fajs\u00e1g\u00edr\u00f3k egy\u00fcttm\u0171k\u00f6d\u00e9s\u00e9re \u00e9p\u00edt\u0151 a projekt emellett t\u00f6rekedett a kult\u00far\u00e1k k\u00f6z\u00f6tti p\u00e1rbesz\u00e9d \u00e9s a k\u00f6lcs\u00f6n\u00f6s meg\u00e9rt\u00e9s el\u0151seg\u00edt\u00e9s\u00e9re is. A projekt sor\u00e1n orsz\u00e1gonk\u00e9nt 10-10 \u00fajs\u00e1g\u00edr\u00f3 ismerkedett meg a video dokumentumfilm-k\u00e9sz\u00edt\u00e9s egyik amerikai m\u00f3dszer\u00e9vel. Az oktat\u00e1st Richard Beckman, a Miami Egyetem vizu\u00e1lis kommunik\u00e1ci\u00f3s tansz\u00e9k\u00e9nek vezet\u0151je ir\u00e1ny\u00edtotta, a technikai tr\u00e9ninget Ben de la Cruz Emmy-d\u00edjas dokumentumfilm producer, a The Washington Post riportere vezette. A m\u0171helyfoglalkoz\u00e1st k\u00f6vet\u0151en a csoportok r\u00f6vid dokumentumfilmeket forgattak roma t\u00e9m\u00e1kr\u00f3l a Miami Egyetem hallgat\u00f3ival egy\u00fctt. A filmek az eredeti nyelveken \u00e9s angolul l\u00e1that\u00f3k a projekt honlapj\u00e1n: <a href=\"http:\/\/roma.glocalstories.org\">http:\/\/roma.glocalstories.org<\/a>, valamint a<\/p>\n<p><a href=\"http:\/\/www.sosinet.hu\">www.sosinet.hu<\/a> oldalon.<\/p>\n<p>2011 m\u00e1jus\u00e1ban az amerikai Hivat\u00e1sos \u00dajs\u00e1g\u00edr\u00f3k Sz\u00f6vets\u00e9ge a\u00a0<a href=\"http:\/\/www.spj.org\/sdxa10.asp\">Sigma Delta Chi-d\u00edjjal<\/a> t\u00fcntette ki a \u201eSz\u00ednesen \u00e9s elfogulatlanul\u201d projektet a digit\u00e1lis m\u00e9dia \u2013 prezent\u00e1ci\u00f3 (f\u00fcggetlen) kateg\u00f3ri\u00e1ban.<\/p>\n<p>A projektet a m\u00e9diafejleszt\u00e9ssel \u00e9s internetes lapkiad\u00e1ssal foglalkoz\u00f3 pr\u00e1gai Transitions szervezet ir\u00e1ny\u00edtotta. Partnerek: a budapesti F\u00fcggetlen M\u00e9diak\u00f6zpont (CIJ), a bukaresti Centrul pentru Jurnalism Independent, a sz\u00f3fiai Media Development Center (MDC) \u00e9s a pozsonyi MEMO\u201998.<\/p>\n<p>A projektet az Eur\u00f3pai Uni\u00f3, a Ny\u00edlt T\u00e1rsadalom Int\u00e9zet M\u00e9dia Programja, az Egyes\u00fclt \u00c1llamok pr\u00e1gai nagyk\u00f6vets\u00e9ge, valamint a Miami Egyetem Kommunik\u00e1ci\u00f3s Kar\u00e1n m\u0171k\u00f6d\u0151 Knight Center for International Media k\u00f6z\u00f6sen finansz\u00edrozta.<\/p>\n<p>A projekt log\u00f3ja:<\/p>\n<p><img loading=\"lazy\" decoding=\"async\" class=\"size-full wp-image-1038 alignnone\" src=\"http:\/\/cij.hu\/hu\/wp-content\/uploads\/2018\/08\/Sz\u00ednesen-\u00e9s-elfogulatlanul.jpg\" alt=\"\" width=\"200\" height=\"167\" \/><\/p>\n<ol start=\"3\">\n<li>\n<h3><strong> Fiatal roma \u00fajs\u00e1g\u00edr\u00f3k &#8211; Eur\u00f3pai Uni\u00f3s projekt <\/strong><\/h3>\n<\/li>\n<\/ol>\n<p>T\u00edz roma \u00fajs\u00e1g\u00edr\u00f3 vett r\u00e9szt 2012 m\u00e1rcius\u00e1t\u00f3l augusztus v\u00e9g\u00e9ig abban a programban, amelynek sor\u00e1n az Eur\u00f3pai Uni\u00f3r\u00f3l \u00e9s a t\u00e1rsadalmi integr\u00e1ci\u00f3r\u00f3l b\u0151v\u00edtett\u00e9k ismereteiket, emellett orsz\u00e1gos szerkeszt\u0151s\u00e9gekben dolgoztak. \u00a0Az Eur\u00f3pai Bizotts\u00e1g, a K\u00fcl\u00fcgyminiszt\u00e9rium \u00e9s az Eur\u00f3pai Parlament kezdem\u00e9nyez\u00e9s\u00e9re ind\u00edtott, az Eur\u00f3pai Uni\u00f3 \u00e1ltal finansz\u00edrozott projekt c\u00e9lja az volt, hogy t\u00e1mogassa egy eur\u00f3pai uni\u00f3s \u00fcgyekben t\u00e1j\u00e9kozott, a t\u00e1rsadalmi felz\u00e1rk\u00f3z\u00e1st ismer\u0151 \u00e9s hitelesen k\u00f6zvet\u00edt\u0151 roma \u00fajs\u00e1g\u00edr\u00f3i k\u00f6z\u00f6ss\u00e9g meger\u0151s\u00f6d\u00e9s\u00e9t, \u00e9s el\u0151seg\u00edtse e t\u00e9m\u00e1k hangs\u00falyosabb megjelen\u00e9s\u00e9t a h\u00edrm\u00e9di\u00e1ban.<\/p>\n<p>A program r\u00e9sztvev\u0151inek a F\u00fcggetlen M\u00e9diak\u00f6zpont t\u00f6bb mint 100 \u00f3r\u00e1s, elm\u00e9leti \u00e9s gyakorlati elemeket \u00f6tv\u00f6z\u0151 felk\u00e9sz\u00edt\u00e9st tartott 2012. m\u00e1rcius-augusztusban az Eur\u00f3pai Uni\u00f3val kapcsolatos \u00e9s \u00fajs\u00e1g\u00edr\u00f3i szempontb\u00f3l fontos ismereteket, az uni\u00f3s \u00e9s az ehhez illeszked\u0151 magyarorsz\u00e1gi roma strat\u00e9gi\u00e1t, a t\u00e1rsadalmi integr\u00e1ci\u00f3 kiemelt ter\u00fcleteit. K\u00fcl\u00f6n el\u0151ad\u00e1ssorozat foglalkozott a roma kult\u00far\u00e1val, t\u00f6rt\u00e9nettel \u00e9s a relev\u00e1ns kutat\u00e1sokkal, a roma \u00fajs\u00e1g\u00edr\u00f3k szerep\u00e9vel. A r\u00e9sztvev\u0151k sz\u00e1mos tal\u00e1lkoz\u00f3n \u00e9s kerekasztal-besz\u00e9lget\u00e9sen vettek r\u00e9szt a politika, a k\u00f6z\u00e9let, az egyh\u00e1zak \u00e9s a kult\u00fara neves k\u00e9pvisel\u0151ivel.<\/p>\n<p>A program r\u00e9sztvev\u0151i szerkeszt\u0151s\u00e9gekben (<em>Duna Telev\u00edzi\u00f3<\/em>, a <em>Gazdas\u00e1gi R\u00e1di\u00f3<\/em>, a <em>Heti V\u00e1lasz Online<\/em>, a <em>h\u00edr24<\/em>, a <em>HVG<\/em>, a <em>Magyar Katolikus R\u00e1di\u00f3<\/em>, a <em>Magyar Telev\u00edzi\u00f3<\/em>, a <em>Magyar T\u00e1virati Iroda<\/em>, a <em>Mandiner<\/em> a <em>N\u00e9pszabads\u00e1g<\/em>, a <em>N\u00e9pszava Online <\/em>\u00e9s az <em>Origo<\/em>) dolgoztak mentorok ir\u00e1ny\u00edt\u00e1s\u00e1val.\u00a0 A gyakorlati munka sor\u00e1n k\u00e9tsz\u00e1z \u00edrott h\u00edrt, tud\u00f3s\u00edt\u00e1st, riportot, valamint r\u00e1di\u00f3s \u00e9s telev\u00edzi\u00f3s anyagot k\u00e9sz\u00edtettek, melyeket a szerkeszt\u0151s\u00e9gek publik\u00e1ltak. A cikkekb\u0151l a <a href=\"http:\/\/www.sosinet.hu\">www.sosinet.hu<\/a> k\u00f6z\u00f6lt <a href=\"http:\/\/www.sosinet.hu\/rovat\/valogatas\/\">v\u00e1logat\u00e1st<\/a>. 2012 \u0151sz\u00e9n az Eur\u00f3pai Parlament budapesti T\u00e1j\u00e9koztat\u00e1si Irod\u00e1ja \u2013 egy\u00fcttm\u0171k\u00f6d\u00e9sben az Eur\u00f3pai Bizotts\u00e1g Magyarorsz\u00e1gi K\u00e9pviselet\u00e9vel \u2013 br\u00fcsszeli tanulm\u00e1nyutat szervezett a fiatal roma \u00fajs\u00e1g\u00edr\u00f3knak. Tov\u00e1bbi inform\u00e1ci\u00f3 a projektr\u0151l <a href=\"http:\/\/www.cij.hu\/hu\/sikeres-program-roma-ujsagiroknak-europai-unios-tamogatassal\">http:\/\/www.cij.hu\/hu\/sikeres-program-roma-ujsagiroknak-europai-unios-tamogatassal<\/a><\/p>\n<ol start=\"4\">\n<li>\n<h3><strong> Roma \u00fajs\u00e1g\u00edr\u00f3gyakornoki program: 11 \u00e9v &#8211; 110 gyakornok <\/strong><\/h3>\n<\/li>\n<\/ol>\n<p>Az 1998-2010-ig \u00e9vente megtartott roma \u00fajs\u00e1g\u00edr\u00f3-gyakornoki programot \u00f6sszesen 110 gyakornok v\u00e9gezte el. A roma \u00fajs\u00e1g\u00edr\u00f3-gyakornoki program c\u00e9lja az volt, hogy tehets\u00e9ges roma fiatalokat felk\u00e9sz\u00edtsen az \u00fajs\u00e1g\u00edr\u00f3i p\u00e1ly\u00e1ra, hosszabb t\u00e1von pedig el\u0151seg\u00edtse, hogy elhelyezkedhessenek \u00fajs\u00e1g\u00edr\u00f3k\u00e9nt a magyarorsz\u00e1gi h\u00edrm\u00e9di\u00e1ban. A tanfolyamok r\u00e9sztvev\u0151i az els\u0151 h\u00f3napokban eg\u00e9sz napos elm\u00e9leti \u00f3r\u00e1kon \u00e9s gyakorlatk\u00f6zpont\u00fa m\u0171helyfoglalkoz\u00e1sokon vettek r\u00e9szt, majd t\u00f6bb h\u00f3napon \u00e1t szerkeszt\u0151s\u00e9gekben gyakornokoskodtak \u00e9s emellett tematikus foglalkoz\u00e1sokra visszaj\u00e1rtak a F\u00fcggetlen M\u00e9diak\u00f6zpontba.<\/p>\n<p>A t\u00f6bb mint t\u00edz \u00e9ven \u00e1t tart\u00f3 program nemzetk\u00f6zi elismer\u00e9sben r\u00e9szes\u00fclt: \u00a0<strong>2009-ben a legjobb 30 eur\u00f3pai diszkrimin\u00e1ci\u00f3-ellenes m\u00e9diaprogram k\u00f6z\u00e9<\/strong> v\u00e1lasztotta az a nemzetk\u00f6zi szak\u00e9rt\u0151i csoport, amely t\u00f6bb mint 150 kezdem\u00e9nyez\u00e9st vizsg\u00e1lt meg. A Nemzetk\u00f6zi \u00dajs\u00e1g\u00edr\u00f3 Sz\u00f6vets\u00e9g (IFJ), az Internews Europe, a Media Diversity Institute (MDI) \u2013 az Eur\u00f3pai Bizotts\u00e1g PROGRESS programj\u00e1nak t\u00e1mogat\u00e1s\u00e1val \u2013 30 orsz\u00e1gban elemezte a diszkrimin\u00e1ci\u00f3 ellen ir\u00e1nyul\u00f3, a soksz\u00edn\u0171s\u00e9get t\u00e1mogat\u00f3, a m\u00e9di\u00e1val egy\u00fcttm\u0171k\u00f6d\u0151 kezdem\u00e9nyez\u00e9seket.<\/p>\n<p>A <strong>belga <\/strong><a href=\"ttp:\/\/www.evensfoundation.be\/en\/index.html\"><strong>Evens Alap\u00edtv\u00e1ny <\/strong><\/a><strong>\u00a02003-ban az \u201einterkultur\u00e1lis oktat\u00e1s\u00e9rt\u201d oda\u00edt\u00e9lt els\u0151 d\u00edj\u00e1val <\/strong>a m\u00e9dia-gyakornoki programot t\u00fcntette ki. A nemzetk\u00f6zi zs\u0171ri \u00fagy v\u00e9lekedett, hogy a Magyarorsz\u00e1gon kezdem\u00e9nyezett, majd Szlov\u00e1ki\u00e1ban, Rom\u00e1ni\u00e1ban \u00e9s Maced\u00f3ni\u00e1ban is elind\u00edtott roma \u00fajs\u00e1g\u00edr\u00f3-gyakornoki program \u201eigen \u00faj\u00edt\u00f3 \u00e9s pozit\u00edv m\u00f3don j\u00e1rult hozz\u00e1 a roma k\u00f6z\u00f6ss\u00e9g \u00e9letk\u00f6r\u00fclm\u00e9nyeinek megv\u00e1ltoztat\u00e1s\u00e1hoz\u201d.<\/p>\n<p>A roma \u00fajs\u00e1g\u00edr\u00f3-gyakornoki programot a t\u00f6bb mint egy \u00e9vtized alatt sz\u00e1mos nemzetk\u00f6zi szervezet \u00e9s int\u00e9zm\u00e9ny t\u00e1mogatta. A programr\u00f3l k\u00e9sz\u00fclt \u00f6sszefoglal\u00f3 t\u00e1j\u00e9koztat\u00f3 magyarul &#8211; <a href=\"http:\/\/www.cij.hu\/hu\/wp-content\/uploads\/2012\/04\/roma_leaflet_hu_2009.pdf\">http:\/\/www.cij.hu\/hu\/wp-content\/uploads\/2012\/04\/roma_leaflet_hu_2009.pdf<\/a><\/p>\n<ol start=\"5\">\n<li>\n<h3><a href=\"http:\/\/www.sosinet.hu\/\"><strong>Sosinet.hu<\/strong><\/a><\/h3>\n<\/li>\n<\/ol>\n<p>A F\u00fcggetlen M\u00e9diak\u00f6zpont 2009-2015-ig m\u0171k\u00f6dtette a <a href=\"http:\/\/www.sosinet.hu\">www.sosinet.hu<\/a> c\u00edm\u0171 online port\u00e1lt, amely t\u00f6bb mint ezer, eredeti, multim\u00e9di\u00e1s tartalmat k\u00f6z\u00f6l a roma k\u00f6z\u00f6ss\u00e9g \u00e9let\u00e9r\u0151l. Roma \u00fajs\u00e1g\u00edr\u00f3k k\u00e9sz\u00edtett\u00e9k a h\u00edreket, interj\u00fakat, riportokat, portr\u00e9kat, blogokat, r\u00e1di\u00f3s \u00e9s vide\u00f3s anyagokat. A projektet a Ny\u00edlt T\u00e1rsadalom Int\u00e9zet Alap\u00edtv\u00e1ny t\u00e1mogatta. A Sosinet.hu-t azzal a c\u00e9llal kezdem\u00e9nyezt\u00e9k a roma \u00fajs\u00e1g\u00edr\u00f3k, hogy v\u00e1ltoztasson a rom\u00e1kr\u00f3l megjelen\u00edtett sztereotip \u00e9s el\u0151\u00edt\u00e9letes k\u00e9pen, nagyobb teret adjon a roma \u00fajs\u00e1g\u00edr\u00f3k \u00e1ltal k\u00e9sz\u00edtett multim\u00e9di\u00e1s tartalomnak, ez\u00e1ltal pedig enyh\u00edtse a roma \u00e9s t\u00f6bbs\u00e9gi t\u00e1rsadalom k\u00f6z\u00f6tti fesz\u00fclts\u00e9geket Magyarorsz\u00e1gon. A projekt keret\u00e9ben a F\u00fcggetlen M\u00e9diak\u00f6zpont \u00e9veken \u00e1t egy\u00fcttm\u0171k\u00f6d\u00f6tt a kassai Roma Sajt\u00f3k\u00f6zponttal \u00e9s a bukaresti F\u00fcggetlen M\u00e9diak\u00f6zponttal, valamint a R\u00e1di\u00f3 C-vel, a Roma Sajt\u00f3k\u00f6zponttal \u00e9s a Romnettel.<\/p>\n<p><img loading=\"lazy\" decoding=\"async\" class=\"size-full wp-image-1040 alignnone\" src=\"http:\/\/cij.hu\/hu\/wp-content\/uploads\/2018\/08\/sosinet.hu_.jpg\" alt=\"\" width=\"120\" height=\"126\" \/><\/p>\n","protected":false},"excerpt":{"rendered":"<p>A F\u00fcggetlen M\u00e9diak\u00f6zpont fenn\u00e1ll\u00e1sa sor\u00e1n mindig t\u00f6rekedett arra, hogy a kisebbs\u00e9gek, k\u00f6zt\u00fck a rom\u00e1k hangja er\u0151s\u00f6dj\u00f6n a h\u00edrm\u00e9di\u00e1ban. Sz\u00e1mos programmal igyekezett seg\u00edteni a rom\u00e1k \u00e9s nem rom\u00e1k k\u00f6z\u00f6tti p\u00e1rbesz\u00e9det \u00e9s meg\u00e9rt\u00e9st, valamint a rom\u00e1k el\u0151\u00edt\u00e9lett\u0151l mentes \u00e1br\u00e1zol\u00e1s\u00e1t. N\u00e9h\u00e1ny k\u00f6zelm\u00faltbeli, jelent\u0151s program \u00f6sszefoglal\u00f3j\u00e1t itt olvashatj\u00e1k. Rom\u00e1k \u2013 itthon Eur\u00f3p\u00e1ban (Europe: A Homeland for Roma) Roma \u00e9s [&hellip;]<\/p>\n","protected":false},"author":1,"featured_media":0,"parent":39,"menu_order":1300,"comment_status":"closed","ping_status":"closed","template":"","meta":{"_monsterinsights_skip_tracking":false,"_monsterinsights_sitenote_active":false,"_monsterinsights_sitenote_note":"","_monsterinsights_sitenote_category":0,"footnotes":""},"class_list":["post-1006","page","type-page","status-publish","hentry"],"_links":{"self":[{"href":"https:\/\/cij.hu\/hu\/wp-json\/wp\/v2\/pages\/1006","targetHints":{"allow":["GET"]}}],"collection":[{"href":"https:\/\/cij.hu\/hu\/wp-json\/wp\/v2\/pages"}],"about":[{"href":"https:\/\/cij.hu\/hu\/wp-json\/wp\/v2\/types\/page"}],"author":[{"embeddable":true,"href":"https:\/\/cij.hu\/hu\/wp-json\/wp\/v2\/users\/1"}],"replies":[{"embeddable":true,"href":"https:\/\/cij.hu\/hu\/wp-json\/wp\/v2\/comments?post=1006"}],"version-history":[{"count":8,"href":"https:\/\/cij.hu\/hu\/wp-json\/wp\/v2\/pages\/1006\/revisions"}],"predecessor-version":[{"id":1041,"href":"https:\/\/cij.hu\/hu\/wp-json\/wp\/v2\/pages\/1006\/revisions\/1041"}],"up":[{"embeddable":true,"href":"https:\/\/cij.hu\/hu\/wp-json\/wp\/v2\/pages\/39"}],"wp:attachment":[{"href":"https:\/\/cij.hu\/hu\/wp-json\/wp\/v2\/media?parent=1006"}],"curies":[{"name":"wp","href":"https:\/\/api.w.org\/{rel}","templated":true}]}}