{"id":1010,"date":"2018-07-31T17:45:25","date_gmt":"2018-07-31T16:45:25","guid":{"rendered":"http:\/\/cij.hu\/hu\/?page_id=1010"},"modified":"2022-08-02T16:57:24","modified_gmt":"2022-08-02T15:57:24","slug":"nemzetkozi-egyuttmukodes","status":"publish","type":"page","link":"https:\/\/cij.hu\/hu\/programok\/nemzetkozi-egyuttmukodes\/","title":{"rendered":"Nemzetk\u00f6zi egy\u00fcttm\u0171k\u00f6d\u00e9s"},"content":{"rendered":"<h3>D\u00e9lkelet-eur\u00f3pai m\u00e9diakil\u00e1t\u00f3 (<a href=\"http:\/\/mediaobservatory.net\/\">South East European Media Observatory<\/a>)<\/h3>\n<p>A F\u00fcggetlen M\u00e9diak\u00f6zpont 2012. novembert\u0151l 2016. novemberig vett r\u00e9szt &#8222;D\u00e9lkelet-eur\u00f3pai M\u00e9diakil\u00e1t\u00f3: A m\u00e9diaintegrit\u00e1s sz\u00e1m\u00edt \u2013 a k\u00f6zszolg\u00e1lati \u00e9rt\u00e9kek visszak\u00f6vetel\u00e9se a m\u00e9di\u00e1ban \u00e9s az \u00fajs\u00e1g\u00edr\u00e1sban\u201d (Media integrity matters \u2013 Reclaiming public service values in media and journalism) c\u00edm\u0171 projektben.<\/p>\n<p>Az Eur\u00f3pai Uni\u00f3 B\u0151v\u00edt\u00e9si Igazgat\u00f3s\u00e1ga \u00e9s t\u00f6bb m\u00e1s szponzor \u00e1ltal finansz\u00edrozott nemzetk\u00f6zi projekt c\u00e9lja az volt, hogy komplex m\u00f3don &#8211; kutat\u00e1si, \u00fajs\u00e1g\u00edr\u00f3i \u00e9s \u00e9rdek\u00e9rv\u00e9nyes\u00edt\u00e9si \u00e9s kommunik\u00e1ci\u00f3s eszk\u00f6z\u00f6kkel &#8211; er\u0151s\u00edtse a m\u00e9dia integrit\u00e1s\u00e1t a d\u00e9lkelet-eur\u00f3pai t\u00e9rs\u00e9gben. Az Eur\u00f3pai Uni\u00f3 \u00e1ltal innovat\u00edvnak \u00e9s sikeresnek \u00e9rt\u00e9kelt projekt civil szervezetek region\u00e1lis egy\u00fcttm\u0171k\u00f6d\u00e9s\u00e9re \u00e9p\u00fclt, egy\u00fattal olyan eszk\u00f6zt is l\u00e9trehozott, amely a partnereket seg\u00edtette a m\u00e9diaszabads\u00e1g \u00e9s a plur\u00e1lis m\u00e9dia er\u0151s\u00edt\u00e9s\u00e9ben, valamint a k\u00f6z jav\u00e1t \u00e9s \u00e9rdek\u00e9t szolg\u00e1l\u00f3 m\u00e9diareformok kidolgoz\u00e1s\u00e1ban \u00e9s \u00e9rv\u00e9nyes\u00edt\u00e9s\u00e9ben a d\u00e9lkelet-eur\u00f3pai orsz\u00e1gokban.<\/p>\n<p>A projektet a <a href=\"http:\/\/www.mirovni-institut.si\/\">Peace Institute, Ljubljana<\/a> ir\u00e1ny\u00edtotta, a F\u00fcggetlen M\u00e9diak\u00f6zponton k\u00edv\u00fcl partnerk\u00e9nt az al\u00e1bbi m\u00e9diafejleszt\u00e9si vagy \u00f6nszab\u00e1lyoz\u00f3 nonprofit szervezetek vettek r\u00e9szt: <a href=\"http:\/\/institutemedia.org\/\">Albanian Media Institute, Tirana<\/a>,\u00a0<a href=\"http:\/\/www.media.ba\/\">Media Center Sarajevo<\/a>,\u00a0\u00a0<a href=\"http:\/\/cin-ijc.com\/en\/\">Investigative Journalism Center, Zagreb<\/a>,\u00a0 <a href=\"http:\/\/www.mim.org.mk\/\">Macedonian Institute for Media, Skopje<\/a>,\u00a0\u00a0<a href=\"http:\/\/www.novinarska-skola.org.rs\/\">Novi Sad School of Journalism<\/a>, <a href=\"http:\/\/imk-ks.org\/\">Kosovo Media Institute<\/a>, <a href=\"http:\/\/www.mminstitute.org\/\">Montenegro Media Institute<\/a> \u00e9s a <a href=\"http:\/\/platform24.org\/en\/\">P24 &#8211; Platform for Independent Journalism<\/a>, valamint egy\u00fcttm\u0171k\u00f6d\u0151 partnerk\u00e9nt a <a href=\"http:\/\/www.theguardian.com\">The Guardian<\/a> c\u00edm\u0171 brit lap.<\/p>\n<p>A projekt weboldala &#8211; <a href=\"http:\/\/mediaobservatory.net\/\">http:\/\/mediaobservatory.net\/<\/a> &#8211; t\u00e1j\u00e9koztat\u00e1st ad a d\u00e9lkelet-eur\u00f3pai m\u00e9di\u00e1val kapcsolatos h\u00edrekr\u0151l, a projekt esem\u00e9nyeir\u0151l, a publik\u00e1lt <a href=\"http:\/\/mediaobservatory.net\/radar\">kutat\u00e1si anyagokr\u00f3l<\/a>, a m\u00e9diapolitikai \u00e9s jogalkot\u00e1si kezdem\u00e9nyez\u00e9sekr\u0151l \u00e9s <a href=\"http:\/\/mediaobservatory.net\/investigative-journalism\">t\u00e9nyfelt\u00e1r\u00f3 cikkekr\u0151l<\/a>.<\/p>\n<p>A F\u00fcggetlen M\u00e9diak\u00f6zpont r\u00e9szt vett a projekt minden egyes komponens\u00e9ben, de f\u0151 feladata az oknyomoz\u00f3 t\u00f6rt\u00e9netek, illetve a m\u00e9dia integrit\u00e1s\u00e1nak er\u0151s\u00edt\u00e9s\u00e9t c\u00e9lz\u00f3 civil szervezetek projektjeinek t\u00e1mogat\u00e1sa volt.<\/p>\n<p><img loading=\"lazy\" decoding=\"async\" class=\"size-full wp-image-1044 alignnone\" src=\"http:\/\/cij.hu\/hu\/wp-content\/uploads\/2018\/08\/SouthEastEuropean-Media-Observatory.jpg\" alt=\"\" width=\"142\" height=\"129\" \/><\/p>\n<h3>Csatlakoz\u00e1sra v\u00e1rva<\/h3>\n<p>A <strong>Csatlakoz\u00e1sra v\u00e1rva<\/strong> <strong>(<\/strong><a href=\"http:\/\/nextinline.eu\/\"><strong>Next in Line<\/strong><\/a><strong>)<\/strong> c\u00edmmel 2012-ben megval\u00f3s\u00edtott nemzetk\u00f6zi \u00fajs\u00e1g\u00edr\u00f3i projekt a m\u00e9di\u00e1n kereszt\u00fcl\u00a0 k\u00edv\u00e1nta k\u00f6zelebbr\u0151l bemutatni az eur\u00f3pai uni\u00f3s tagjel\u00f6lt, valamint a jel\u00f6l\u00e9sre es\u00e9lyes orsz\u00e1gokat a k\u00f6z\u00e9p-eur\u00f3pai \u00e9s m\u00e1s tag\u00e1llamok k\u00f6z\u00f6ns\u00e9g\u00e9nek. Az Eur\u00f3pai Uni\u00f3 \u00e9s az Erste Stiftung t\u00e1rsfinansz\u00edroz\u00e1s\u00e1val megval\u00f3sul\u00f3 projekt c\u00e9lja az volt, hogy r\u00e1vil\u00e1g\u00edtson az Eur\u00f3pai Uni\u00f3 a Nyugat-Balk\u00e1n, T\u00f6r\u00f6korsz\u00e1g \u00e9s Izland fel\u00e9 t\u00f6rt\u00e9n\u0151 b\u0151v\u00edt\u00e9s\u00e9ben rejl\u0151 lehet\u0151s\u00e9gekre \u00e9s kih\u00edv\u00e1sokra.<\/p>\n<p>K\u00f6z\u00e9p-eur\u00f3pai lapok munkat\u00e1rsai utaztak ezekbe az orsz\u00e1gokba, ahol helyb\u00e9li koll\u00e9g\u00e1k seg\u00edtett\u00e9k munk\u00e1jukat, majd az elk\u00e9sz\u00fclt riportokat, cikkeket saj\u00e1t lapjaikban, valamint angol nyelven a Transitions Online oldal\u00e1n k\u00f6z\u00f6lt\u00e9k: <a href=\"http:\/\/nextinline.eu\/category\/stories\/\">http:\/\/nextinline.eu\/category\/stories\/<\/a>.<\/p>\n<p>Magyarorsz\u00e1gon a HVG \u00e9s a Pannon Lapok T\u00e1rsas\u00e1g\u00e1nak n\u00e9gy lapja \u2013 a <a href=\"http:\/\/zalaihirlap.hu\/\"><em>Zalai H\u00edrlap<\/em><\/a><em>, a <\/em><a href=\"http:\/\/www.vasnepe.hu\/\"><em>Vas N\u00e9pe<\/em><\/a>, a <a href=\"http:\/\/naplo-online.hu\/\"><em>Napl\u00f3<\/em><\/a> \u00e9s a <a href=\"http:\/\/fmh.hu\/\"><em>Fej\u00e9r Megyei H\u00edrlap<\/em><\/a> \u2013 publik\u00e1lta a cikkeket. K\u00e9s\u0151bb az EU-s partnerszervezetek megh\u00edvt\u00e1k azokat az \u00fajs\u00e1g\u00edr\u00f3kat, akik haz\u00e1jukban k\u00f6zrem\u0171k\u00f6dtek a cikkek el\u0151k\u00e9sz\u00edt\u00e9s\u00e9ben. A projektet a pr\u00e1gai sz\u00e9khely\u0171 Transitions ir\u00e1ny\u00edtotta, egy\u00fcttm\u0171k\u00f6dve t\u00f6bb k\u00f6z\u00e9p-eur\u00f3pai lappal:\u00a0 <a href=\"http:\/\/wyborcza.pl\/0,0.html\"><em>Gazeta Wyborcza<\/em><\/a> (Lengyelorsz\u00e1g), a <a href=\"http:\/\/respekt.ihned.cz\/\"><em>Respekt<\/em><\/a> (Cseh K\u00f6zt\u00e1rsas\u00e1g), <strong>a <\/strong><a href=\"http:\/\/www.tyzden.sk\/\"><em>Tyzden<\/em><\/a> (Szlov\u00e1kia), valamint a F\u00fcggetlen M\u00e9diak\u00f6zponttal (<a href=\"http:\/\/www.cij.hu\/hu\/\">CIJ<\/a>).<\/p>\n","protected":false},"excerpt":{"rendered":"<p>D\u00e9lkelet-eur\u00f3pai m\u00e9diakil\u00e1t\u00f3 (South East European Media Observatory) A F\u00fcggetlen M\u00e9diak\u00f6zpont 2012. novembert\u0151l 2016. novemberig vett r\u00e9szt &#8222;D\u00e9lkelet-eur\u00f3pai M\u00e9diakil\u00e1t\u00f3: A m\u00e9diaintegrit\u00e1s sz\u00e1m\u00edt \u2013 a k\u00f6zszolg\u00e1lati \u00e9rt\u00e9kek visszak\u00f6vetel\u00e9se a m\u00e9di\u00e1ban \u00e9s az \u00fajs\u00e1g\u00edr\u00e1sban\u201d (Media integrity matters \u2013 Reclaiming public service values in media and journalism) c\u00edm\u0171 projektben. Az Eur\u00f3pai Uni\u00f3 B\u0151v\u00edt\u00e9si Igazgat\u00f3s\u00e1ga \u00e9s t\u00f6bb m\u00e1s szponzor \u00e1ltal [&hellip;]<\/p>\n","protected":false},"author":1,"featured_media":0,"parent":39,"menu_order":1500,"comment_status":"closed","ping_status":"closed","template":"","meta":{"_monsterinsights_skip_tracking":false,"_monsterinsights_sitenote_active":false,"_monsterinsights_sitenote_note":"","_monsterinsights_sitenote_category":0,"footnotes":""},"class_list":["post-1010","page","type-page","status-publish","hentry"],"_links":{"self":[{"href":"https:\/\/cij.hu\/hu\/wp-json\/wp\/v2\/pages\/1010","targetHints":{"allow":["GET"]}}],"collection":[{"href":"https:\/\/cij.hu\/hu\/wp-json\/wp\/v2\/pages"}],"about":[{"href":"https:\/\/cij.hu\/hu\/wp-json\/wp\/v2\/types\/page"}],"author":[{"embeddable":true,"href":"https:\/\/cij.hu\/hu\/wp-json\/wp\/v2\/users\/1"}],"replies":[{"embeddable":true,"href":"https:\/\/cij.hu\/hu\/wp-json\/wp\/v2\/comments?post=1010"}],"version-history":[{"count":8,"href":"https:\/\/cij.hu\/hu\/wp-json\/wp\/v2\/pages\/1010\/revisions"}],"predecessor-version":[{"id":1975,"href":"https:\/\/cij.hu\/hu\/wp-json\/wp\/v2\/pages\/1010\/revisions\/1975"}],"up":[{"embeddable":true,"href":"https:\/\/cij.hu\/hu\/wp-json\/wp\/v2\/pages\/39"}],"wp:attachment":[{"href":"https:\/\/cij.hu\/hu\/wp-json\/wp\/v2\/media?parent=1010"}],"curies":[{"name":"wp","href":"https:\/\/api.w.org\/{rel}","templated":true}]}}