{"id":1255,"date":"2019-02-11T17:46:31","date_gmt":"2019-02-11T16:46:31","guid":{"rendered":"http:\/\/cij.hu\/hu\/?page_id=1255"},"modified":"2022-08-16T07:07:36","modified_gmt":"2022-08-16T06:07:36","slug":"veszelyes-szavak-words-break-bones","status":"publish","type":"page","link":"https:\/\/cij.hu\/hu\/programok\/veszelyes-szavak-words-break-bones\/","title":{"rendered":"Vesz\u00e9lyes szavak \/ Words Break Bones"},"content":{"rendered":"\n<p>Hat\u00e1skelt\u00e9s, f\u00e9lrevezet\u00e9s, megt\u00e9veszt\u00e9s \u00e9s \u00fajs\u00e1g\u00edr\u00f3i nyelvhaszn\u00e1lat<\/p>\n\n\n\n<p>A projekt az \u00fajs\u00e1g\u00edr\u00e1s azon nyelvi eszk\u00f6zeit vette sorra, amelyek seg\u00edtik a manipulat\u00edv \u00e9s f\u00e9lrevezet\u0151 tartalmak, hamis h\u00edrek kisz\u0171r\u00e9s\u00e9t. A program keret\u00e9ben a F\u00fcggetlen M\u00e9diak\u00f6zpont \u2013 nemzetk\u00f6zi tapasztalatok alapj\u00e1n \u2013 hat hazai oktat\u00f3t k\u00e9pzett, akik m\u0171helyfoglalkoz\u00e1sokat tartottak \u00fajs\u00e1g\u00edr\u00f3knak, m\u00e9diaszakos hallgat\u00f3knak \u00e9s h\u00e1tr\u00e1nyos helyzet\u0171 csoportokat seg\u00edt\u0151 civilszervezeteknek.<\/p>\n\n\n\n<p>Oktat\u00e1si seg\u00e9danyagok:<\/p>\n\n\n\n<p><a href=\"https:\/\/cij.hu\/hu\/wp-content\/uploads\/2018\/09\/8_hateskeltes-tipsheet_pageFIN1.pdf\" target=\"_blank\" rel=\"noreferrer noopener\">https:\/\/cij.hu\/hu\/wp-content\/uploads\/2018\/09\/8_hateskeltes-tipsheet_pageFIN1.pdf<\/a><\/p>\n\n\n\n<figure class=\"wp-block-embed is-type-video is-provider-youtube wp-block-embed-youtube wp-embed-aspect-16-9 wp-has-aspect-ratio\"><div class=\"wp-block-embed__wrapper\">\n<iframe loading=\"lazy\" title=\"Mi az a keretez\u00e9s \u00e9s hogyan manipul\u00e1lnak t\u00e9ged vele?\" width=\"680\" height=\"383\" src=\"https:\/\/www.youtube.com\/embed\/IXxESu-xmA0?feature=oembed\" frameborder=\"0\" allow=\"accelerometer; autoplay; clipboard-write; encrypted-media; gyroscope; picture-in-picture\" allowfullscreen><\/iframe>\n<\/div><\/figure>\n\n\n\n<p>A projektet az Egyes\u00fclt \u00c1llamok budapesti nagyk\u00f6vets\u00e9ge t\u00e1mogatta.<\/p>\n\n\n<div class=\"wp-block-image\">\n<figure class=\"aligncenter size-large\"><img loading=\"lazy\" decoding=\"async\" width=\"270\" height=\"152\" src=\"https:\/\/cij.hu\/hu\/wp-content\/uploads\/2021\/06\/usa-flag.png\" alt=\"\" class=\"wp-image-1736\"\/><\/figure>\n<\/div>","protected":false},"excerpt":{"rendered":"<p>Hat\u00e1skelt\u00e9s, f\u00e9lrevezet\u00e9s, megt\u00e9veszt\u00e9s \u00e9s \u00fajs\u00e1g\u00edr\u00f3i nyelvhaszn\u00e1lat A projekt az \u00fajs\u00e1g\u00edr\u00e1s azon nyelvi eszk\u00f6zeit vette sorra, amelyek seg\u00edtik a manipulat\u00edv \u00e9s f\u00e9lrevezet\u0151 tartalmak, hamis h\u00edrek kisz\u0171r\u00e9s\u00e9t. A program keret\u00e9ben a F\u00fcggetlen M\u00e9diak\u00f6zpont \u2013 nemzetk\u00f6zi tapasztalatok alapj\u00e1n \u2013 hat hazai oktat\u00f3t k\u00e9pzett, akik m\u0171helyfoglalkoz\u00e1sokat tartottak \u00fajs\u00e1g\u00edr\u00f3knak, m\u00e9diaszakos hallgat\u00f3knak \u00e9s h\u00e1tr\u00e1nyos helyzet\u0171 csoportokat seg\u00edt\u0151 civilszervezeteknek. Oktat\u00e1si seg\u00e9danyagok: https:\/\/cij.hu\/hu\/wp-content\/uploads\/2018\/09\/8_hateskeltes-tipsheet_pageFIN1.pdf [&hellip;]<\/p>\n","protected":false},"author":1,"featured_media":0,"parent":39,"menu_order":1200,"comment_status":"closed","ping_status":"closed","template":"","meta":{"_monsterinsights_skip_tracking":false,"_monsterinsights_sitenote_active":false,"_monsterinsights_sitenote_note":"","_monsterinsights_sitenote_category":0,"footnotes":""},"class_list":["post-1255","page","type-page","status-publish","hentry"],"_links":{"self":[{"href":"https:\/\/cij.hu\/hu\/wp-json\/wp\/v2\/pages\/1255","targetHints":{"allow":["GET"]}}],"collection":[{"href":"https:\/\/cij.hu\/hu\/wp-json\/wp\/v2\/pages"}],"about":[{"href":"https:\/\/cij.hu\/hu\/wp-json\/wp\/v2\/types\/page"}],"author":[{"embeddable":true,"href":"https:\/\/cij.hu\/hu\/wp-json\/wp\/v2\/users\/1"}],"replies":[{"embeddable":true,"href":"https:\/\/cij.hu\/hu\/wp-json\/wp\/v2\/comments?post=1255"}],"version-history":[{"count":7,"href":"https:\/\/cij.hu\/hu\/wp-json\/wp\/v2\/pages\/1255\/revisions"}],"predecessor-version":[{"id":2008,"href":"https:\/\/cij.hu\/hu\/wp-json\/wp\/v2\/pages\/1255\/revisions\/2008"}],"up":[{"embeddable":true,"href":"https:\/\/cij.hu\/hu\/wp-json\/wp\/v2\/pages\/39"}],"wp:attachment":[{"href":"https:\/\/cij.hu\/hu\/wp-json\/wp\/v2\/media?parent=1255"}],"curies":[{"name":"wp","href":"https:\/\/api.w.org\/{rel}","templated":true}]}}