{"id":13,"date":"2016-12-05T20:13:12","date_gmt":"2016-12-05T19:13:12","guid":{"rendered":"http:\/\/cij.hu\/hu\/?page_id=13"},"modified":"2016-12-05T20:38:35","modified_gmt":"2016-12-05T19:38:35","slug":"dijak","status":"publish","type":"page","link":"https:\/\/cij.hu\/hu\/dijak\/","title":{"rendered":"D\u00edjak"},"content":{"rendered":"<p><strong>2009: Eur\u00f3pai elismer\u00e9s a magyarorsz\u00e1gi roma \u00fajs\u00e1g\u00edr\u00f3-gyakornoki programnak<\/strong><\/p>\n<p>A F\u00fcggetlen M\u00e9diak\u00f6zpont roma \u00fajs\u00e1g\u00edr\u00f3-gyakornoki programj\u00e1t a legjobb 30 eur\u00f3pai antidiszkrimin\u00e1ci\u00f3s m\u00e9diaprogram k\u00f6z\u00e9 v\u00e1lasztotta az a nemzetk\u00f6zi szak\u00e9rt\u0151i csoport, amely t\u00f6bb mint 150 kezdem\u00e9nyez\u00e9st vizsg\u00e1lt meg.\u00a0Az elismer\u00e9s a t\u00f6bb mint t\u00edz \u00e9ve tart\u00f3 programnak sz\u00f3l, amelynek c\u00e9lja tehets\u00e9ges roma fiatalok felk\u00e9sz\u00edt\u00e9se az \u00fajs\u00e1g\u00edr\u00f3i p\u00e1ly\u00e1ra.\u00a0 A Nemzetk\u00f6zi \u00dajs\u00e1g\u00edr\u00f3 Sz\u00f6vets\u00e9g (IFJ), az Internews Europe, a Media Diversity Institute (MDI) \u2013 az Eur\u00f3pai Bizotts\u00e1g PROGRESS programj\u00e1nak t\u00e1mogat\u00e1s\u00e1val \u2013 2008 m\u00e1jusa \u00f3ta k\u00f6z\u00f6s kutat\u00f3munk\u00e1t v\u00e9gzett \u201e<a href=\"http:\/\/www.media-diversity.org\/articles_publications\/EUL1469_MediaDivers_090514_web_v%5B1%5D.2.0.pdf\" target=\"_blank\">Tanulm\u00e1ny a m\u00e9di\u00e1r\u00f3l \u00e9s a soksz\u00edn\u0171s\u00e9gr\u0151l<\/a>\u201d c\u00edmmel. E munka sor\u00e1n 30 orsz\u00e1gban vizsg\u00e1lt\u00e1k \u00e9s elemezt\u00e9k a dikszkrimin\u00e1ci\u00f3 ellen ir\u00e1nyul\u00f3, a soksz\u00edn\u0171s\u00e9get t\u00e1mogat\u00f3, a m\u00e9di\u00e1val egy\u00fcttm\u0171k\u00f6d\u0151 kezdem\u00e9nyez\u00e9seket.<\/p>\n<p>&nbsp;<\/p>\n<p><strong>2003: Evens-d\u00edj a roma \u00fajs\u00e1g\u00edr\u00f3-gyakornoki programnak<\/strong><\/p>\n<p>A budapesti F\u00fcggetlen M\u00e9diak\u00f6zpont valamint pozsonyi \u00e9s bukaresti partnerk\u00f6zpontjainak <a href=\"http:\/\/cij.hu\/pdf\/roma_leaflet.pdf\" target=\"_blank\">roma \u00fajs\u00e1g\u00edr\u00f3gyakornoki programja<\/a> kapta a belga <a href=\"ttp:\/\/www.evensfoundation.be\/en\/index.html\" target=\"_blank\">Evens Alap\u00edtv\u00e1ny <\/a>\u201einterkultur\u00e1lis oktat\u00e1s\u00e9rt\u201d <a href=\"http:\/\/www.evensfoundation.be\/en\/ice_2003.html\" target=\"_blank\">2003-ban oda\u00edt\u00e9lt <\/a>els\u0151 d\u00edj\u00e1t. A nemzetk\u00f6zi zs\u0171ri egyhang\u00falag \u00fagy v\u00e9lekedett, hogy a Magyarorsz\u00e1gon hat \u00e9vvel ezel\u0151tt kezdem\u00e9nyezett, majd Szlov\u00e1ki\u00e1ban \u00e9s Rom\u00e1ni\u00e1ban is elind\u00edtott roma \u00fajs\u00e1g\u00edr\u00f3gyakornoki program \u201eigen \u00faj\u00edt\u00f3 \u00e9s pozit\u00edv m\u00f3don j\u00e1rult hozz\u00e1 a roma k\u00f6z\u00f6ss\u00e9g \u00e9letk\u00f6r\u00fclm\u00e9nyeinek megv\u00e1ltoztat\u00e1s\u00e1hoz\u201d, s olyan fontos el\u0151rel\u00e9p\u00e9s, amely hat\u00e1s\u00e1t \u00e9rezteti a t\u00f6bbs\u00e9gi m\u00e9di\u00e1ban \u00e9s t\u00e1rsadalomban.<\/p>\n<p>Az Evens Alap\u00edtv\u00e1nyt 1996-ban Georges Evens \u00e9s Irene Evens-Radzyminska hozta l\u00e9tre Antwerpenben olyan szem\u00e9lyek \u00e9s csoportok t\u00e1mogat\u00e1s\u00e1ra, amelyek az eur\u00f3pai integr\u00e1ci\u00f3hoz \u00e9s \u00e9p\u00edt\u00e9shez val\u00f3 tart\u00f3s hozz\u00e1j\u00e1rul\u00e1suk r\u00e9v\u00e9n el\u0151seg\u00edtik a kultur\u00e1lis \u00e9s t\u00e1rsadalmi k\u00fcl\u00f6nb\u00f6z\u0151s\u00e9gek m\u00e9lyebb tisztelet\u00e9t h\u00e1rom szinten: a kult\u00far\u00e1k k\u00f6zeled\u00e9s\u00e9t el\u0151seg\u00edt\u0151 oktat\u00e1s, a m\u0171v\u00e9szet \u00e9s az irodalom ter\u00e9n.<\/p>\n","protected":false},"excerpt":{"rendered":"<p>2009: Eur\u00f3pai elismer\u00e9s a magyarorsz\u00e1gi roma \u00fajs\u00e1g\u00edr\u00f3-gyakornoki programnak A F\u00fcggetlen M\u00e9diak\u00f6zpont roma \u00fajs\u00e1g\u00edr\u00f3-gyakornoki programj\u00e1t a legjobb 30 eur\u00f3pai antidiszkrimin\u00e1ci\u00f3s m\u00e9diaprogram k\u00f6z\u00e9 v\u00e1lasztotta az a nemzetk\u00f6zi szak\u00e9rt\u0151i csoport, amely t\u00f6bb mint 150 kezdem\u00e9nyez\u00e9st vizsg\u00e1lt meg.\u00a0Az elismer\u00e9s a t\u00f6bb mint t\u00edz \u00e9ve tart\u00f3 programnak sz\u00f3l, amelynek c\u00e9lja tehets\u00e9ges roma fiatalok felk\u00e9sz\u00edt\u00e9se az \u00fajs\u00e1g\u00edr\u00f3i p\u00e1ly\u00e1ra.\u00a0 A Nemzetk\u00f6zi \u00dajs\u00e1g\u00edr\u00f3 [&hellip;]<\/p>\n","protected":false},"author":1,"featured_media":0,"parent":0,"menu_order":500,"comment_status":"closed","ping_status":"closed","template":"","meta":{"_monsterinsights_skip_tracking":false,"_monsterinsights_sitenote_active":false,"_monsterinsights_sitenote_note":"","_monsterinsights_sitenote_category":0,"footnotes":""},"class_list":["post-13","page","type-page","status-publish","hentry"],"_links":{"self":[{"href":"https:\/\/cij.hu\/hu\/wp-json\/wp\/v2\/pages\/13","targetHints":{"allow":["GET"]}}],"collection":[{"href":"https:\/\/cij.hu\/hu\/wp-json\/wp\/v2\/pages"}],"about":[{"href":"https:\/\/cij.hu\/hu\/wp-json\/wp\/v2\/types\/page"}],"author":[{"embeddable":true,"href":"https:\/\/cij.hu\/hu\/wp-json\/wp\/v2\/users\/1"}],"replies":[{"embeddable":true,"href":"https:\/\/cij.hu\/hu\/wp-json\/wp\/v2\/comments?post=13"}],"version-history":[{"count":4,"href":"https:\/\/cij.hu\/hu\/wp-json\/wp\/v2\/pages\/13\/revisions"}],"predecessor-version":[{"id":28,"href":"https:\/\/cij.hu\/hu\/wp-json\/wp\/v2\/pages\/13\/revisions\/28"}],"wp:attachment":[{"href":"https:\/\/cij.hu\/hu\/wp-json\/wp\/v2\/media?parent=13"}],"curies":[{"name":"wp","href":"https:\/\/api.w.org\/{rel}","templated":true}]}}