{"id":1406,"date":"2019-09-30T17:29:43","date_gmt":"2019-09-30T16:29:43","guid":{"rendered":"http:\/\/cij.hu\/hu\/?page_id=1406"},"modified":"2022-08-16T07:08:08","modified_gmt":"2022-08-16T06:08:08","slug":"30-ev-utan-a-rendszervaltas-hagyateka","status":"publish","type":"page","link":"https:\/\/cij.hu\/hu\/programok\/30-ev-utan-a-rendszervaltas-hagyateka\/","title":{"rendered":"30 \u00e9v ut\u00e1n: a rendszerv\u00e1lt\u00e1s hagyat\u00e9ka"},"content":{"rendered":"\n<p>A projekt c\u00e9lja, hogy felid\u00e9zze, mik\u00e9nt j\u00e1rult hozz\u00e1 a rendszerv\u00e1lt\u00e1s Magyarorsz\u00e1g nemzetk\u00f6zi kapcsolatrendszer\u00e9nek az \u00e1talakul\u00e1s\u00e1hoz. A program keret\u00e9ben a F\u00fcggetlen M\u00e9diak\u00f6zpont a budapesti Goethe Int\u00e9zettel k\u00f6z\u00f6sen konferenci\u00e1t szervezett, amelyen \u00e1ttekintett\u00e9k, hogy 1989-90-ben a m\u00e9dia mik\u00e9nt sz\u00e1molt be az orsz\u00e1got \u00e9rint\u0151 nemzetk\u00f6zi k\u00e9rd\u00e9sekr\u0151l. Sz\u00f3 esett arr\u00f3l is, hogyan tud\u00f3s\u00edt ma a hazai sajt\u00f3 a transzatlanti kapcsolatokr\u00f3l:<\/p>\n\n\n\n<figure class=\"wp-block-embed is-type-video is-provider-youtube wp-block-embed-youtube wp-embed-aspect-16-9 wp-has-aspect-ratio\"><div class=\"wp-block-embed__wrapper\">\n<iframe loading=\"lazy\" title=\"30 \u00e9v m\u00falt\u00e1n \u2013 A rendszerv\u00e1lt\u00e1s a nemzetk\u00f6zi sajt\u00f3 t\u00fckr\u00e9ben\" width=\"680\" height=\"383\" src=\"https:\/\/www.youtube.com\/embed\/XW_nSKwgVrQ?feature=oembed\" frameborder=\"0\" allow=\"accelerometer; autoplay; clipboard-write; encrypted-media; gyroscope; picture-in-picture\" allowfullscreen><\/iframe>\n<\/div><\/figure>\n\n\n\n<p>Emellett a M\u00e9diak\u00f6zpont t\u00e1mogatta olyan podcastok elk\u00e9sz\u00edt\u00e9s\u00e9t, amelyek a rendszerv\u00e1lt\u00e1s hagyat\u00e9k\u00e1t eleven\u00edtett\u00e9k fel.<\/p>\n\n\n\n<p>A projektet az Egyes\u00fclt \u00c1llamok budapesti nagyk\u00f6vets\u00e9ge t\u00e1mogatta.<\/p>\n\n\n<div class=\"wp-block-image\">\n<figure class=\"aligncenter size-large\"><img loading=\"lazy\" decoding=\"async\" width=\"270\" height=\"152\" src=\"https:\/\/cij.hu\/hu\/wp-content\/uploads\/2021\/06\/usa-flag.png\" alt=\"\" class=\"wp-image-1736\"\/><\/figure>\n<\/div>","protected":false},"excerpt":{"rendered":"<p>A projekt c\u00e9lja, hogy felid\u00e9zze, mik\u00e9nt j\u00e1rult hozz\u00e1 a rendszerv\u00e1lt\u00e1s Magyarorsz\u00e1g nemzetk\u00f6zi kapcsolatrendszer\u00e9nek az \u00e1talakul\u00e1s\u00e1hoz. A program keret\u00e9ben a F\u00fcggetlen M\u00e9diak\u00f6zpont a budapesti Goethe Int\u00e9zettel k\u00f6z\u00f6sen konferenci\u00e1t szervezett, amelyen \u00e1ttekintett\u00e9k, hogy 1989-90-ben a m\u00e9dia mik\u00e9nt sz\u00e1molt be az orsz\u00e1got \u00e9rint\u0151 nemzetk\u00f6zi k\u00e9rd\u00e9sekr\u0151l. Sz\u00f3 esett arr\u00f3l is, hogyan tud\u00f3s\u00edt ma a hazai sajt\u00f3 a transzatlanti kapcsolatokr\u00f3l: [&hellip;]<\/p>\n","protected":false},"author":1,"featured_media":0,"parent":39,"menu_order":1100,"comment_status":"closed","ping_status":"closed","template":"","meta":{"_monsterinsights_skip_tracking":false,"_monsterinsights_sitenote_active":false,"_monsterinsights_sitenote_note":"","_monsterinsights_sitenote_category":0,"footnotes":""},"class_list":["post-1406","page","type-page","status-publish","hentry"],"_links":{"self":[{"href":"https:\/\/cij.hu\/hu\/wp-json\/wp\/v2\/pages\/1406","targetHints":{"allow":["GET"]}}],"collection":[{"href":"https:\/\/cij.hu\/hu\/wp-json\/wp\/v2\/pages"}],"about":[{"href":"https:\/\/cij.hu\/hu\/wp-json\/wp\/v2\/types\/page"}],"author":[{"embeddable":true,"href":"https:\/\/cij.hu\/hu\/wp-json\/wp\/v2\/users\/1"}],"replies":[{"embeddable":true,"href":"https:\/\/cij.hu\/hu\/wp-json\/wp\/v2\/comments?post=1406"}],"version-history":[{"count":5,"href":"https:\/\/cij.hu\/hu\/wp-json\/wp\/v2\/pages\/1406\/revisions"}],"predecessor-version":[{"id":2009,"href":"https:\/\/cij.hu\/hu\/wp-json\/wp\/v2\/pages\/1406\/revisions\/2009"}],"up":[{"embeddable":true,"href":"https:\/\/cij.hu\/hu\/wp-json\/wp\/v2\/pages\/39"}],"wp:attachment":[{"href":"https:\/\/cij.hu\/hu\/wp-json\/wp\/v2\/media?parent=1406"}],"curies":[{"name":"wp","href":"https:\/\/api.w.org\/{rel}","templated":true}]}}