{"id":1408,"date":"2019-09-30T17:36:33","date_gmt":"2019-09-30T16:36:33","guid":{"rendered":"http:\/\/cij.hu\/hu\/?page_id=1408"},"modified":"2024-08-30T06:28:40","modified_gmt":"2024-08-30T05:28:40","slug":"mediatudatossag-idosebbek-szamara","status":"publish","type":"page","link":"https:\/\/cij.hu\/hu\/programok\/mediatudatossag-idosebbek-szamara\/","title":{"rendered":"M\u00e9diatudatoss\u00e1g id\u0151sebbek sz\u00e1m\u00e1ra"},"content":{"rendered":"\n<p>A 2019-ben indult projekt a m\u00e9diatudatoss\u00e1got k\u00edv\u00e1nja er\u0151s\u00edteni a 60 \u00e9ve felettiek k\u00f6r\u00e9ben, k\u00fcl\u00f6n\u00f6s tekintettel a vil\u00e1gh\u00e1l\u00f3n terjed\u0151 megt\u00e9veszt\u0151 tartalmakra. A M\u00e9diak\u00f6zpont m\u0171helyfoglalkoz\u00e1sokat tart nyugd\u00edjas k\u00f6z\u00f6ss\u00e9gekben, hogy seg\u00edtse az id\u0151sebbeket a folyamatosan v\u00e1ltoz\u00f3 m\u00e9dia vil\u00e1g\u00e1ban, \u00edgy t\u00e1j\u00e9koz\u00f3d\u00e1si forr\u00e1saik megv\u00e1laszt\u00e1s\u00e1ban \u00e9s a manipulat\u00edv tartalmak kisz\u0171r\u00e9s\u00e9ben. A projekt keret\u00e9ben a F\u00fcggetlen M\u00e9diak\u00f6zpont egy\u00fcttm\u0171k\u00f6dik a <a href=\"https:\/\/nyosz.hu\/\" target=\"_blank\" rel=\"noreferrer noopener\">Magyar Nyugd\u00edjasok Egyes\u00fcleteinek Orsz\u00e1gos Sz\u00f6vets\u00e9g\u00e9vel<\/a> \u00e9s sz\u00e1mos \u00f6nkorm\u00e1nyzati fenntart\u00e1s\u00fa nyugd\u00edjas klubbal.<\/p>\n\n\n<div class=\"wp-block-image\">\n<figure class=\"aligncenter size-full\"><img loading=\"lazy\" decoding=\"async\" width=\"305\" height=\"444\" src=\"https:\/\/cij.hu\/hu\/wp-content\/uploads\/2021\/03\/osszam.jpg\" alt=\"\" class=\"wp-image-1652\" srcset=\"https:\/\/cij.hu\/hu\/wp-content\/uploads\/2021\/03\/osszam.jpg 305w, https:\/\/cij.hu\/hu\/wp-content\/uploads\/2021\/03\/osszam-206x300.jpg 206w\" sizes=\"auto, (max-width: 305px) 100vw, 305px\" \/><\/figure>\n<\/div>\n\n\n<p>A projekt egy region\u00e1lis program r\u00e9sze, amelyet a pr\u00e1gai k\u00f6zpont\u00fa <a href=\"https:\/\/tol.org\/projects\/28862-empowering-senior-citizens-through-media-literacy-skills-toward-more-resilient-and-cohesive-communities-in-the-v4-region\" target=\"_blank\" rel=\"noreferrer noopener\">Transitions<\/a> mediafejleszt\u00e9si szervezet koordin\u00e1l Csehorsz\u00e1gban, Szlov\u00e1ki\u00e1ban \u00e9s Lengyelorsz\u00e1gban.<\/p>\n\n\n\n<p>A projekt r\u00e9szek\u00e9nt k\u00e9sz\u00edtett magyar nyelv\u0171 oktat\u00e1si anyagok \u00e9s kapcsol\u00f3d\u00f3 linkek:<\/p>\n\n\n\n<p><a href=\"https:\/\/cij.hu\/hu\/wp-content\/uploads\/2021\/03\/alhirek.pdf\" target=\"_blank\" rel=\"noreferrer noopener\">https:\/\/cij.hu\/hu\/wp-content\/uploads\/2021\/03\/alhirek.pdf<\/a><\/p>\n\n\n\n<figure class=\"wp-block-embed is-type-video is-provider-youtube wp-block-embed-youtube wp-embed-aspect-16-9 wp-has-aspect-ratio\"><div class=\"wp-block-embed__wrapper\">\n<iframe loading=\"lazy\" title=\"CIJ feliratozas\" width=\"680\" height=\"383\" src=\"https:\/\/www.youtube.com\/embed\/1EEJSgEgDcA?feature=oembed\" frameborder=\"0\" allow=\"accelerometer; autoplay; clipboard-write; encrypted-media; gyroscope; picture-in-picture; web-share\" referrerpolicy=\"strict-origin-when-cross-origin\" allowfullscreen><\/iframe>\n<\/div><\/figure>\n\n\n\n<figure class=\"wp-block-embed is-type-video is-provider-youtube wp-block-embed-youtube wp-embed-aspect-16-9 wp-has-aspect-ratio\"><div class=\"wp-block-embed__wrapper\">\n<iframe loading=\"lazy\" title=\"AJKA TV - Media Literacy Workshop for Seniors on 11 November 2021\" width=\"680\" height=\"383\" src=\"https:\/\/www.youtube.com\/embed\/hmNAIlJpNtk?feature=oembed\" frameborder=\"0\" allow=\"accelerometer; autoplay; clipboard-write; encrypted-media; gyroscope; picture-in-picture; web-share\" referrerpolicy=\"strict-origin-when-cross-origin\" allowfullscreen><\/iframe>\n<\/div><\/figure>\n\n\n\n<figure class=\"wp-block-embed is-type-video is-provider-youtube wp-block-embed-youtube wp-embed-aspect-16-9 wp-has-aspect-ratio\"><div class=\"wp-block-embed__wrapper\">\n<iframe loading=\"lazy\" title=\"Hogyan sz\u0171rhetj\u00fck ki az \u00e1lh\u00edreket\" width=\"680\" height=\"383\" src=\"https:\/\/www.youtube.com\/embed\/b-2HB072fgY?feature=oembed\" frameborder=\"0\" allow=\"accelerometer; autoplay; clipboard-write; encrypted-media; gyroscope; picture-in-picture; web-share\" referrerpolicy=\"strict-origin-when-cross-origin\" allowfullscreen><\/iframe>\n<\/div><\/figure>\n\n\n\n<p><a href=\"https:\/\/cij.hu\/hu\/wp-content\/uploads\/2018\/09\/8_hateskeltes-tipsheet_pageFIN1.pdf\" target=\"_blank\" rel=\"noreferrer noopener\">https:\/\/cij.hu\/hu\/wp-content\/uploads\/2018\/09\/8_hateskeltes-tipsheet_pageFIN1.pdf<\/a><\/p>\n\n\n\n<figure class=\"wp-block-embed is-type-video is-provider-youtube wp-block-embed-youtube wp-embed-aspect-16-9 wp-has-aspect-ratio\"><div class=\"wp-block-embed__wrapper\">\n<iframe loading=\"lazy\" title=\"Mi az a keretez\u00e9s \u00e9s hogyan manipul\u00e1lnak t\u00e9ged vele?\" width=\"680\" height=\"383\" src=\"https:\/\/www.youtube.com\/embed\/IXxESu-xmA0?feature=oembed\" frameborder=\"0\" allow=\"accelerometer; autoplay; clipboard-write; encrypted-media; gyroscope; picture-in-picture; web-share\" referrerpolicy=\"strict-origin-when-cross-origin\" allowfullscreen><\/iframe>\n<\/div><\/figure>\n\n\n\n<p><\/p>\n\n\n\n<p><a href=\"\/hu\/wp-content\/uploads\/2024\/08\/Kepmanipulacio-Horvath_attila.pdf\" target=\"_blank\" rel=\"noreferrer noopener\">K\u00e9pmanipul\u00e1ci\u00f3 workshop sz\u00f6veges bemutat\u00e1sa &#8211; Horv\u00e1th Attila<\/a><\/p>\n\n\n\n<p><a href=\"\/hu\/wp-content\/uploads\/2024\/08\/Kepmanipulacio-Horvath_attila.pptx\" target=\"_blank\" rel=\"noreferrer noopener\">K\u00e9pmanipul\u00e1ci\u00f3s workshop diasor<\/a><\/p>\n\n\n\n<p><a href=\"https:\/\/eper.elte.hu\/index.php\/2024\/07\/26\/mediatudatossag-idosebbek-szamara-oktatomusor\/\" target=\"_blank\" rel=\"noreferrer noopener\">M\u00e9diatudatoss\u00e1g id\u0151sebbek sz\u00e1m\u00e1ra \u2013 oktat\u00f3m\u0171sor<\/a><\/p>\n\n\n\n<figure class=\"wp-block-embed is-type-video is-provider-youtube wp-block-embed-youtube wp-embed-aspect-16-9 wp-has-aspect-ratio\"><div class=\"wp-block-embed__wrapper\">\n<iframe loading=\"lazy\" title=\"Hogyan ismerj\u00fck fel a hangmanipul\u00e1ci\u00f3t? \u2013 Digit\u00e1lis biztons\u00e1g el\u0151ad\u00e1s 2024.06.26.\" width=\"680\" height=\"383\" src=\"https:\/\/www.youtube.com\/embed\/uK-xm2unoPw?feature=oembed\" frameborder=\"0\" allow=\"accelerometer; autoplay; clipboard-write; encrypted-media; gyroscope; picture-in-picture; web-share\" referrerpolicy=\"strict-origin-when-cross-origin\" allowfullscreen><\/iframe>\n<\/div><\/figure>\n\n\n\n<p>Hogyan ismerj\u00fck fel a hangmanipul\u00e1ci\u00f3t? \u2013 Digit\u00e1lis biztons\u00e1g el\u0151ad\u00e1s 2024.06.26.<br><br>A digit\u00e1lis biztons\u00e1gunkhoz \u00e9s m\u00e9diam\u0171velts\u00e9g\u00fcnkh\u00f6z szorosan hozz\u00e1tartozik, hogy a v\u00e9tlen vagy sz\u00e1nd\u00e9kos manipul\u00e1ci\u00f3t \u2013 k\u00fcl\u00f6n\u00f6sen a digit\u00e1lis korban \u2013 hogyan tudjuk felismerni.<br>K\u00fcl\u00f6n\u00f6sen igaz ez a hangmanipul\u00e1ci\u00f3ra is, amely term\u00e9szetesen k\u00e9sz\u00fclhet m\u0171v\u00e9szeti, oktat\u00e1si, sz\u00f3rakoztat\u00e1si de dezinform\u00e1ci\u00f3s c\u00e9llal is.<br>Ezen a workshopunkon bemutattuk, hogyan \u00e9rdemes \u201ehallgatni\u201d audiotartalmakat \u00e9s felismerni a manipul\u00e1lts\u00e1guk, valamint j\u00f3 gyakorlatokat is megismerhet\u00fcnk ezek oktat\u00e1si, tartalomk\u00e9sz\u00edt\u00e9si c\u00e9l\u00fa felhaszn\u00e1l\u00e1sai kapcs\u00e1n.<br>A tr\u00e9ninget vezeti: Jamrisk\u00f3 Tam\u00e1s<br>A felv\u00e9telt Horv\u00e1th Attila k\u00e9sz\u00edtette.<br><br>Az esem\u00e9ny a m\u00e9diatudatoss\u00e1gi projekt\u00fcnk t\u00e1mogat\u00e1s\u00e1val val\u00f3sult meg.<\/p>\n\n\n\n<p><\/p>\n\n\n\n<p><\/p>\n\n\n\n<p><\/p>\n","protected":false},"excerpt":{"rendered":"<p>A 2019-ben indult projekt a m\u00e9diatudatoss\u00e1got k\u00edv\u00e1nja er\u0151s\u00edteni a 60 \u00e9ve felettiek k\u00f6r\u00e9ben, k\u00fcl\u00f6n\u00f6s tekintettel a vil\u00e1gh\u00e1l\u00f3n terjed\u0151 megt\u00e9veszt\u0151 tartalmakra. A M\u00e9diak\u00f6zpont m\u0171helyfoglalkoz\u00e1sokat tart nyugd\u00edjas k\u00f6z\u00f6ss\u00e9gekben, hogy seg\u00edtse az id\u0151sebbeket a folyamatosan v\u00e1ltoz\u00f3 m\u00e9dia vil\u00e1g\u00e1ban, \u00edgy t\u00e1j\u00e9koz\u00f3d\u00e1si forr\u00e1saik megv\u00e1laszt\u00e1s\u00e1ban \u00e9s a manipulat\u00edv tartalmak kisz\u0171r\u00e9s\u00e9ben. A projekt keret\u00e9ben a F\u00fcggetlen M\u00e9diak\u00f6zpont egy\u00fcttm\u0171k\u00f6dik a Magyar Nyugd\u00edjasok Egyes\u00fcleteinek [&hellip;]<\/p>\n","protected":false},"author":1,"featured_media":0,"parent":39,"menu_order":800,"comment_status":"closed","ping_status":"closed","template":"","meta":{"_monsterinsights_skip_tracking":false,"_monsterinsights_sitenote_active":false,"_monsterinsights_sitenote_note":"","_monsterinsights_sitenote_category":0,"footnotes":""},"class_list":["post-1408","page","type-page","status-publish","hentry"],"_links":{"self":[{"href":"https:\/\/cij.hu\/hu\/wp-json\/wp\/v2\/pages\/1408","targetHints":{"allow":["GET"]}}],"collection":[{"href":"https:\/\/cij.hu\/hu\/wp-json\/wp\/v2\/pages"}],"about":[{"href":"https:\/\/cij.hu\/hu\/wp-json\/wp\/v2\/types\/page"}],"author":[{"embeddable":true,"href":"https:\/\/cij.hu\/hu\/wp-json\/wp\/v2\/users\/1"}],"replies":[{"embeddable":true,"href":"https:\/\/cij.hu\/hu\/wp-json\/wp\/v2\/comments?post=1408"}],"version-history":[{"count":9,"href":"https:\/\/cij.hu\/hu\/wp-json\/wp\/v2\/pages\/1408\/revisions"}],"predecessor-version":[{"id":2387,"href":"https:\/\/cij.hu\/hu\/wp-json\/wp\/v2\/pages\/1408\/revisions\/2387"}],"up":[{"embeddable":true,"href":"https:\/\/cij.hu\/hu\/wp-json\/wp\/v2\/pages\/39"}],"wp:attachment":[{"href":"https:\/\/cij.hu\/hu\/wp-json\/wp\/v2\/media?parent=1408"}],"curies":[{"name":"wp","href":"https:\/\/api.w.org\/{rel}","templated":true}]}}