{"id":1726,"date":"2021-05-24T22:15:07","date_gmt":"2021-05-24T21:15:07","guid":{"rendered":"https:\/\/cij.hu\/hu\/?page_id=1726"},"modified":"2022-08-25T19:14:35","modified_gmt":"2022-08-25T18:14:35","slug":"1945-emlekezete","status":"publish","type":"page","link":"https:\/\/cij.hu\/hu\/programok\/1945-emlekezete\/","title":{"rendered":"1945 eml\u00e9kezete"},"content":{"rendered":"\n<p>A F\u00fcggetlen M\u00e9diak\u00f6zpont \u00e9s a K\u00f6z\u00f6s Halmaz Alap\u00edtv\u00e1ny&nbsp;<a rel=\"noreferrer noopener\" href=\"http:\/\/www.kozoshalmaz.hu\/1945\" target=\"_blank\">projektje<\/a>&nbsp;csal\u00e1di t\u00f6rt\u00e9neteken kereszt\u00fcl eleven\u00edtette fel a m\u00e1sodik vil\u00e1gh\u00e1bor\u00fahoz kapcsol\u00f3d\u00f3 eml\u00e9kez\u00e9st. A c\u00e9l a k\u00fcl\u00f6nb\u00f6z\u0151, gyakran ellent\u00e9tes megk\u00f6zel\u00edt\u00e9sek \u00f6sszevet\u00e9se \u00e9s meg\u00e9rt\u00e9se. A projekt r\u00e9szek\u00e9nt 16 \u00e9s 35 \u00e9v k\u00f6z\u00f6tti fiatalok p\u00e1ly\u00e1zhattak csal\u00e1di t\u00f6rt\u00e9netekkel, amelyek k\u00f6z\u00fcl szakmai zs\u0171ri v\u00e1lasztja ki a legjobbakat. A d\u00edj\u00e1tad\u00f3n r\u00e9szletek hangzottak el a nyertes munk\u00e1kb\u00f3l:<\/p>\n\n\n\n<figure class=\"wp-block-embed is-type-video is-provider-youtube wp-block-embed-youtube wp-embed-aspect-16-9 wp-has-aspect-ratio\"><div class=\"wp-block-embed__wrapper\">\n<iframe loading=\"lazy\" title=\"1945 - A mi t\u00f6rt\u00e9net\u00fcnk p\u00e1ly\u00e1zat - D\u00cdJ\u00c1TAD\u00d3\" width=\"680\" height=\"383\" src=\"https:\/\/www.youtube.com\/embed\/oFzkX3foSsM?feature=oembed\" frameborder=\"0\" allow=\"accelerometer; autoplay; clipboard-write; encrypted-media; gyroscope; picture-in-picture\" allowfullscreen><\/iframe>\n<\/div><\/figure>\n\n\n\n<figure class=\"wp-block-image size-large\"><img loading=\"lazy\" decoding=\"async\" width=\"1024\" height=\"734\" src=\"https:\/\/cij.hu\/hu\/wp-content\/uploads\/2021\/05\/1945-1024x734.jpg\" alt=\"\" class=\"wp-image-1701\" srcset=\"https:\/\/cij.hu\/hu\/wp-content\/uploads\/2021\/05\/1945-1024x734.jpg 1024w, https:\/\/cij.hu\/hu\/wp-content\/uploads\/2021\/05\/1945-300x215.jpg 300w, https:\/\/cij.hu\/hu\/wp-content\/uploads\/2021\/05\/1945-768x550.jpg 768w, https:\/\/cij.hu\/hu\/wp-content\/uploads\/2021\/05\/1945-680x487.jpg 680w, https:\/\/cij.hu\/hu\/wp-content\/uploads\/2021\/05\/1945.jpg 1080w\" sizes=\"auto, (max-width: 1024px) 100vw, 1024px\" \/><\/figure>\n\n\n\n<p>A projekt z\u00e1r\u00e1sak\u00e9nt, a budapesti Goethe Int\u00e9zetben konferenci\u00e1n vitatatt\u00e1k meg, hogy milyen nyomokat hagyott a magyar t\u00e1rsadalomban az 1945-\u00f6s esztend\u0151:<\/p>\n\n\n\n<figure class=\"wp-block-embed is-type-video is-provider-youtube wp-block-embed-youtube wp-embed-aspect-16-9 wp-has-aspect-ratio\"><div class=\"wp-block-embed__wrapper\">\n<iframe loading=\"lazy\" title=\"1945 \u2013 Mindannyiunk t\u00f6rt\u00e9nete - konferencia eml\u00e9kezetkult\u00far\u00e1r\u00f3l \u00e9s a csal\u00e1di traum\u00e1k feldolgoz\u00e1s\u00e1r\u00f3l\" width=\"680\" height=\"383\" src=\"https:\/\/www.youtube.com\/embed\/pfbLtQP9Xug?feature=oembed\" frameborder=\"0\" allow=\"accelerometer; autoplay; clipboard-write; encrypted-media; gyroscope; picture-in-picture\" allowfullscreen><\/iframe>\n<\/div><\/figure>\n\n\n\n<p>T\u00e1mogat\u00f3: az&nbsp;<a rel=\"noreferrer noopener\" href=\"https:\/\/hu.usembassy.gov\/hu\/\" target=\"_blank\">Egyes\u00fclt \u00c1llamok budapesti nagyk\u00f6vets\u00e9ge<\/a><\/p>\n\n\n<div class=\"wp-block-image\">\n<figure class=\"aligncenter size-large\"><img loading=\"lazy\" decoding=\"async\" width=\"270\" height=\"152\" src=\"https:\/\/cij.hu\/hu\/wp-content\/uploads\/2021\/06\/usa-flag.png\" alt=\"\" class=\"wp-image-1736\"\/><\/figure>\n<\/div>","protected":false},"excerpt":{"rendered":"<p>A F\u00fcggetlen M\u00e9diak\u00f6zpont \u00e9s a K\u00f6z\u00f6s Halmaz Alap\u00edtv\u00e1ny&nbsp;projektje&nbsp;csal\u00e1di t\u00f6rt\u00e9neteken kereszt\u00fcl eleven\u00edtette fel a m\u00e1sodik vil\u00e1gh\u00e1bor\u00fahoz kapcsol\u00f3d\u00f3 eml\u00e9kez\u00e9st. A c\u00e9l a k\u00fcl\u00f6nb\u00f6z\u0151, gyakran ellent\u00e9tes megk\u00f6zel\u00edt\u00e9sek \u00f6sszevet\u00e9se \u00e9s meg\u00e9rt\u00e9se. A projekt r\u00e9szek\u00e9nt 16 \u00e9s 35 \u00e9v k\u00f6z\u00f6tti fiatalok p\u00e1ly\u00e1zhattak csal\u00e1di t\u00f6rt\u00e9netekkel, amelyek k\u00f6z\u00fcl szakmai zs\u0171ri v\u00e1lasztja ki a legjobbakat. A d\u00edj\u00e1tad\u00f3n r\u00e9szletek hangzottak el a nyertes munk\u00e1kb\u00f3l: [&hellip;]<\/p>\n","protected":false},"author":1,"featured_media":0,"parent":39,"menu_order":1000,"comment_status":"closed","ping_status":"closed","template":"","meta":{"_monsterinsights_skip_tracking":false,"_monsterinsights_sitenote_active":false,"_monsterinsights_sitenote_note":"","_monsterinsights_sitenote_category":0,"footnotes":""},"class_list":["post-1726","page","type-page","status-publish","hentry"],"_links":{"self":[{"href":"https:\/\/cij.hu\/hu\/wp-json\/wp\/v2\/pages\/1726","targetHints":{"allow":["GET"]}}],"collection":[{"href":"https:\/\/cij.hu\/hu\/wp-json\/wp\/v2\/pages"}],"about":[{"href":"https:\/\/cij.hu\/hu\/wp-json\/wp\/v2\/types\/page"}],"author":[{"embeddable":true,"href":"https:\/\/cij.hu\/hu\/wp-json\/wp\/v2\/users\/1"}],"replies":[{"embeddable":true,"href":"https:\/\/cij.hu\/hu\/wp-json\/wp\/v2\/comments?post=1726"}],"version-history":[{"count":5,"href":"https:\/\/cij.hu\/hu\/wp-json\/wp\/v2\/pages\/1726\/revisions"}],"predecessor-version":[{"id":2016,"href":"https:\/\/cij.hu\/hu\/wp-json\/wp\/v2\/pages\/1726\/revisions\/2016"}],"up":[{"embeddable":true,"href":"https:\/\/cij.hu\/hu\/wp-json\/wp\/v2\/pages\/39"}],"wp:attachment":[{"href":"https:\/\/cij.hu\/hu\/wp-json\/wp\/v2\/media?parent=1726"}],"curies":[{"name":"wp","href":"https:\/\/api.w.org\/{rel}","templated":true}]}}