{"id":1974,"date":"2022-08-02T17:22:31","date_gmt":"2022-08-02T16:22:31","guid":{"rendered":"https:\/\/cij.hu\/hu\/?page_id=1974"},"modified":"2022-08-25T19:55:40","modified_gmt":"2022-08-25T18:55:40","slug":"digitalis-biztonsag-ujsagiroknak","status":"publish","type":"page","link":"https:\/\/cij.hu\/hu\/programok\/digitalis-biztonsag-ujsagiroknak\/","title":{"rendered":"Digit\u00e1lis biztons\u00e1g \u00fajs\u00e1g\u00edr\u00f3knak"},"content":{"rendered":"\n<p>Az <a rel=\"noreferrer noopener\" href=\"https:\/\/internews.org\/\" target=\"_blank\">Internews<\/a> amerikai m\u00e9diafejleszt\u00e9si szervezet \u00e1ltal koordin\u00e1lt projekt c\u00e9lja, hogy er\u0151s\u00edtse a digit\u00e1lis biztons\u00e1got a t\u00e9nyeken alapul\u00f3 \u00fajs\u00e1g\u00edr\u00e1s ir\u00e1nt elk\u00f6telezett szerkeszt\u0151s\u00e9gek k\u00f6r\u00e9ben, t\u00f6bb k\u00f6z\u00e9p- \u00e9s kelet-eur\u00f3pai orsz\u00e1gban.<\/p>\n\n\n<div class=\"wp-block-image\">\n<figure class=\"aligncenter size-full\"><img loading=\"lazy\" decoding=\"async\" width=\"440\" height=\"404\" src=\"https:\/\/cij.hu\/hu\/wp-content\/uploads\/2021\/07\/JSF-Survey-Image-1cr.png\" alt=\"\" class=\"wp-image-1768\" srcset=\"https:\/\/cij.hu\/hu\/wp-content\/uploads\/2021\/07\/JSF-Survey-Image-1cr.png 440w, https:\/\/cij.hu\/hu\/wp-content\/uploads\/2021\/07\/JSF-Survey-Image-1cr-300x275.png 300w\" sizes=\"auto, (max-width: 440px) 100vw, 440px\" \/><\/figure>\n<\/div>\n\n\n<p>A tev\u00e9kenys\u00e9g r\u00e9szek\u00e9nt Magyarorsz\u00e1gon n\u00e9gy szak\u00e9rt\u0151t k\u00e9peznek, akik online szerkeszt\u0151s\u00e9geknek, \u00fajs\u00e1g\u00edr\u00f3knak \u00e9s m\u00e9diaszakos hallgat\u00f3knak tartanak konzult\u00e1ci\u00f3kat. Emellett kutat\u00e1s is k\u00e9sz\u00fcl a hazai digit\u00e1lis biztons\u00e1g helyzet\u00e9r\u0151l.<\/p>\n\n\n\n<p>Hasznos linkek:<\/p>\n\n\n\n<figure class=\"wp-block-embed is-type-video is-provider-youtube wp-block-embed-youtube wp-embed-aspect-16-9 wp-has-aspect-ratio\"><div class=\"wp-block-embed__wrapper\">\n<iframe loading=\"lazy\" title=\"CIJ digital security\" width=\"680\" height=\"383\" src=\"https:\/\/www.youtube.com\/embed\/ChSVbsO8crI?feature=oembed\" frameborder=\"0\" allow=\"accelerometer; autoplay; clipboard-write; encrypted-media; gyroscope; picture-in-picture\" allowfullscreen><\/iframe>\n<\/div><\/figure>\n\n\n\n<figure class=\"wp-block-embed is-type-video is-provider-youtube wp-block-embed-youtube wp-embed-aspect-16-9 wp-has-aspect-ratio\"><div class=\"wp-block-embed__wrapper\">\n<iframe loading=\"lazy\" title=\"Lehallgatott \u00fajs\u00e1g\u00edr\u00f3k, lef\u00fclelt korm\u00e1nyok \u2013 a Pegasus-\u00fcgy itthon \u00e9s k\u00fclf\u00f6ld\u00f6n\" width=\"680\" height=\"383\" src=\"https:\/\/www.youtube.com\/embed\/Uux3Y8JJ0xE?start=400&#038;feature=oembed\" frameborder=\"0\" allow=\"accelerometer; autoplay; clipboard-write; encrypted-media; gyroscope; picture-in-picture\" allowfullscreen><\/iframe>\n<\/div><\/figure>\n","protected":false},"excerpt":{"rendered":"<p>Az Internews amerikai m\u00e9diafejleszt\u00e9si szervezet \u00e1ltal koordin\u00e1lt projekt c\u00e9lja, hogy er\u0151s\u00edtse a digit\u00e1lis biztons\u00e1got a t\u00e9nyeken alapul\u00f3 \u00fajs\u00e1g\u00edr\u00e1s ir\u00e1nt elk\u00f6telezett szerkeszt\u0151s\u00e9gek k\u00f6r\u00e9ben, t\u00f6bb k\u00f6z\u00e9p- \u00e9s kelet-eur\u00f3pai orsz\u00e1gban. A tev\u00e9kenys\u00e9g r\u00e9szek\u00e9nt Magyarorsz\u00e1gon n\u00e9gy szak\u00e9rt\u0151t k\u00e9peznek, akik online szerkeszt\u0151s\u00e9geknek, \u00fajs\u00e1g\u00edr\u00f3knak \u00e9s m\u00e9diaszakos hallgat\u00f3knak tartanak konzult\u00e1ci\u00f3kat. Emellett kutat\u00e1s is k\u00e9sz\u00fcl a hazai digit\u00e1lis biztons\u00e1g helyzet\u00e9r\u0151l. Hasznos linkek:<\/p>\n","protected":false},"author":1,"featured_media":0,"parent":39,"menu_order":300,"comment_status":"closed","ping_status":"closed","template":"","meta":{"_monsterinsights_skip_tracking":false,"_monsterinsights_sitenote_active":false,"_monsterinsights_sitenote_note":"","_monsterinsights_sitenote_category":0,"footnotes":""},"class_list":["post-1974","page","type-page","status-publish","hentry"],"_links":{"self":[{"href":"https:\/\/cij.hu\/hu\/wp-json\/wp\/v2\/pages\/1974","targetHints":{"allow":["GET"]}}],"collection":[{"href":"https:\/\/cij.hu\/hu\/wp-json\/wp\/v2\/pages"}],"about":[{"href":"https:\/\/cij.hu\/hu\/wp-json\/wp\/v2\/types\/page"}],"author":[{"embeddable":true,"href":"https:\/\/cij.hu\/hu\/wp-json\/wp\/v2\/users\/1"}],"replies":[{"embeddable":true,"href":"https:\/\/cij.hu\/hu\/wp-json\/wp\/v2\/comments?post=1974"}],"version-history":[{"count":2,"href":"https:\/\/cij.hu\/hu\/wp-json\/wp\/v2\/pages\/1974\/revisions"}],"predecessor-version":[{"id":2032,"href":"https:\/\/cij.hu\/hu\/wp-json\/wp\/v2\/pages\/1974\/revisions\/2032"}],"up":[{"embeddable":true,"href":"https:\/\/cij.hu\/hu\/wp-json\/wp\/v2\/pages\/39"}],"wp:attachment":[{"href":"https:\/\/cij.hu\/hu\/wp-json\/wp\/v2\/media?parent=1974"}],"curies":[{"name":"wp","href":"https:\/\/api.w.org\/{rel}","templated":true}]}}