{"id":1976,"date":"2022-08-02T17:00:01","date_gmt":"2022-08-02T16:00:01","guid":{"rendered":"https:\/\/cij.hu\/hu\/?page_id=1976"},"modified":"2022-08-16T06:51:25","modified_gmt":"2022-08-16T05:51:25","slug":"a-fuggetlen-media-tamogatasa-belaruszban","status":"publish","type":"page","link":"https:\/\/cij.hu\/hu\/programok\/a-fuggetlen-media-tamogatasa-belaruszban\/","title":{"rendered":"A f\u00fcggetlen m\u00e9dia t\u00e1mogat\u00e1sa Belaruszban"},"content":{"rendered":"\n<p>Az Eur\u00f3pai Uni\u00f3 \u00e1ltal t\u00e1mogatott projekt c\u00e9lja a f\u00fcggetlen m\u00e9dia \u00e9s a t\u00e9nyeken alapul\u00f3 etikus m\u00e9dia t\u00e1mogat\u00e1sa Belaruszban. A tev\u00e9kenys\u00e9g r\u00e9szek\u00e9nt a F\u00fcggetlen M\u00e9diak\u00f6zpont szak\u00e9rt\u0151i poolt \u00e1ll\u00edtott \u00f6ssze, k\u00e9pz\u00e9si tematik\u00e1kat k\u00e9sz\u00edtett, valamint kutat\u00f3munk\u00e1t v\u00e9gez. A Projektet a pr\u00e1gai k\u00f6zpont\u00fa <a href=\"https:\/\/tol.org\/\" target=\"_blank\" rel=\"noreferrer noopener\">Transitions<\/a> koordin\u00e1lja.<\/p>\n\n\n<div class=\"wp-block-image\">\n<figure class=\"aligncenter size-full\"><img loading=\"lazy\" decoding=\"async\" width=\"409\" height=\"91\" src=\"https:\/\/cij.hu\/hu\/wp-content\/uploads\/2022\/08\/Funded-by-EU.png\" alt=\"\" class=\"wp-image-1997\" srcset=\"https:\/\/cij.hu\/hu\/wp-content\/uploads\/2022\/08\/Funded-by-EU.png 409w, https:\/\/cij.hu\/hu\/wp-content\/uploads\/2022\/08\/Funded-by-EU-300x67.png 300w\" sizes=\"auto, (max-width: 409px) 100vw, 409px\" \/><\/figure>\n<\/div>","protected":false},"excerpt":{"rendered":"<p>Az Eur\u00f3pai Uni\u00f3 \u00e1ltal t\u00e1mogatott projekt c\u00e9lja a f\u00fcggetlen m\u00e9dia \u00e9s a t\u00e9nyeken alapul\u00f3 etikus m\u00e9dia t\u00e1mogat\u00e1sa Belaruszban. A tev\u00e9kenys\u00e9g r\u00e9szek\u00e9nt a F\u00fcggetlen M\u00e9diak\u00f6zpont szak\u00e9rt\u0151i poolt \u00e1ll\u00edtott \u00f6ssze, k\u00e9pz\u00e9si tematik\u00e1kat k\u00e9sz\u00edtett, valamint kutat\u00f3munk\u00e1t v\u00e9gez. A Projektet a pr\u00e1gai k\u00f6zpont\u00fa Transitions koordin\u00e1lja.<\/p>\n","protected":false},"author":1,"featured_media":0,"parent":39,"menu_order":1400,"comment_status":"closed","ping_status":"closed","template":"","meta":{"_monsterinsights_skip_tracking":false,"_monsterinsights_sitenote_active":false,"_monsterinsights_sitenote_note":"","_monsterinsights_sitenote_category":0,"footnotes":""},"class_list":["post-1976","page","type-page","status-publish","hentry"],"_links":{"self":[{"href":"https:\/\/cij.hu\/hu\/wp-json\/wp\/v2\/pages\/1976","targetHints":{"allow":["GET"]}}],"collection":[{"href":"https:\/\/cij.hu\/hu\/wp-json\/wp\/v2\/pages"}],"about":[{"href":"https:\/\/cij.hu\/hu\/wp-json\/wp\/v2\/types\/page"}],"author":[{"embeddable":true,"href":"https:\/\/cij.hu\/hu\/wp-json\/wp\/v2\/users\/1"}],"replies":[{"embeddable":true,"href":"https:\/\/cij.hu\/hu\/wp-json\/wp\/v2\/comments?post=1976"}],"version-history":[{"count":2,"href":"https:\/\/cij.hu\/hu\/wp-json\/wp\/v2\/pages\/1976\/revisions"}],"predecessor-version":[{"id":1999,"href":"https:\/\/cij.hu\/hu\/wp-json\/wp\/v2\/pages\/1976\/revisions\/1999"}],"up":[{"embeddable":true,"href":"https:\/\/cij.hu\/hu\/wp-json\/wp\/v2\/pages\/39"}],"wp:attachment":[{"href":"https:\/\/cij.hu\/hu\/wp-json\/wp\/v2\/media?parent=1976"}],"curies":[{"name":"wp","href":"https:\/\/api.w.org\/{rel}","templated":true}]}}