{"id":1982,"date":"2022-08-02T17:16:18","date_gmt":"2022-08-02T16:16:18","guid":{"rendered":"https:\/\/cij.hu\/hu\/?page_id=1982"},"modified":"2022-08-25T19:27:47","modified_gmt":"2022-08-25T18:27:47","slug":"jogaszkepzes-a-kozeletet-korlatozo-perekrol-slapp","status":"publish","type":"page","link":"https:\/\/cij.hu\/hu\/programok\/jogaszkepzes-a-kozeletet-korlatozo-perekrol-slapp\/","title":{"rendered":"Jog\u00e1szk\u00e9pz\u00e9s a k\u00f6z\u00e9letet korl\u00e1toz\u00f3 perekr\u0151l (SLAPP)"},"content":{"rendered":"\n<p>Az Eur\u00f3pai Bizotts\u00e1g t\u00e1mogat\u00e1s\u00e1val 11 uni\u00f3s tag\u00e1llamban indul tov\u00e1bbk\u00e9pz\u00e9s jog\u00e1szoknak a k\u00f6z\u00e9leti r\u00e9szv\u00e9telt akad\u00e1lyoz\u00f3 strat\u00e9giai perek (Strategic Lawsuits Against Public Participation\/SLAPP) t\u00e9mak\u00f6r\u00e9ben. A SLAPP c\u00e9lja, hogy a k\u00f6z\u00e9letben akt\u00edv civileket, \u00fajs\u00e1g\u00edr\u00f3kat jogi elj\u00e1r\u00e1sokkal nyom\u00e1s alatt tartsanak, megf\u00e9leml\u00edts\u00e9k \u0151ket \u00e9s a hosszadalmas peresked\u00e9ssel az er\u0151forr\u00e1saikat lek\u00f6ss\u00e9k. Az Eur\u00f3pai Bizotts\u00e1g ez ellen k\u00edv\u00e1n fell\u00e9pni egy \u00faj ir\u00e1nyelv elfogad\u00e1s\u00e1val, amely lehet\u0151v\u00e9 teszi a b\u00edr\u00f3s\u00e1gok sz\u00e1m\u00e1ra a megalapozatlan peresked\u00e9s le\u00e1ll\u00edt\u00e1s\u00e1t. Egyidej\u0171leg a Bizotts\u00e1g t\u00e1mogatja a most elind\u00edtott PATFox (Pioneering Anti-SLAPP Training for Freedom of Expression) programot, amelynek keret\u00e9ben 11 tag\u00e1llamban tartanak tov\u00e1bbk\u00e9pz\u00e9s jog\u00e1szoknak 2022 \u00e9s 2023 folyam\u00e1n.<\/p>\n\n\n<div class=\"wp-block-image\">\n<figure class=\"aligncenter size-full\"><img loading=\"lazy\" decoding=\"async\" width=\"1000\" height=\"337\" src=\"https:\/\/cij.hu\/hu\/wp-content\/uploads\/2022\/06\/PatFox_final_small.png\" alt=\"\" class=\"wp-image-1953\" srcset=\"https:\/\/cij.hu\/hu\/wp-content\/uploads\/2022\/06\/PatFox_final_small.png 1000w, https:\/\/cij.hu\/hu\/wp-content\/uploads\/2022\/06\/PatFox_final_small-300x101.png 300w, https:\/\/cij.hu\/hu\/wp-content\/uploads\/2022\/06\/PatFox_final_small-768x259.png 768w, https:\/\/cij.hu\/hu\/wp-content\/uploads\/2022\/06\/PatFox_final_small-680x229.png 680w\" sizes=\"auto, (max-width: 1000px) 100vw, 1000px\" \/><\/figure>\n<\/div>\n\n\n<p>SLAPP elleni oktat\u00e1si seg\u00e9danyag is k\u00e9sz\u00fcl, amelyet az\u00a0<a href=\"https:\/\/www.antislapp.eu\/\" target=\"_blank\" rel=\"noreferrer noopener\">antislapp.eu<\/a>\u00a0honlapon tesznek k\u00f6zz\u00e9. Az International Foundation Baltasar Garz\u00f3n (FIBGAR) vezette konzorciumban magyar r\u00e9szr\u0151l a F\u00fcggetlen M\u00e9diak\u00f6zpont vesz r\u00e9szt.<\/p>\n\n\n<div class=\"wp-block-image\">\n<figure class=\"aligncenter size-full\"><img loading=\"lazy\" decoding=\"async\" width=\"409\" height=\"91\" src=\"https:\/\/cij.hu\/hu\/wp-content\/uploads\/2022\/08\/Funded-by-EU.png\" alt=\"\" class=\"wp-image-1997\" srcset=\"https:\/\/cij.hu\/hu\/wp-content\/uploads\/2022\/08\/Funded-by-EU.png 409w, https:\/\/cij.hu\/hu\/wp-content\/uploads\/2022\/08\/Funded-by-EU-300x67.png 300w\" sizes=\"auto, (max-width: 409px) 100vw, 409px\" \/><\/figure>\n<\/div>\n\n\n<p>Vide\u00f3 a F\u00fcggetlen M\u00e9diak\u00f6zpont SLAPP-r\u0151l sz\u00f3l\u00f3 szakmai kerekasztal-besz\u00e9lget\u00e9s\u00e9r\u0151l:<\/p>\n\n\n\n<figure class=\"wp-block-embed is-type-video is-provider-youtube wp-block-embed-youtube wp-embed-aspect-16-9 wp-has-aspect-ratio\"><div class=\"wp-block-embed__wrapper\">\n<iframe loading=\"lazy\" title=\"Vissza\u00e9l\u00e9sszer\u0171 peresked\u00e9s civilek \u00e9s \u00fajs\u00e1g\u00edr\u00f3k ellen \u2013 Mit tehet az EU?\" width=\"680\" height=\"383\" src=\"https:\/\/www.youtube.com\/embed\/a-0dXNtKPxA?start=60&#038;feature=oembed\" frameborder=\"0\" allow=\"accelerometer; autoplay; clipboard-write; encrypted-media; gyroscope; picture-in-picture\" allowfullscreen><\/iframe>\n<\/div><\/figure>\n\n\n\n<p>Tov\u00e1bbi r\u00e9szletek: <a href=\"https:\/\/cij.hu\/hu\/jogaszkepzes-a-kozeletet-korlatozo-perekrol-eu-tamogatassal\" target=\"_blank\" rel=\"noreferrer noopener\">https:\/\/cij.hu\/hu\/jogaszkepzes-a-kozeletet-korlatozo-perekrol-eu-tamogatassal<\/a><\/p>\n","protected":false},"excerpt":{"rendered":"<p>Az Eur\u00f3pai Bizotts\u00e1g t\u00e1mogat\u00e1s\u00e1val 11 uni\u00f3s tag\u00e1llamban indul tov\u00e1bbk\u00e9pz\u00e9s jog\u00e1szoknak a k\u00f6z\u00e9leti r\u00e9szv\u00e9telt akad\u00e1lyoz\u00f3 strat\u00e9giai perek (Strategic Lawsuits Against Public Participation\/SLAPP) t\u00e9mak\u00f6r\u00e9ben. A SLAPP c\u00e9lja, hogy a k\u00f6z\u00e9letben akt\u00edv civileket, \u00fajs\u00e1g\u00edr\u00f3kat jogi elj\u00e1r\u00e1sokkal nyom\u00e1s alatt tartsanak, megf\u00e9leml\u00edts\u00e9k \u0151ket \u00e9s a hosszadalmas peresked\u00e9ssel az er\u0151forr\u00e1saikat lek\u00f6ss\u00e9k. Az Eur\u00f3pai Bizotts\u00e1g ez ellen k\u00edv\u00e1n fell\u00e9pni egy \u00faj ir\u00e1nyelv [&hellip;]<\/p>\n","protected":false},"author":1,"featured_media":0,"parent":39,"menu_order":700,"comment_status":"closed","ping_status":"closed","template":"","meta":{"_monsterinsights_skip_tracking":false,"_monsterinsights_sitenote_active":false,"_monsterinsights_sitenote_note":"","_monsterinsights_sitenote_category":0,"footnotes":""},"class_list":["post-1982","page","type-page","status-publish","hentry"],"_links":{"self":[{"href":"https:\/\/cij.hu\/hu\/wp-json\/wp\/v2\/pages\/1982","targetHints":{"allow":["GET"]}}],"collection":[{"href":"https:\/\/cij.hu\/hu\/wp-json\/wp\/v2\/pages"}],"about":[{"href":"https:\/\/cij.hu\/hu\/wp-json\/wp\/v2\/types\/page"}],"author":[{"embeddable":true,"href":"https:\/\/cij.hu\/hu\/wp-json\/wp\/v2\/users\/1"}],"replies":[{"embeddable":true,"href":"https:\/\/cij.hu\/hu\/wp-json\/wp\/v2\/comments?post=1982"}],"version-history":[{"count":3,"href":"https:\/\/cij.hu\/hu\/wp-json\/wp\/v2\/pages\/1982\/revisions"}],"predecessor-version":[{"id":2024,"href":"https:\/\/cij.hu\/hu\/wp-json\/wp\/v2\/pages\/1982\/revisions\/2024"}],"up":[{"embeddable":true,"href":"https:\/\/cij.hu\/hu\/wp-json\/wp\/v2\/pages\/39"}],"wp:attachment":[{"href":"https:\/\/cij.hu\/hu\/wp-json\/wp\/v2\/media?parent=1982"}],"curies":[{"name":"wp","href":"https:\/\/api.w.org\/{rel}","templated":true}]}}