{"id":1985,"date":"2022-08-02T17:19:15","date_gmt":"2022-08-02T16:19:15","guid":{"rendered":"https:\/\/cij.hu\/hu\/?page_id=1985"},"modified":"2022-08-25T19:29:16","modified_gmt":"2022-08-25T18:29:16","slug":"jogallamisag-podcastban-elbeszelve","status":"publish","type":"page","link":"https:\/\/cij.hu\/hu\/programok\/jogallamisag-podcastban-elbeszelve\/","title":{"rendered":"Jog\u00e1llamis\u00e1g podcastban elbesz\u00e9lve"},"content":{"rendered":"\n<p>A projekt c\u00e9lja a jog\u00e1llamis\u00e1g \u00e9rv\u00e9nyes\u00edt\u00e9s\u00e9nek er\u0151s\u00edt\u00e9se Magyarorsz\u00e1gon. A tev\u00e9kenys\u00e9g r\u00e9szek\u00e9nt a F\u00fcggetlen M\u00e9diak\u00f6zpont tematikus podcast sorozatok elk\u00e9sz\u00edt\u00e9s\u00e9t t\u00e1mogatta \u00e9s szakmai k\u00e9pz\u00e9seket tartott magyar, lengyel, t\u00f6r\u00f6k \u00e9s azeri podcastereknek. A projekt t\u00e1mogat\u00f3ja a <a href=\"https:\/\/www.nhc.nl\/\" target=\"_blank\" rel=\"noreferrer noopener\">Holland Helsinki Bizotts\u00e1g<\/a>.<\/p>\n\n\n<div class=\"wp-block-image\">\n<figure class=\"aligncenter size-large\"><img loading=\"lazy\" decoding=\"async\" width=\"1024\" height=\"986\" src=\"https:\/\/cij.hu\/hu\/wp-content\/uploads\/2021\/02\/20210216_152244-e1613493359600-1024x986.jpg\" alt=\"\" class=\"wp-image-1636\" srcset=\"https:\/\/cij.hu\/hu\/wp-content\/uploads\/2021\/02\/20210216_152244-e1613493359600-1024x986.jpg 1024w, https:\/\/cij.hu\/hu\/wp-content\/uploads\/2021\/02\/20210216_152244-e1613493359600-300x289.jpg 300w, https:\/\/cij.hu\/hu\/wp-content\/uploads\/2021\/02\/20210216_152244-e1613493359600-768x740.jpg 768w, https:\/\/cij.hu\/hu\/wp-content\/uploads\/2021\/02\/20210216_152244-e1613493359600-1536x1480.jpg 1536w, https:\/\/cij.hu\/hu\/wp-content\/uploads\/2021\/02\/20210216_152244-e1613493359600-680x655.jpg 680w, https:\/\/cij.hu\/hu\/wp-content\/uploads\/2021\/02\/20210216_152244-e1613493359600.jpg 1768w\" sizes=\"auto, (max-width: 1024px) 100vw, 1024px\" \/><\/figure>\n<\/div>","protected":false},"excerpt":{"rendered":"<p>A projekt c\u00e9lja a jog\u00e1llamis\u00e1g \u00e9rv\u00e9nyes\u00edt\u00e9s\u00e9nek er\u0151s\u00edt\u00e9se Magyarorsz\u00e1gon. A tev\u00e9kenys\u00e9g r\u00e9szek\u00e9nt a F\u00fcggetlen M\u00e9diak\u00f6zpont tematikus podcast sorozatok elk\u00e9sz\u00edt\u00e9s\u00e9t t\u00e1mogatta \u00e9s szakmai k\u00e9pz\u00e9seket tartott magyar, lengyel, t\u00f6r\u00f6k \u00e9s azeri podcastereknek. A projekt t\u00e1mogat\u00f3ja a Holland Helsinki Bizotts\u00e1g.<\/p>\n","protected":false},"author":1,"featured_media":0,"parent":39,"menu_order":600,"comment_status":"closed","ping_status":"closed","template":"","meta":{"_monsterinsights_skip_tracking":false,"_monsterinsights_sitenote_active":false,"_monsterinsights_sitenote_note":"","_monsterinsights_sitenote_category":0,"footnotes":""},"class_list":["post-1985","page","type-page","status-publish","hentry"],"_links":{"self":[{"href":"https:\/\/cij.hu\/hu\/wp-json\/wp\/v2\/pages\/1985","targetHints":{"allow":["GET"]}}],"collection":[{"href":"https:\/\/cij.hu\/hu\/wp-json\/wp\/v2\/pages"}],"about":[{"href":"https:\/\/cij.hu\/hu\/wp-json\/wp\/v2\/types\/page"}],"author":[{"embeddable":true,"href":"https:\/\/cij.hu\/hu\/wp-json\/wp\/v2\/users\/1"}],"replies":[{"embeddable":true,"href":"https:\/\/cij.hu\/hu\/wp-json\/wp\/v2\/comments?post=1985"}],"version-history":[{"count":2,"href":"https:\/\/cij.hu\/hu\/wp-json\/wp\/v2\/pages\/1985\/revisions"}],"predecessor-version":[{"id":2025,"href":"https:\/\/cij.hu\/hu\/wp-json\/wp\/v2\/pages\/1985\/revisions\/2025"}],"up":[{"embeddable":true,"href":"https:\/\/cij.hu\/hu\/wp-json\/wp\/v2\/pages\/39"}],"wp:attachment":[{"href":"https:\/\/cij.hu\/hu\/wp-json\/wp\/v2\/media?parent=1985"}],"curies":[{"name":"wp","href":"https:\/\/api.w.org\/{rel}","templated":true}]}}