{"id":1988,"date":"2022-08-02T17:20:59","date_gmt":"2022-08-02T16:20:59","guid":{"rendered":"https:\/\/cij.hu\/hu\/?page_id=1988"},"modified":"2022-08-25T19:31:38","modified_gmt":"2022-08-25T18:31:38","slug":"megoldaskozpontu-ujsagiras","status":"publish","type":"page","link":"https:\/\/cij.hu\/hu\/programok\/megoldaskozpontu-ujsagiras\/","title":{"rendered":"Megold\u00e1sk\u00f6zpont\u00fa \u00fajs\u00e1g\u00edr\u00e1s"},"content":{"rendered":"\n<p>A pr\u00e1gai k\u00f6zpont\u00fa Transitions szervezet \u00e1ltal koordin\u00e1lt region\u00e1lis projekt c\u00e9lja a megold\u00e1sk\u00f6zpont\u00fa \u00fajs\u00e1g\u00edr\u00e1s (solutions journalism) m\u00f3dszertan\u00e1nak n\u00e9pszer\u0171s\u00edt\u00e9se \u00e9s \u00e1tad\u00e1sa szerkeszt\u0151s\u00e9gek sz\u00e1m\u00e1ra. A tev\u00e9kenys\u00e9g r\u00e9szek\u00e9nt a F\u00fcggetlen M\u00e9diak\u00f6zpont cikkek elk\u00e9sz\u00edt\u00e9s\u00e9t t\u00e1mogatta \u00e9s <a href=\"https:\/\/cij.hu\/hu\/wp-content\/uploads\/2022\/02\/Toolkit-HUN-24012022.pdf\" target=\"_blank\" rel=\"noreferrer noopener\">k\u00e9pz\u00e9si anyagokat<\/a> k\u00e9sz\u00edtett.<\/p>\n\n\n\n<figure class=\"wp-block-image size-full\"><img loading=\"lazy\" decoding=\"async\" width=\"887\" height=\"320\" src=\"https:\/\/cij.hu\/hu\/wp-content\/uploads\/2021\/03\/soulutions.jpg\" alt=\"\" class=\"wp-image-1658\" srcset=\"https:\/\/cij.hu\/hu\/wp-content\/uploads\/2021\/03\/soulutions.jpg 887w, https:\/\/cij.hu\/hu\/wp-content\/uploads\/2021\/03\/soulutions-300x108.jpg 300w, https:\/\/cij.hu\/hu\/wp-content\/uploads\/2021\/03\/soulutions-768x277.jpg 768w, https:\/\/cij.hu\/hu\/wp-content\/uploads\/2021\/03\/soulutions-680x245.jpg 680w\" sizes=\"auto, (max-width: 887px) 100vw, 887px\" \/><\/figure>\n\n\n\n<p>Tov\u00e1bbi inform\u00e1ci\u00f3: <a href=\"https:\/\/tol.org\/client\/article\/category\/solutions-journalism\" target=\"_blank\" rel=\"noreferrer noopener\">https:\/\/tol.org\/client\/article\/category\/solutions-journalism<\/a><\/p>\n","protected":false},"excerpt":{"rendered":"<p>A pr\u00e1gai k\u00f6zpont\u00fa Transitions szervezet \u00e1ltal koordin\u00e1lt region\u00e1lis projekt c\u00e9lja a megold\u00e1sk\u00f6zpont\u00fa \u00fajs\u00e1g\u00edr\u00e1s (solutions journalism) m\u00f3dszertan\u00e1nak n\u00e9pszer\u0171s\u00edt\u00e9se \u00e9s \u00e1tad\u00e1sa szerkeszt\u0151s\u00e9gek sz\u00e1m\u00e1ra. A tev\u00e9kenys\u00e9g r\u00e9szek\u00e9nt a F\u00fcggetlen M\u00e9diak\u00f6zpont cikkek elk\u00e9sz\u00edt\u00e9s\u00e9t t\u00e1mogatta \u00e9s k\u00e9pz\u00e9si anyagokat k\u00e9sz\u00edtett. Tov\u00e1bbi inform\u00e1ci\u00f3: https:\/\/tol.org\/client\/article\/category\/solutions-journalism<\/p>\n","protected":false},"author":1,"featured_media":0,"parent":39,"menu_order":500,"comment_status":"closed","ping_status":"closed","template":"","meta":{"_monsterinsights_skip_tracking":false,"_monsterinsights_sitenote_active":false,"_monsterinsights_sitenote_note":"","_monsterinsights_sitenote_category":0,"footnotes":""},"class_list":["post-1988","page","type-page","status-publish","hentry"],"_links":{"self":[{"href":"https:\/\/cij.hu\/hu\/wp-json\/wp\/v2\/pages\/1988","targetHints":{"allow":["GET"]}}],"collection":[{"href":"https:\/\/cij.hu\/hu\/wp-json\/wp\/v2\/pages"}],"about":[{"href":"https:\/\/cij.hu\/hu\/wp-json\/wp\/v2\/types\/page"}],"author":[{"embeddable":true,"href":"https:\/\/cij.hu\/hu\/wp-json\/wp\/v2\/users\/1"}],"replies":[{"embeddable":true,"href":"https:\/\/cij.hu\/hu\/wp-json\/wp\/v2\/comments?post=1988"}],"version-history":[{"count":2,"href":"https:\/\/cij.hu\/hu\/wp-json\/wp\/v2\/pages\/1988\/revisions"}],"predecessor-version":[{"id":2027,"href":"https:\/\/cij.hu\/hu\/wp-json\/wp\/v2\/pages\/1988\/revisions\/2027"}],"up":[{"embeddable":true,"href":"https:\/\/cij.hu\/hu\/wp-json\/wp\/v2\/pages\/39"}],"wp:attachment":[{"href":"https:\/\/cij.hu\/hu\/wp-json\/wp\/v2\/media?parent=1988"}],"curies":[{"name":"wp","href":"https:\/\/api.w.org\/{rel}","templated":true}]}}