{"id":207,"date":"2017-01-15T23:56:41","date_gmt":"2017-01-15T22:56:41","guid":{"rendered":"http:\/\/cij.hu\/hu\/?page_id=207"},"modified":"2024-06-03T12:12:32","modified_gmt":"2024-06-03T11:12:32","slug":"eves-jelentesek-2","status":"publish","type":"page","link":"https:\/\/cij.hu\/hu\/a-mediakozpontrol\/eves-jelentesek-2\/","title":{"rendered":"\u00c9ves jelent\u00e9sek"},"content":{"rendered":"<h3>2023<\/h3>\n<p><a href=\"\/hu\/wp-content\/uploads\/2024\/06\/CIJ-eves-beszamolo_2023.pdf\" target=\"_blank\" rel=\"noopener\">Egyszer\u0171s\u00edtett \u00e9ves besz\u00e1mol\u00f3, k\u00f6zhaszn\u00fas\u00e1gi mell\u00e9klet \u00e9s kieg\u00e9sz\u00edt\u0151 mell\u00e9klet 2023. december 31.<\/a><\/p>\n<h3>2022<\/h3>\n<p><a href=\"https:\/\/cij.hu\/hu\/wp-content\/uploads\/2023\/05\/egyszerusitett-eves-beszamolo_2022-es-melleklet.pdf\" target=\"_blank\" rel=\"noopener\">Egyszer\u0171s\u00edtett \u00e9ves besz\u00e1mol\u00f3 \u00e9s k\u00f6zhaszn\u00fas\u00e1gi mell\u00e9klet 2022. december 31.<\/a><\/p>\n<p><a href=\"\/hu\/wp-content\/uploads\/2024\/04\/CIJ_Eves_jelentes2022-melleklet.pdf\" target=\"_blank\" rel=\"noopener\">Kieg\u00e9sz\u00edt\u0151 mell\u00e9klet a 2022. \u00e9vi egyszer\u0171s\u00edtett \u00e9ves besz\u00e1mol\u00f3hoz<\/a><\/p>\n<p><a href=\"\/hu\/wp-content\/uploads\/2023\/10\/Cij-MEK-Angol-nyelvu-merleg-es-eredmenykimutatas-20221231.pdf\" target=\"_blank\" rel=\"noopener\">Simplified Annual Report 2022<\/a><\/p>\n<h3>2021<\/h3>\n<p><a href=\"\/hu\/wp-content\/uploads\/2022\/05\/2021-evi-egyszerusitett-eves-beszamolo-es-kozhasznusagi-melleklet.pdf\" target=\"_blank\" rel=\"noopener\">Egyszer\u0171s\u00edtett \u00e9ves besz\u00e1mol\u00f3 \u00e9s k\u00f6zhaszn\u00fas\u00e1gi mell\u00e9klet 2021. december 31.<\/a><\/p>\n<h3>2020<\/h3>\n<p><a href=\"\/hu\/wp-content\/uploads\/2021\/06\/Eves-beszamolo_2020.-evrol.pdf\" target=\"_blank\" rel=\"noopener\">Egyszer\u0171s\u00edtett \u00e9ves besz\u00e1mol\u00f3 \u00e9s k\u00f6zhaszn\u00fas\u00e1gi mell\u00e9klet 2020. december 31.<\/a><\/p>\n<h3>2019<\/h3>\n<p><a href=\"\/hu\/wp-content\/uploads\/2021\/05\/CIJ-2019-evi-beszamolo_komplett-anyag.pdf\" target=\"_blank\" rel=\"noopener\">Egyszer\u0171s\u00edtett \u00e9ves besz\u00e1mol\u00f3 a 2019. \u00e9vr\u0151l, \u00e9s Besz\u00e1mol\u00f3 a 2019. \u00e9vi szakmai tev\u00e9kenys\u00e9gr\u0151l<\/a><\/p>\n<p><a href=\"\/hu\/wp-content\/uploads\/2021\/05\/Cij-Angol-nyelvu-merleg-es-eredmenykim-2019.pdf\" target=\"_blank\" rel=\"noopener\">Angol nyelv\u0171 m\u00e9rleg \u00e9s eredm\u00e9nykimutat\u00e1s<\/a><\/p>\n<h3>2018<\/h3>\n<p><a href=\"\/hu\/wp-content\/uploads\/2019\/07\/egyszerusitett-eves-beszamolo-2018dec31-es-beszamolo-a-2018-evi-szakmai-tevekenysegrol.pdf\" target=\"_blank\" rel=\"noopener noreferrer\">Egyszer\u0171s\u00edtett \u00e9ves besz\u00e1mol\u00f3 2018. december 31., \u00e9s Besz\u00e1mol\u00f3 a 2018. \u00e9vi szakmai tev\u00e9kenys\u00e9gr\u0151l<\/a><\/p>\n<h3>2017<\/h3>\n<p><a href=\"\/hu\/wp-content\/uploads\/2018\/07\/Beszamolo-a-2017-evi-szakmai-tevekenysegrol.pdf\" target=\"_blank\" rel=\"noopener noreferrer\">Besz\u00e1mol\u00f3 a 2017. \u00e9vi szakmai tev\u00e9kenys\u00e9gr\u0151l<\/a><br \/>\n<a href=\"\/hu\/wp-content\/uploads\/2018\/07\/Egyszerusitett-eves-beszamolo-2017dec31.pdf\" target=\"_blank\" rel=\"noopener noreferrer\">Egyszer\u0171s\u00edtett \u00e9ves besz\u00e1mol\u00f3 2017. december 31.<\/a><\/p>\n<h3>2016<\/h3>\n<p><a href=\"\/hu\/wp-content\/uploads\/2017\/07\/2016_evi_beszamolo-a-tevekenysegrol.pdf\" target=\"_blank\" rel=\"noopener noreferrer\">Besz\u00e1mol\u00f3 a 2016. \u00e9vi tev\u00e9kenys\u00e9gr\u0151l<\/a><br \/>\n<a href=\"\/hu\/wp-content\/uploads\/2017\/07\/Egyszerusitett-eves-beszamolo-2016dec31.pdf\" target=\"_blank\" rel=\"noopener noreferrer\">Egyszer\u0171s\u00edtett \u00e9ves besz\u00e1mol\u00f3 2016. december 31.<\/a><\/p>\n<h3>2015<\/h3>\n<p><a href=\"\/hu\/wp-content\/uploads\/2017\/01\/beszamolo-2015.pdf\" target=\"_blank\" rel=\"noopener noreferrer\">Besz\u00e1mol\u00f3 a 2015. \u00e9vi tev\u00e9kenys\u00e9gr\u0151l<\/a><br \/>\n<a href=\"\/hu\/wp-content\/uploads\/2017\/01\/p\u00e9nz\u00fcgyi-besz\u00e1mol\u00f3-2015.pdf\" target=\"_blank\" rel=\"noopener noreferrer\">Egyszer\u0171s\u00edtett \u00e9ves besz\u00e1mol\u00f3 2015. december 31.<\/a><\/p>\n<h3>2014<\/h3>\n<p><a href=\"\/hu\/wp-content\/uploads\/2017\/01\/beszamolo_szakmai-tevekenyseg_2014.-evre.pdf\" target=\"_blank\" rel=\"noopener noreferrer\">Besz\u00e1mol\u00f3 a 2014. \u00e9vi tev\u00e9kenys\u00e9gr\u0151l<\/a><br \/>\n<a href=\"\/hu\/wp-content\/uploads\/2017\/01\/2014-\u00e9vi-besz\u00e1mol\u00f3.pdf\" target=\"_blank\" rel=\"noopener noreferrer\">2014. \u00e9vi besz\u00e1mol\u00f3<\/a><\/p>\n<h3>2013<\/h3>\n<p><a href=\"\/hu\/wp-content\/uploads\/2017\/01\/eves-jelentes-2013.pdf\" target=\"_blank\" rel=\"noopener noreferrer\">Besz\u00e1mol\u00f3 a 2013. \u00e9vi tev\u00e9kenys\u00e9gr\u0151l<\/a><br \/>\n<a href=\"\/hu\/wp-content\/uploads\/2017\/01\/web_fuggetlen-ujsagirok-alapitvanya_kozhaszn.-jelentes_2013.pdf\" target=\"_blank\" rel=\"noopener noreferrer\">K\u00f6zhaszn\u00fas\u00e1gi jelent\u00e9s \u2013 2013<\/a><\/p>\n<h3>2012<\/h3>\n<p><a href=\"\/hu\/wp-content\/uploads\/2017\/01\/eves_jelentes_2012.pdf\" target=\"_blank\" rel=\"noopener noreferrer\">Besz\u00e1mol\u00f3 a 2012. \u00e9vi tev\u00e9kenys\u00e9gr\u0151l<\/a><br \/>\n<a href=\"\/hu\/wp-content\/uploads\/2017\/01\/kozhasznusagi_jelentes_2012.pdf\" target=\"_blank\" rel=\"noopener noreferrer\">K\u00f6zhaszn\u00fas\u00e1gi jelent\u00e9s \u2013 2012<\/a><\/p>\n<h3>2011<\/h3>\n<p><a href=\"\/hu\/wp-content\/uploads\/2017\/01\/kozhasznusagi-jelentes-2011.pdf\" target=\"_blank\" rel=\"noopener noreferrer\">K\u00f6zhaszn\u00fas\u00e1gi jelent\u00e9s \u2013 2011<\/a><\/p>\n<h3>2010<\/h3>\n<p><a href=\"\/hu\/wp-content\/uploads\/2017\/01\/kozhasznusagi2010.pdf\" target=\"_blank\" rel=\"noopener noreferrer\">K\u00f6zhaszn\u00fas\u00e1gi jelent\u00e9s \u2013 2010<\/a><\/p>\n<h3>2009<\/h3>\n<p><a href=\"\/hu\/wp-content\/uploads\/2017\/01\/kozhasznusagi2009.pdf\" target=\"_blank\" rel=\"noopener noreferrer\">K\u00f6zhaszn\u00fas\u00e1gi jelent\u00e9s \u2013 2009<\/a><\/p>\n<h3>2008<\/h3>\n<p><a href=\"\/hu\/wp-content\/uploads\/2017\/01\/kozhasznusagi2008b.pdf\" target=\"_blank\" rel=\"noopener noreferrer\">K\u00f6zhaszn\u00fas\u00e1gi jelent\u00e9s \u2013 2008<\/a><\/p>\n<h3>2007<\/h3>\n<p><a href=\"\/hu\/wp-content\/uploads\/2017\/01\/kozhasznusagi2007b.pdf\" target=\"_blank\" rel=\"noopener noreferrer\">K\u00f6zhaszn\u00fas\u00e1gi jelent\u00e9s \u2013 2007<\/a><\/p>\n<h3>2006<\/h3>\n<p><a href=\"\/hu\/wp-content\/uploads\/2017\/01\/kozhasznusagi2006c.pdf\" target=\"_blank\" rel=\"noopener noreferrer\">K\u00f6zhaszn\u00fas\u00e1gi jelent\u00e9s \u2013 2006<\/a><\/p>\n","protected":false},"excerpt":{"rendered":"<p>2023 Egyszer\u0171s\u00edtett \u00e9ves besz\u00e1mol\u00f3, k\u00f6zhaszn\u00fas\u00e1gi mell\u00e9klet \u00e9s kieg\u00e9sz\u00edt\u0151 mell\u00e9klet 2023. december 31. 2022 Egyszer\u0171s\u00edtett \u00e9ves besz\u00e1mol\u00f3 \u00e9s k\u00f6zhaszn\u00fas\u00e1gi mell\u00e9klet 2022. december 31. Kieg\u00e9sz\u00edt\u0151 mell\u00e9klet a 2022. \u00e9vi egyszer\u0171s\u00edtett \u00e9ves besz\u00e1mol\u00f3hoz Simplified Annual Report 2022 2021 Egyszer\u0171s\u00edtett \u00e9ves besz\u00e1mol\u00f3 \u00e9s k\u00f6zhaszn\u00fas\u00e1gi mell\u00e9klet 2021. december 31. 2020 Egyszer\u0171s\u00edtett \u00e9ves besz\u00e1mol\u00f3 \u00e9s k\u00f6zhaszn\u00fas\u00e1gi mell\u00e9klet 2020. december 31. 2019 [&hellip;]<\/p>\n","protected":false},"author":1,"featured_media":0,"parent":5,"menu_order":0,"comment_status":"closed","ping_status":"closed","template":"","meta":{"_monsterinsights_skip_tracking":false,"_monsterinsights_sitenote_active":false,"_monsterinsights_sitenote_note":"","_monsterinsights_sitenote_category":0,"footnotes":""},"class_list":["post-207","page","type-page","status-publish","hentry"],"_links":{"self":[{"href":"https:\/\/cij.hu\/hu\/wp-json\/wp\/v2\/pages\/207","targetHints":{"allow":["GET"]}}],"collection":[{"href":"https:\/\/cij.hu\/hu\/wp-json\/wp\/v2\/pages"}],"about":[{"href":"https:\/\/cij.hu\/hu\/wp-json\/wp\/v2\/types\/page"}],"author":[{"embeddable":true,"href":"https:\/\/cij.hu\/hu\/wp-json\/wp\/v2\/users\/1"}],"replies":[{"embeddable":true,"href":"https:\/\/cij.hu\/hu\/wp-json\/wp\/v2\/comments?post=207"}],"version-history":[{"count":18,"href":"https:\/\/cij.hu\/hu\/wp-json\/wp\/v2\/pages\/207\/revisions"}],"predecessor-version":[{"id":2344,"href":"https:\/\/cij.hu\/hu\/wp-json\/wp\/v2\/pages\/207\/revisions\/2344"}],"up":[{"embeddable":true,"href":"https:\/\/cij.hu\/hu\/wp-json\/wp\/v2\/pages\/5"}],"wp:attachment":[{"href":"https:\/\/cij.hu\/hu\/wp-json\/wp\/v2\/media?parent=207"}],"curies":[{"name":"wp","href":"https:\/\/api.w.org\/{rel}","templated":true}]}}