{"id":2209,"date":"2023-06-06T16:38:07","date_gmt":"2023-06-06T15:38:07","guid":{"rendered":"https:\/\/cij.hu\/hu\/?page_id=2209"},"modified":"2023-06-06T16:47:41","modified_gmt":"2023-06-06T15:47:41","slug":"disarming-disinformation","status":"publish","type":"page","link":"https:\/\/cij.hu\/hu\/programok\/disarming-disinformation\/","title":{"rendered":"\u201eDisarming Disinformation\u201d \u2013 min\u0151s\u00e9gi tartalmakkal a f\u00e9lret\u00e1j\u00e9koztat\u00e1s ellen"},"content":{"rendered":"\n<p>A \u201eDisarming Disinformation\u201d nemzetk\u00f6zi projekt keret\u00e9ben a F\u00fcggetlen M\u00e9diak\u00f6zpont \u2013 a washingtoni International Center for Journalists (ICFJ) partnerek\u00e9nt \u2013 digit\u00e1lis tartalom-el\u0151\u00e1ll\u00edt\u00e1ssal \u00e9s vir\u00e1lis terjeszt\u00e9ssel foglalkoz\u00f3 ismeretterjeszt\u0151 programokat \u00e9s k\u00e9pz\u00e9seket tart, \u00e9s min\u0151s\u00e9gi m\u00e9diatartalmak el\u0151\u00e1ll\u00edt\u00e1s\u00e1t t\u00e1mogatja. A c\u00e9l, hogy a t\u00e9nyeken alapul\u00f3 inform\u00e1ci\u00f3k nyerjenek a teret a hamis h\u00edresztel\u00e9sekkel szemben, a m\u00e9diafogyaszt\u00f3k \u00e1tl\u00e1ssanak az \u00e1lh\u00edreken \u00e9s k\u00f6zvetlen kapcsolat teremt\u0151dj\u00f6n a t\u00e9nyellen\u0151rz\u0151 \u00fajs\u00e1g\u00edr\u00f3k, a digit\u00e1lis influenszerek \u00e9s a k\u00f6z\u00f6ss\u00e9gi tartalmak felhaszn\u00e1l\u00f3i k\u00f6z\u00f6tt. A f\u0151 t\u00e1mogat\u00f3 az amerikai Scripps Howard Alap\u00edtv\u00e1ny.<\/p>\n\n\n\n<p>A program r\u00e9szek\u00e9nt tartott m\u0171helyfoglalkoz\u00e1sok:<\/p>\n\n\n\n<p>2023. m\u00e1rcius 2. \u2013 Podcast k\u00e9sz\u00edt\u00e9s, k\u00f6z\u00f6ss\u00e9g\u00e9p\u00edt\u00e9s \u00fajs\u00e1g\u00edr\u00f3k sz\u00e1m\u00e1ra<br>2023. m\u00e1rcius 9. \u2013 Webvide\u00f3 k\u00e9sz\u00edt\u00e9s, t\u00f6rt\u00e9netmond\u00e1s mobiltelefonnal<br>2023. m\u00e1rcius 16. \u2013 Digit\u00e1lis tartalom diz\u00e1jn a k\u00f6z\u00f6ss\u00e9gi m\u00e9diafel\u00fcleteken<br>2023. m\u00e1rcius 23. \u2013 A vir\u00e1lis tartalomterjeszt\u00e9s m\u00f3dozatai<br>2023. m\u00e1rcius 30. \u2013 Strat\u00e9giai kommunik\u00e1ci\u00f3 a c\u00e9lk\u00f6z\u00f6ns\u00e9g b\u0151v\u00edt\u00e9s\u00e9re<\/p>\n\n\n\n<p>Kapcsol\u00f3d\u00f3 linkek:<br><a href=\"https:\/\/www.youtube.com\/@cijbudapest\/streams\" target=\"_blank\" rel=\"noreferrer noopener\">https:\/\/www.youtube.com\/@cijbudapest\/streams<\/a><\/p>\n\n\n<div class=\"wp-block-image\">\n<figure class=\"aligncenter size-medium\"><img loading=\"lazy\" decoding=\"async\" width=\"300\" height=\"300\" src=\"https:\/\/cij.hu\/hu\/wp-content\/uploads\/2023\/02\/empowering-the-truth-300x300.png\" alt=\"\" class=\"wp-image-2119\" srcset=\"https:\/\/cij.hu\/hu\/wp-content\/uploads\/2023\/02\/empowering-the-truth-300x300.png 300w, https:\/\/cij.hu\/hu\/wp-content\/uploads\/2023\/02\/empowering-the-truth-1024x1024.png 1024w, https:\/\/cij.hu\/hu\/wp-content\/uploads\/2023\/02\/empowering-the-truth-150x150.png 150w, https:\/\/cij.hu\/hu\/wp-content\/uploads\/2023\/02\/empowering-the-truth-768x768.png 768w, https:\/\/cij.hu\/hu\/wp-content\/uploads\/2023\/02\/empowering-the-truth-1536x1536.png 1536w, https:\/\/cij.hu\/hu\/wp-content\/uploads\/2023\/02\/empowering-the-truth-2048x2048.png 2048w, https:\/\/cij.hu\/hu\/wp-content\/uploads\/2023\/02\/empowering-the-truth-680x680.png 680w\" sizes=\"auto, (max-width: 300px) 100vw, 300px\" \/><\/figure>\n<\/div>\n\n\n<p>Tov\u00e1bbi r\u00e9szletek:<br><a href=\"https:\/\/www.icfj.org\/our-work\/disarming-disinformation-empowering-truth\" target=\"_blank\" rel=\"noreferrer noopener\">https:\/\/www.icfj.org\/our-work\/disarming-disinformation-empowering-truth<\/a><\/p>\n\n\n\n<p>The Disarming Disinformation Program is run by the International Center for Journalists with lead funding from the Scripps Howard Foundation. The three-year global effort aims at empowering journalists and journalism students to fight disinformation.<\/p>\n","protected":false},"excerpt":{"rendered":"<p>A \u201eDisarming Disinformation\u201d nemzetk\u00f6zi projekt keret\u00e9ben a F\u00fcggetlen M\u00e9diak\u00f6zpont \u2013 a washingtoni International Center for Journalists (ICFJ) partnerek\u00e9nt \u2013 digit\u00e1lis tartalom-el\u0151\u00e1ll\u00edt\u00e1ssal \u00e9s vir\u00e1lis terjeszt\u00e9ssel foglalkoz\u00f3 ismeretterjeszt\u0151 programokat \u00e9s k\u00e9pz\u00e9seket tart, \u00e9s min\u0151s\u00e9gi m\u00e9diatartalmak el\u0151\u00e1ll\u00edt\u00e1s\u00e1t t\u00e1mogatja. A c\u00e9l, hogy a t\u00e9nyeken alapul\u00f3 inform\u00e1ci\u00f3k nyerjenek a teret a hamis h\u00edresztel\u00e9sekkel szemben, a m\u00e9diafogyaszt\u00f3k \u00e1tl\u00e1ssanak az \u00e1lh\u00edreken \u00e9s [&hellip;]<\/p>\n","protected":false},"author":1,"featured_media":0,"parent":39,"menu_order":350,"comment_status":"closed","ping_status":"closed","template":"","meta":{"_monsterinsights_skip_tracking":false,"_monsterinsights_sitenote_active":false,"_monsterinsights_sitenote_note":"","_monsterinsights_sitenote_category":0,"footnotes":""},"class_list":["post-2209","page","type-page","status-publish","hentry"],"_links":{"self":[{"href":"https:\/\/cij.hu\/hu\/wp-json\/wp\/v2\/pages\/2209","targetHints":{"allow":["GET"]}}],"collection":[{"href":"https:\/\/cij.hu\/hu\/wp-json\/wp\/v2\/pages"}],"about":[{"href":"https:\/\/cij.hu\/hu\/wp-json\/wp\/v2\/types\/page"}],"author":[{"embeddable":true,"href":"https:\/\/cij.hu\/hu\/wp-json\/wp\/v2\/users\/1"}],"replies":[{"embeddable":true,"href":"https:\/\/cij.hu\/hu\/wp-json\/wp\/v2\/comments?post=2209"}],"version-history":[{"count":4,"href":"https:\/\/cij.hu\/hu\/wp-json\/wp\/v2\/pages\/2209\/revisions"}],"predecessor-version":[{"id":2215,"href":"https:\/\/cij.hu\/hu\/wp-json\/wp\/v2\/pages\/2209\/revisions\/2215"}],"up":[{"embeddable":true,"href":"https:\/\/cij.hu\/hu\/wp-json\/wp\/v2\/pages\/39"}],"wp:attachment":[{"href":"https:\/\/cij.hu\/hu\/wp-json\/wp\/v2\/media?parent=2209"}],"curies":[{"name":"wp","href":"https:\/\/api.w.org\/{rel}","templated":true}]}}