{"id":2613,"date":"2025-11-26T11:40:41","date_gmt":"2025-11-26T10:40:41","guid":{"rendered":"https:\/\/cij.hu\/hu\/?page_id=2613"},"modified":"2026-01-05T17:27:54","modified_gmt":"2026-01-05T16:27:54","slug":"orosz-dezinformacio-a-lengyel-es-a-magyar-tarsadalomban-russian-disinformation-in-the-polish-and-the-hungarian-society","status":"publish","type":"page","link":"https:\/\/cij.hu\/hu\/programok\/orosz-dezinformacio-a-lengyel-es-a-magyar-tarsadalomban-russian-disinformation-in-the-polish-and-the-hungarian-society\/","title":{"rendered":"Orosz dezinform\u00e1ci\u00f3 a lengyel \u00e9s a magyar t\u00e1rsadalomban \/ Russian disinformation in the Polish and the Hungarian society"},"content":{"rendered":"\n<p><strong>Between two elections \u2013 The role and significance of Russian disinformation in Polish and Hungarian societies during the 2025 and 2026 election periods<\/strong><\/p>\n\n\n\n<p>Rola rosyjskiej dezinformacji w procesach wyborczych Polski i W\u0119gier: Kontekst spo\u0142eczny i polityczny (2025-2026)<\/p>\n\n\n\n<p>K\u00e9t v\u00e1laszt\u00e1s k\u00f6z\u00f6tt \u2013 Az orosz dezinform\u00e1ci\u00f3 helye \u00e9s szerepe a lengyel \u00e9s magyar t\u00e1rsadalmakban a 2025-\u00f6s \u00e9s 2026-os v\u00e1laszt\u00e1si \u00e9vekben<\/p>\n\n\n\n<p>The project aims to reflect on the place and significance of Russian disinformation in the Hungarian and Polish public spheres during the years of elections.<\/p>\n\n\n\n<p>The project exposes and counteracts disinformation and Foreign Information Manipulation and Interference (FIMI) in Hungary and Poland while building public resilience against threats to democratic values, electoral processes and social stability. The primary goal of the project is to engage researchers and audiences in both countries. The project highlights the complexity of disinformation activities and their impact on everyday life of the people, as well as structural effects on democratic processes in Europe and beyond. The project is implemented in a highly relevant context: Polish presidential elections were taking place in 2025, while Hungarian parliamentary elections will be held in April 2026.<\/p>\n\n\n\n<p><a><\/a>The project also serves as a bridgebuilder between Polish and Hungarian researchers, highly recognised experts and audiences, highlighting how narratives influence local realities and fostering collaboration to uphold democratic values and social integrity. The project could also serve as a focal point for future media literacy projects in which audience raising awareness is one of the key objectives.<\/p>\n\n\n\n<p>Within the framework of this project CIJ carries out the following activities:<\/p>\n\n\n\n<p>1.) <a href=\"\/hu\/wp-content\/uploads\/2026\/01\/Program_-Between-two-elections-\u2013-The-role-and-significance-of-Russian-disinformation-in-Polish-and-Hungarian-societies-during-the-2025-and-2026-election-periods.pdf\" target=\"_blank\" rel=\"noreferrer noopener\">High-level international workshop<\/a> involving key Polish and Hungarian experts on Russian disinformation and FIMI<\/p>\n\n\n\n<p>2.) <a href=\"\/hu\/wp-content\/uploads\/2026\/01\/Between-two-elections_The-role-and-significance-of-Russian-disinformation-in-Polish-and-Hungarian-societies-during-the-2025-and-2026-election-periods.pdf\" target=\"_blank\" rel=\"noreferrer noopener\">Publication<\/a> which explores and explains the role and significance of Russian disinformation and FIMI in Hungary and Poland<\/p>\n\n\n\n<p>3.) Communication campaign: project results will be disseminated through various channels<\/p>\n\n\n\n<p>Duration:<\/p>\n\n\n\n<p>29 September 2025 \u2013 18 December 2025<\/p>\n\n\n\n<p>Project managers:<\/p>\n\n\n\n<p>Erik Uszkiewicz &amp; \u00c9va Vajda<\/p>\n\n\n\n<hr class=\"wp-block-separator has-alpha-channel-opacity\"\/>\n\n\n\n<p>The project is financed by the Wac\u0142aw Felczak Polish-Hungarian Cooperation Institute. Views and opinions expressed are however those of the authors only and do not necessarily reflect those of the Wac\u0142aw Felczak Polish-Hungarian Cooperation Institute.<\/p>\n\n\n\n<p>Przedsi\u0119wzi\u0119cie jest finansowane ze \u015brodk\u00f3w Instytutu Wsp\u00f3\u0142pracy Polsko-W\u0119gierskiej im. Wac\u0142awa Felczaka. Jednak pogl\u0105dy i opinie wyra\u017cone w tek\u015bcie s\u0105 wy\u0142\u0105cznie pogl\u0105dami i opiniami autor\u00f3w i nie odzwierciedlaj\u0105 pogl\u0105d\u00f3w Instytutu Wsp\u00f3\u0142pracy Polsko-W\u0119gierskiej im. Wac\u0142awa Felczaka.<\/p>\n\n\n\n<p>A Wac\u0142aw Felczak Lengyel-Magyar Egy\u00fcttm\u0171k\u00f6d\u00e9si Int\u00e9zet \u00e1ltal finansz\u00edrozott projekt. A kifejtett n\u00e9zetek \u00e9s v\u00e9lem\u00e9nyek azonban kiz\u00e1r\u00f3lag a szerz\u0151(k) saj\u00e1tjai, \u00e9s nem felt\u00e9tlen\u00fcl t\u00fckr\u00f6zik a Wac\u0142aw Felczak Lengyel-Magyar Egy\u00fcttm\u0171k\u00f6d\u00e9si Int\u00e9zet n\u00e9zeteit.<\/p>\n\n\n\n<figure class=\"wp-block-image size-full is-resized\"><img loading=\"lazy\" decoding=\"async\" width=\"600\" height=\"329\" src=\"https:\/\/cij.hu\/hu\/wp-content\/uploads\/2025\/11\/Instytut-Felczaka-600px.png\" alt=\"\" class=\"wp-image-2616\" style=\"width:293px;height:auto\" srcset=\"https:\/\/cij.hu\/hu\/wp-content\/uploads\/2025\/11\/Instytut-Felczaka-600px.png 600w, https:\/\/cij.hu\/hu\/wp-content\/uploads\/2025\/11\/Instytut-Felczaka-600px-300x165.png 300w\" sizes=\"auto, (max-width: 600px) 100vw, 600px\" \/><\/figure>\n","protected":false},"excerpt":{"rendered":"<p>Between two elections \u2013 The role and significance of Russian disinformation in Polish and Hungarian societies during the 2025 and 2026 election periods Rola rosyjskiej dezinformacji w procesach wyborczych Polski i W\u0119gier: Kontekst spo\u0142eczny i polityczny (2025-2026) K\u00e9t v\u00e1laszt\u00e1s k\u00f6z\u00f6tt \u2013 Az orosz dezinform\u00e1ci\u00f3 helye \u00e9s szerepe a lengyel \u00e9s magyar t\u00e1rsadalmakban a 2025-\u00f6s \u00e9s [&hellip;]<\/p>\n","protected":false},"author":1,"featured_media":0,"parent":39,"menu_order":370,"comment_status":"closed","ping_status":"closed","template":"","meta":{"_monsterinsights_skip_tracking":false,"_monsterinsights_sitenote_active":false,"_monsterinsights_sitenote_note":"","_monsterinsights_sitenote_category":0,"footnotes":""},"class_list":["post-2613","page","type-page","status-publish","hentry"],"_links":{"self":[{"href":"https:\/\/cij.hu\/hu\/wp-json\/wp\/v2\/pages\/2613","targetHints":{"allow":["GET"]}}],"collection":[{"href":"https:\/\/cij.hu\/hu\/wp-json\/wp\/v2\/pages"}],"about":[{"href":"https:\/\/cij.hu\/hu\/wp-json\/wp\/v2\/types\/page"}],"author":[{"embeddable":true,"href":"https:\/\/cij.hu\/hu\/wp-json\/wp\/v2\/users\/1"}],"replies":[{"embeddable":true,"href":"https:\/\/cij.hu\/hu\/wp-json\/wp\/v2\/comments?post=2613"}],"version-history":[{"count":7,"href":"https:\/\/cij.hu\/hu\/wp-json\/wp\/v2\/pages\/2613\/revisions"}],"predecessor-version":[{"id":2634,"href":"https:\/\/cij.hu\/hu\/wp-json\/wp\/v2\/pages\/2613\/revisions\/2634"}],"up":[{"embeddable":true,"href":"https:\/\/cij.hu\/hu\/wp-json\/wp\/v2\/pages\/39"}],"wp:attachment":[{"href":"https:\/\/cij.hu\/hu\/wp-json\/wp\/v2\/media?parent=2613"}],"curies":[{"name":"wp","href":"https:\/\/api.w.org\/{rel}","templated":true}]}}