{"id":35,"date":"2016-12-15T18:11:25","date_gmt":"2016-12-15T17:11:25","guid":{"rendered":"http:\/\/cij.hu\/hu\/?page_id=35"},"modified":"2026-03-05T16:13:20","modified_gmt":"2026-03-05T15:13:20","slug":"1-2","status":"publish","type":"page","link":"https:\/\/cij.hu\/hu\/a-mediakozpontrol\/1-2\/","title":{"rendered":"1%"},"content":{"rendered":"<p><strong>K\u00f6zlem\u00e9ny a 2024. \u00e9vi felaj\u00e1nl\u00e1sok felhaszn\u00e1l\u00e1s\u00e1r\u00f3l<\/strong><\/p>\n<p>A 2024. p\u00e9nz\u00fcgyi \u00e9vre vonatkoz\u00f3 1 %-os szem\u00e9lyi j\u00f6vedelemad\u00f3 felaj\u00e1nl\u00e1sokb\u00f3l az<br \/>\nalap\u00edtv\u00e1ny 63.854.096 Ft-ot kapott. Az Alap\u00edtv\u00e1ny ezen \u00f6sszegb\u0151l 50.948.363 Ft-ot \u2013 a<br \/>\nDirekt36 \u00fajs\u00e1g\u00edr\u00f3 k\u00f6zponttal k\u00f6t\u00f6tt egy\u00fcttm\u0171k\u00f6d\u00e9si szerz\u0151d\u00e9s alapj\u00e1n \u2013 a t\u00e9nyfelt\u00e1r\u00f3<br \/>\n\u00fajs\u00e1g\u00edr\u00e1s \u00e9s tartalom-el\u0151\u00e1ll\u00edt\u00e1s t\u00e1mogat\u00e1s\u00e1ra ford\u00edtotta, a fennmarad\u00f3 r\u00e9szt pedig m\u0171k\u00f6d\u00e9si<br \/>\nk\u00f6lts\u00e9gre haszn\u00e1lja fel.<\/p>\n<p><strong>K\u00f6zlem\u00e9ny a 2023. \u00e9vi felaj\u00e1nl\u00e1sok felhaszn\u00e1l\u00e1s\u00e1r\u00f3l<\/strong><\/p>\n<p>A 2023. p\u00e9nz\u00fcgyi \u00e9vre vonatkoz\u00f3 1 %-os szem\u00e9lyi j\u00f6vedelemad\u00f3 felaj\u00e1nl\u00e1sokb\u00f3l az alap\u00edtv\u00e1ny 27.341.815 Ft-ot kapott. Az Alap\u00edtv\u00e1ny ezen \u00f6sszegb\u0151l 27.667.214 Ft-ot \u2013 a Direkt36 \u00fajs\u00e1g\u00edr\u00f3 k\u00f6zponttal k\u00f6t\u00f6tt egy\u00fcttm\u0171k\u00f6d\u00e9si szerz\u0151d\u00e9s alapj\u00e1n \u2013 a t\u00e9nyfelt\u00e1r\u00f3 \u00fajs\u00e1g\u00edr\u00e1s \u00e9s tartalom-el\u0151\u00e1ll\u00edt\u00e1s t\u00e1mogat\u00e1s\u00e1ra ford\u00edtotta, a fennmarad\u00f3 r\u00e9szt pedig m\u0171k\u00f6d\u00e9si k\u00f6lts\u00e9gre haszn\u00e1lja fel.<\/p>\n<p><strong>K\u00f6zlem\u00e9ny a 2022. \u00e9vi felaj\u00e1nl\u00e1sok felhaszn\u00e1l\u00e1s\u00e1r\u00f3l<\/strong><\/p>\n<p>A 2022. p\u00e9nz\u00fcgyi \u00e9vre vonatkoz\u00f3 1 %-os szem\u00e9lyi j\u00f6vedelemad\u00f3 felaj\u00e1nl\u00e1sokb\u00f3l az alap\u00edtv\u00e1ny 15.194.171 Ft-ot kapott. Az Alap\u00edtv\u00e1ny ezen \u00f6sszegb\u0151l 12.131.577 Ft-ot \u2013 a Direkt36 \u00fajs\u00e1g\u00edr\u00f3 k\u00f6zponttal k\u00f6t\u00f6tt egy\u00fcttm\u0171k\u00f6d\u00e9si szerz\u0151d\u00e9s alapj\u00e1n \u2013 a t\u00e9nyfelt\u00e1r\u00f3 \u00fajs\u00e1g\u00edr\u00e1s \u00e9s tartalom-el\u0151\u00e1ll\u00edt\u00e1s t\u00e1mogat\u00e1s\u00e1ra ford\u00edtotta, a fennmarad\u00f3 r\u00e9szt pedig m\u0171k\u00f6d\u00e9si k\u00f6lts\u00e9gre haszn\u00e1lja fel.<\/p>\n<p><strong>K\u00f6zlem\u00e9ny a 2021. \u00e9vi felaj\u00e1nl\u00e1sok felhaszn\u00e1l\u00e1s\u00e1r\u00f3l<\/strong><\/p>\n<p>A 2021. p\u00e9nz\u00fcgyi \u00e9vre vonatkoz\u00f3 1 %-os szem\u00e9lyi j\u00f6vedelemad\u00f3 felaj\u00e1nl\u00e1sokb\u00f3l az alap\u00edtv\u00e1ny 16.620.621 Ft-ot kapott. Az Alap\u00edtv\u00e1ny ezen \u00f6sszegb\u0151l 13.113.804 Ft-ot \u2013 a Direkt36 \u00fajs\u00e1g\u00edr\u00f3 k\u00f6zponttal k\u00f6t\u00f6tt egy\u00fcttm\u0171k\u00f6d\u00e9si szerz\u0151d\u00e9s alapj\u00e1n \u2013 a t\u00e9nyfelt\u00e1r\u00f3 \u00fajs\u00e1g\u00edr\u00e1s \u00e9s tartalom-el\u0151\u00e1ll\u00edt\u00e1s t\u00e1mogat\u00e1s\u00e1ra ford\u00edtotta, a fennmarad\u00f3 r\u00e9szt pedig m\u0171k\u00f6d\u00e9si k\u00f6lts\u00e9gre haszn\u00e1lta fel.<\/p>\n<p><strong>K\u00f6zlem\u00e9ny a 2020. \u00e9vi felaj\u00e1nl\u00e1sok felhaszn\u00e1l\u00e1s\u00e1r\u00f3l<\/strong><\/p>\n<p>A 2020. p\u00e9nz\u00fcgyi \u00e9vre vonatkoz\u00f3 1 %-os szem\u00e9lyi j\u00f6vedelemad\u00f3 felaj\u00e1nl\u00e1sokb\u00f3l az alap\u00edtv\u00e1ny 10.639.977 Ft-ot kapott. Az Alap\u00edtv\u00e1ny ezen \u00f6sszegb\u0151l 8.488.440 Ft-ot \u2013 a Direkt36 \u00fajs\u00e1g\u00edr\u00f3 k\u00f6zponttal k\u00f6t\u00f6tt egy\u00fcttm\u0171k\u00f6d\u00e9si szerz\u0151d\u00e9s alapj\u00e1n \u2013 a t\u00e9nyfelt\u00e1r\u00f3 \u00fajs\u00e1g\u00edr\u00e1s \u00e9s tartalom-el\u0151\u00e1ll\u00edt\u00e1s t\u00e1mogat\u00e1s\u00e1ra ford\u00edtotta, a fennmarad\u00f3 r\u00e9szt pedig m\u0171k\u00f6d\u00e9si k\u00f6lts\u00e9gre haszn\u00e1lta fel.<\/p>\n<p><strong>K\u00f6zlem\u00e9ny a 2019. \u00e9vi felaj\u00e1nl\u00e1sok felhaszn\u00e1l\u00e1s\u00e1r\u00f3l<\/strong><\/p>\n<p>A 2019. p\u00e9nz\u00fcgyi \u00e9vre vonatkoz\u00f3 1 %-os szem\u00e9lyi j\u00f6vedelemad\u00f3 felaj\u00e1nl\u00e1sokb\u00f3l az alap\u00edtv\u00e1ny 5.433.058 Ft-ot kapott. Az Alap\u00edtv\u00e1ny ezen \u00f6sszegb\u0151l 4.334.510 Ft-ot \u2013 a Direkt36 \u00fajs\u00e1g\u00edr\u00f3 k\u00f6zponttal k\u00f6t\u00f6tt egy\u00fcttm\u0171k\u00f6d\u00e9si szerz\u0151d\u00e9s alapj\u00e1n \u2013 a t\u00e9nyfelt\u00e1r\u00f3 \u00fajs\u00e1g\u00edr\u00e1s \u00e9s tartalom-el\u0151\u00e1ll\u00edt\u00e1s t\u00e1mogat\u00e1s\u00e1ra ford\u00edtotta, a fennmarad\u00f3 r\u00e9szt pedig m\u0171k\u00f6d\u00e9si k\u00f6lts\u00e9gre haszn\u00e1lta fel.<\/p>\n<p><strong>K\u00f6zlem\u00e9ny a 2018. \u00e9vi felaj\u00e1nl\u00e1sok felhaszn\u00e1l\u00e1s\u00e1r\u00f3l<\/strong><\/p>\n<p>A 2018. p\u00e9nz\u00fcgyi \u00e9vre vonatkoz\u00f3 1 %-os szem\u00e9lyi j\u00f6vedelemad\u00f3 felaj\u00e1nl\u00e1sokb\u00f3l az alap\u00edtv\u00e1ny 4.880.018 Ft-ot kapott. Az Alap\u00edtv\u00e1ny ezen \u00f6sszegb\u0151l 3.852.982 Ft-ot \u2013 a Direkt36 \u00fajs\u00e1g\u00edr\u00f3 k\u00f6zponttal k\u00f6t\u00f6tt egy\u00fcttm\u0171k\u00f6d\u00e9si szerz\u0151d\u00e9s alapj\u00e1n \u2013 a t\u00e9nyfelt\u00e1r\u00f3 \u00fajs\u00e1g\u00edr\u00e1s \u00e9s tartalom-el\u0151\u00e1ll\u00edt\u00e1s t\u00e1mogat\u00e1s\u00e1ra ford\u00edtotta, a fennmarad\u00f3 r\u00e9szt pedig m\u0171k\u00f6d\u00e9si k\u00f6lts\u00e9gre haszn\u00e1lta fel.<\/p>\n<p><strong>K\u00f6zlem\u00e9ny a 2017. \u00e9vi felaj\u00e1nl\u00e1sok felhaszn\u00e1l\u00e1s\u00e1r\u00f3l<\/strong><\/p>\n<p>A 2017. p\u00e9nz\u00fcgyi \u00e9vre vonatkoz\u00f3 1 %-os szem\u00e9lyi j\u00f6vedelemad\u00f3 felaj\u00e1nl\u00e1sokb\u00f3l az alap\u00edtv\u00e1ny 2.195.367 Ft-ot kapott. Az Alap\u00edtv\u00e1ny ezen \u00f6sszegb\u0151l 1.745.000 Ft-ot \u2013 a Direkt36 \u00fajs\u00e1g\u00edr\u00f3 k\u00f6zponttal k\u00f6t\u00f6tt egy\u00fcttm\u0171k\u00f6d\u00e9si szerz\u0151d\u00e9s alapj\u00e1n \u2013 a t\u00e9nyfelt\u00e1r\u00f3 \u00fajs\u00e1g\u00edr\u00e1s \u00e9s tartalom-el\u0151\u00e1ll\u00edt\u00e1s t\u00e1mogat\u00e1s\u00e1ra ford\u00edtotta, a fennmarad\u00f3 r\u00e9szt pedig m\u0171k\u00f6d\u00e9si k\u00f6lts\u00e9gre haszn\u00e1lta fel.<\/p>\n<p><strong>K\u00f6zlem\u00e9ny a 2016. \u00e9vi felaj\u00e1nl\u00e1sok felhaszn\u00e1l\u00e1s\u00e1r\u00f3l<\/strong><\/p>\n<p>A 2016. p\u00e9nz\u00fcgyi \u00e9vre vonatkoz\u00f3 1 %-os szem\u00e9lyi j\u00f6vedelemad\u00f3 felaj\u00e1nl\u00e1sokb\u00f3l az alap\u00edtv\u00e1ny 34.611 Ft-ot kapott. Ezt az \u00f6sszeget az alap\u00edtv\u00e1ny \u2013 a 2015. p\u00e9nz\u00fcgyi \u00e9vre vonatkoz\u00f3, 2.441 Ft-tal egy\u00fctt \u2013 a \u201eThe Story Tells the Facts\u201d (Luuk Sengers holland \u00fajs\u00e1g\u00edr\u00f3 \u00e1ltal vezetett) workshop megendez\u00e9s\u00e9re \/ szervez\u00e9s\u00e9re ford\u00edtotta.<\/p>\n<p><strong>K\u00f6zlem\u00e9ny a 2015. \u00e9vi felaj\u00e1nl\u00e1sok felhaszn\u00e1l\u00e1s\u00e1r\u00f3l<\/strong><\/p>\n<p>A 2015. p\u00e9nz\u00fcgyi \u00e9vre vonatkoz\u00f3 1 %-os szem\u00e9lyi j\u00f6vedelemad\u00f3 felaj\u00e1nl\u00e1sokb\u00f3l az alap\u00edtv\u00e1ny 2.441 Ft-ot kapott 2016. \u00e9vben. Ezt az \u00f6sszeget az alap\u00edtv\u00e1ny \u2013 nagys\u00e1grendj\u00e9re val\u00f3 tekintettel \u2013 tartal\u00e9kolni k\u00edv\u00e1nja \u00e9s a 2016. \u00e9vi felaj\u00e1nl\u00e1sokkal egy\u00fctt k\u00edv\u00e1nja felhaszn\u00e1lni.<br \/>\nEnnek megfelel\u0151en 2017. \u00e9vben egy\u00fcttesen haszn\u00e1lja fel a k\u00e9t \u00e9v adom\u00e1nyait, megosztva azt a m\u0171k\u00f6d\u00e9si- \u00e9s a c\u00e9l szerinti tev\u00e9kenys\u00e9gek k\u00f6z\u00f6tt.<\/p>\n<p><strong>K\u00f6zlem\u00e9ny a 2014. \u00e9vi felaj\u00e1nl\u00e1sok felhaszn\u00e1l\u00e1s\u00e1r\u00f3l<\/strong><\/p>\n<p>A 2014. p\u00e9nz\u00fcgyi \u00e9vre vonatkoz\u00f3 1 %-os szem\u00e9lyi j\u00f6vedelemad\u00f3 felaj\u00e1nl\u00e1sokb\u00f3l az alap\u00edtv\u00e1ny 8.773 Ft-ot kapott. Ezt az \u00f6sszeget az alap\u00edtv\u00e1ny az \u201e\u00dajs\u00e1g\u00edr\u00e1s 20 \u00e9v m\u00falva c. nemzetk\u00f6zi konferencia \u00e9s 20. \u00e9vfordul\u00f3\u201d rendezv\u00e9ny\u00e9r\u0151l k\u00e9sz\u00fclt fot\u00f3z\u00e1si munk\u00e1k finansz\u00edroz\u00e1s\u00e1ra ford\u00edtotta.<\/p>\n<p><strong>K\u00f6zlem\u00e9ny a 2013. \u00e9vi felaj\u00e1nl\u00e1sok felhaszn\u00e1l\u00e1s\u00e1r\u00f3l<\/strong><\/p>\n<p>A 2013. p\u00e9nz\u00fcgyi \u00e9vre vonatkoz\u00f3 1 %-os szem\u00e9lyi j\u00f6vedelemad\u00f3 felaj\u00e1nl\u00e1sokb\u00f3l az alap\u00edtv\u00e1ny 26.382 Ft-ot kapott. Ezt az \u00f6sszeget az alap\u00edtv\u00e1ny tolm\u00e1csol\u00e1si \u00e9s t\u00e1rhely el\u0151fizet\u00e9s meghosszabb\u00edt\u00e1s\u00e1ra ford\u00edtotta.<\/p>\n<p><strong>K\u00f6zlem\u00e9ny a 2012. \u00e9vi felaj\u00e1nl\u00e1sok felhaszn\u00e1l\u00e1s\u00e1r\u00f3l<\/strong><\/p>\n<p>A 2012. p\u00e9nz\u00fcgyi \u00e9vre vonatkoz\u00f3 1%-os ad\u00f3 felaj\u00e1nl\u00e1sokb\u00f3l az alap\u00edtv\u00e1ny 31.426 forintot kapott, ezt az alap\u00edtv\u00e1ny genderetikus \u00fajs\u00e1g\u00edr\u00e1sr\u00f3l sz\u00f3l\u00f3 kiadv\u00e1ny\u00e1nak nyomdai el\u0151k\u00e9sz\u00edt\u00e9si munk\u00e1lataira ford\u00edtotta.<\/p>\n<p><strong>K\u00f6zlem\u00e9ny a 2011. \u00e9vi felaj\u00e1nl\u00e1sok felhaszn\u00e1l\u00e1s\u00e1r\u00f3l<\/strong><\/p>\n<p>A 2011. p\u00e9nz\u00fcgyi \u00e9vre vonatkoz\u00f3 1%-os ad\u00f3 felaj\u00e1nl\u00e1sokb\u00f3l az alap\u00edtv\u00e1ny 25.597 forintot kapott, ezt az alap\u00edtv\u00e1ny programjainak, rendezv\u00e9nyeinek helyet ad\u00f3 irodab\u00e9rlethez kapcsol\u00f3d\u00f3 k\u00f6z\u00f6s k\u00f6lts\u00e9gre ford\u00edtotta.<\/p>\n<p>2013. m\u00e1rcius 3.<\/p>\n<p><strong>K\u00f6zlem\u00e9ny a 2010. \u00e9vi felaj\u00e1nl\u00e1sok felhaszn\u00e1l\u00e1s\u00e1r\u00f3l<\/strong><\/p>\n<p>A F\u00fcggetlen \u00dajs\u00e1g\u00edr\u00f3k Alap\u00edtv\u00e1nya 2010-ben 31.704 forintot kapott a SZJA 1 %-os felaj\u00e1nl\u00e1sokb\u00f3l. Az alap\u00edtv\u00e1ny ezt az \u00f6sszeget a meghib\u00e1sodott telefonk\u00f6zpont k\u00e9sz\u00fcl\u00e9k\u00e9nek cser\u00e9j\u00e9re ford\u00edtotta.<\/p>\n<p>Budapest, 2011. okt\u00f3ber 24.<\/p>\n<p><strong>K\u00f6zlem\u00e9ny a 2009. \u00e9vi felaj\u00e1nl\u00e1sok felhaszn\u00e1l\u00e1s\u00e1r\u00f3l<\/strong><\/p>\n<p>A F\u00fcggetlen \u00dajs\u00e1g\u00edr\u00f3k Alap\u00edtv\u00e1nya 2009-ben 32.623 forintot kapott a SZJA 1 %-os felaj\u00e1nl\u00e1sokb\u00f3l. Az alap\u00edtv\u00e1ny ezt az \u00f6sszeget m\u0171k\u00f6d\u00e9si k\u00f6lts\u00e9gekre ford\u00edtotta.<\/p>\n<p>Budapest, 2010. okt\u00f3ber 20.<\/p>\n<p><strong>K\u00f6zlem\u00e9ny a 2008. \u00e9vi felaj\u00e1nl\u00e1sok felhaszn\u00e1l\u00e1s\u00e1r\u00f3l<\/strong><\/p>\n<p>A F\u00fcggetlen \u00dajs\u00e1g\u00edr\u00f3k Alap\u00edtv\u00e1nya 2008-ban 31.182 forintot kapott a SZJA 1 %-os felaj\u00e1nl\u00e1sokb\u00f3l. Ezt az \u00f6sszeget az alap\u00edtv\u00e1ny k\u00f6z\u00e9leti dokument\u00e1ci\u00f3s k\u00e9zik\u00f6nyv el\u0151fizet\u00e9s\u00e9re \u00e9s m\u0171k\u00f6d\u00e9si k\u00f6lts\u00e9gre ford\u00edtotta.<\/p>\n<p>Budapest, 2009. okt\u00f3ber 20.<\/p>\n<p><strong>K\u00f6zlem\u00e9ny a 2007. \u00e9vi felaj\u00e1nl\u00e1sok felhaszn\u00e1l\u00e1s\u00e1r\u00f3l<\/strong><\/p>\n<p>A F\u00fcggetlen \u00dajs\u00e1g\u00edr\u00f3k Alap\u00edtv\u00e1nya 2007-ben 54.390 forintot kapott a SZJA 1 %-os felaj\u00e1nl\u00e1sokb\u00f3l. Ezt az \u00f6sszeget az alap\u00edtv\u00e1ny az etikus \u00e9s min\u0151s\u00e9gi \u00fajs\u00e1g\u00edr\u00e1st seg\u00edt\u0151 programok helysz\u00edn\u00e9\u00fcl szolg\u00e1l\u00f3 termek b\u00e9rleti d\u00edj\u00e1nak kifizet\u00e9s\u00e9re ford\u00edtotta.<\/p>\n<p>Budapest, 2008. okt\u00f3ber 20.<\/p>\n<p>A felaj\u00e1nl\u00e1sokat k\u00f6sz\u00f6nj\u00fck.<\/p>\n","protected":false},"excerpt":{"rendered":"<p>K\u00f6zlem\u00e9ny a 2024. \u00e9vi felaj\u00e1nl\u00e1sok felhaszn\u00e1l\u00e1s\u00e1r\u00f3l A 2024. p\u00e9nz\u00fcgyi \u00e9vre vonatkoz\u00f3 1 %-os szem\u00e9lyi j\u00f6vedelemad\u00f3 felaj\u00e1nl\u00e1sokb\u00f3l az alap\u00edtv\u00e1ny 63.854.096 Ft-ot kapott. Az Alap\u00edtv\u00e1ny ezen \u00f6sszegb\u0151l 50.948.363 Ft-ot \u2013 a Direkt36 \u00fajs\u00e1g\u00edr\u00f3 k\u00f6zponttal k\u00f6t\u00f6tt egy\u00fcttm\u0171k\u00f6d\u00e9si szerz\u0151d\u00e9s alapj\u00e1n \u2013 a t\u00e9nyfelt\u00e1r\u00f3 \u00fajs\u00e1g\u00edr\u00e1s \u00e9s tartalom-el\u0151\u00e1ll\u00edt\u00e1s t\u00e1mogat\u00e1s\u00e1ra ford\u00edtotta, a fennmarad\u00f3 r\u00e9szt pedig m\u0171k\u00f6d\u00e9si k\u00f6lts\u00e9gre haszn\u00e1lja fel. K\u00f6zlem\u00e9ny a 2023. [&hellip;]<\/p>\n","protected":false},"author":1,"featured_media":0,"parent":5,"menu_order":300,"comment_status":"closed","ping_status":"closed","template":"","meta":{"_monsterinsights_skip_tracking":false,"_monsterinsights_sitenote_active":false,"_monsterinsights_sitenote_note":"","_monsterinsights_sitenote_category":0,"footnotes":""},"class_list":["post-35","page","type-page","status-publish","hentry"],"_links":{"self":[{"href":"https:\/\/cij.hu\/hu\/wp-json\/wp\/v2\/pages\/35","targetHints":{"allow":["GET"]}}],"collection":[{"href":"https:\/\/cij.hu\/hu\/wp-json\/wp\/v2\/pages"}],"about":[{"href":"https:\/\/cij.hu\/hu\/wp-json\/wp\/v2\/types\/page"}],"author":[{"embeddable":true,"href":"https:\/\/cij.hu\/hu\/wp-json\/wp\/v2\/users\/1"}],"replies":[{"embeddable":true,"href":"https:\/\/cij.hu\/hu\/wp-json\/wp\/v2\/comments?post=35"}],"version-history":[{"count":17,"href":"https:\/\/cij.hu\/hu\/wp-json\/wp\/v2\/pages\/35\/revisions"}],"predecessor-version":[{"id":2653,"href":"https:\/\/cij.hu\/hu\/wp-json\/wp\/v2\/pages\/35\/revisions\/2653"}],"up":[{"embeddable":true,"href":"https:\/\/cij.hu\/hu\/wp-json\/wp\/v2\/pages\/5"}],"wp:attachment":[{"href":"https:\/\/cij.hu\/hu\/wp-json\/wp\/v2\/media?parent=35"}],"curies":[{"name":"wp","href":"https:\/\/api.w.org\/{rel}","templated":true}]}}