{"id":45,"date":"2016-12-15T18:51:46","date_gmt":"2016-12-15T17:51:46","guid":{"rendered":"http:\/\/cij.hu\/hu\/?page_id=45"},"modified":"2026-01-05T17:20:01","modified_gmt":"2026-01-05T16:20:01","slug":"kiadvanyok","status":"publish","type":"page","link":"https:\/\/cij.hu\/hu\/kiadvanyok\/","title":{"rendered":"Kiadv\u00e1nyok"},"content":{"rendered":"<p>Fenn\u00e1ll\u00e1sa \u00f3ta a F\u00fcggetlen M\u00e9diak\u00f6zpont sz\u00e1mos kiadv\u00e1nyt adott ki, melyekkel seg\u00edteni k\u00edv\u00e1nja az \u00fajs\u00e1g\u00edr\u00f3k \u00e9s szerkeszt\u0151s\u00e9gek munk\u00e1j\u00e1t. E seg\u00e9danyagok egy r\u00e9sze nyomtat\u00e1sban vagy CD-n jelent meg \u00e9s egy-egy p\u00e9ld\u00e1nyuk a F\u00fcggetlen M\u00e9diak\u00f6zpontban ig\u00e9nyelhet\u0151 \u00e9s \u00e1tvehet\u0151.\u00a0 Az elektronikusan vagy online el\u00e9rhet\u0151 kiadv\u00e1nyok t\u00f6bbs\u00e9ge a bor\u00edt\u00f3 bels\u0151 oldal\u00e1n vagy a kiadv\u00e1ny m\u00e1s hely\u00e9n felt\u00fcntetett felt\u00e9telek alapj\u00e1n haszn\u00e1lhat\u00f3.<\/p>\n<p><a href=\"\/hu\/wp-content\/uploads\/2026\/01\/Between-two-elections_The-role-and-significance-of-Russian-disinformation-in-Polish-and-Hungarian-societies-during-the-2025-and-2026-election-periods.pdf\" target=\"_blank\" rel=\"noopener\">K\u00e9t v\u00e1laszt\u00e1s k\u00f6z\u00f6tt \u2013 Az orosz dezinform\u00e1ci\u00f3 helye \u00e9s szerepe a lengyel \u00e9s magyar t\u00e1rsadalmakban a 2025-\u00f6s \u00e9s 2026-os v\u00e1laszt\u00e1si \u00e9vekben \/ Between two elections \u2013 The role and significance of Russian disinformation in Polish and Hungarian societies during the 2025 and 2026 election periods<\/a><\/p>\n<p><a href=\"https:\/\/cij.hu\/hu\/wp-content\/uploads\/2022\/12\/SLAPP_kerekasztal.pdf\" target=\"_blank\" rel=\"noopener\">Vissza\u00e9l\u00e9sszer\u0171 peresked\u00e9s civilek \u00e9s \u00fajs\u00e1g\u00edr\u00f3k ellen \u2013 A F\u00fcggetlen M\u00e9diak\u00f6zpont \u00e1ltal szervezett szakmai kerekasztal-besz\u00e9lget\u00e9s sz\u00f6veg\u00e9nek leirata<\/a> \/ Countering SLAPP Cases \u2013 Transcript of a professional roundtable discussion organized by the Center for Independent Journalism<\/p>\n<p><a href=\"\/hu\/wp-content\/uploads\/2024\/01\/HU_case_studycover.pdf\" target=\"_blank\" rel=\"noopener\">Anti-SLAPP tematika\/esettanulm\u00e1nyok magyar jog\u00e1szok sz\u00e1m\u00e1ra \/ Anti-SLAPP curriculum\/case studies for Hungarian legal professionals<\/a><\/p>\n<p><a href=\"https:\/\/cij.hu\/hu\/wp-content\/uploads\/2022\/02\/Toolkit-HUN-24012022.pdf\" target=\"_blank\" rel=\"noopener\">Megold\u00e1sk\u00f6zpont\u00fa \u00fajs\u00e1g\u00edr\u00e1s \u2013 \u00datmutat\u00f3<\/a> \/ Solutions Journalism \u2013 Basic Toolkit in Hungarian \u2013 Further information:\u00a0<a href=\"https:\/\/tol.org\/client\/article\/category\/solutions-journalism\" target=\"_blank\" rel=\"noopener\" data-saferedirecturl=\"https:\/\/www.google.com\/url?q=https:\/\/tol.org\/client\/article\/category\/solutions-journalism&amp;source=gmail&amp;ust=1644426533563000&amp;usg=AOvVaw1j9tgkJw29DttJdKRmZVo4\">https:\/\/tol.org\/client\/<wbr \/>article\/category\/solutions-<wbr \/>journalism<\/a>\u00a0 and\u00a0<a href=\"https:\/\/toleducation.org\/solutions-journalism\/en\/sources\/\" target=\"_blank\" rel=\"noopener\" data-saferedirecturl=\"https:\/\/www.google.com\/url?q=https:\/\/toleducation.org\/solutions-journalism\/en\/sources\/&amp;source=gmail&amp;ust=1644426533563000&amp;usg=AOvVaw1k10cohMx0ZO6338e5cIR-\">https:\/\/toleducation.org\/<wbr \/>solutions-journalism\/en\/<wbr \/>sources\/<\/a><\/p>\n<p><a href=\"https:\/\/www.youtube.com\/watch?v=_vYeY0UW1rk\" target=\"_blank\" rel=\"noopener\">K\u00e9sz\u00edts\u00fcnk vide\u00f3t most! \u2013 Bevezet\u00e9s a webvide\u00f3s tartalomk\u00e9sz\u00edt\u00e9sbe: a k\u00e9pi kompon\u00e1l\u00e1s, hangr\u00f6gz\u00edt\u00e9s, szerkeszt\u00e9s \u00e9s v\u00e1g\u00e1s alapjai<\/a> \/ Introduction to webvideo production \u2013 A YouTube prezent\u00e1ci\u00f3t k\u00e9sz\u00edtette \/ Produced by: Pohly Ferenc digit\u00e1lis term\u00e9kfejleszt\u0151, \u00fajs\u00e1g\u00edr\u00f3 \/\u00a0<span lang=\"EN-US\">digital product developer<\/span><\/p>\n<p><a href=\"\/hu\/wp-content\/uploads\/2021\/05\/koronavirus-jarvany.pdf\" target=\"_blank\" rel=\"noopener\">A koronav\u00edrus-j\u00e1rv\u00e1ny \u00e9s az \u00fajs\u00e1g\u00edr\u00e1s: Felm\u00e9r\u00e9sek, szakmai \u00fatmutat\u00f3k, hasznos linkek \u00e9s adatb\u00e1zisok<\/a> \u2013 \u00d6ssze\u00e1ll\u00edtotta: Bodrogi Bea \u00e9s M\u00f3ricz Ilona \/ The Coronavirus Pandemic and Journalism: Surveys, Reporting Guidelines, Useful Links, Databases \u2013 Compiled by Bea Bodrogi and Ilona M\u00f3ricz<\/p>\n<p><a href=\"\/hu\/wp-content\/uploads\/2021\/05\/A-jarvanyhelyzet-hatasai-a-magyar-mediaban_20210430.pdf\" target=\"_blank\" rel=\"noopener\">A koronav\u00edrus-j\u00e1rv\u00e1ny hat\u00e1sai a magyar m\u00e9di\u00e1ban &#8211; egy felm\u00e9r\u00e9s eredm\u00e9nyei<\/a> \u2013 \u00cdrta: M\u00e1ri\u00e1s Leon\u00e1rd \/ The Impact of Covid-19 Pandemic on Media in Hungary &#8211; Findings of A Survey by Leon\u00e1rd M\u00e1ri\u00e1s<\/p>\n<p><a href=\"\/hu\/wp-content\/uploads\/2021\/04\/lehet-e_karantenban.pdf\" target=\"_blank\" rel=\"noopener\">Lehet-e karant\u00e9nban \u00fajs\u00e1got \u00edrni?<\/a> \u2013 \u00cdrta: Weyer Bal\u00e1zs \/ Journalism during Lockdown by Bal\u00e1zs Weyer<\/p>\n<p><a href=\"\/hu\/wp-content\/uploads\/2021\/03\/alhirek.pdf\" target=\"_blank\" rel=\"noopener\"><strong>Hogyan sz\u0171rhetj\u00fck ki \u00e1lh\u00edreket? \u2013 \u00datmutat\u00f3<\/strong><\/a> \/ Guide on Countering Fake News<\/p>\n<p><a href=\"\/hu\/wp-content\/uploads\/2019\/02\/Tenyfeltaro_projektek_tervezese.pdf\" target=\"_blank\" rel=\"noopener\"><strong>Hogyan menedzselj\u00fcnk t\u00e9nyfelt\u00e1r\u00f3 projekteket? \u2013 \u00datmutat\u00f3 szerkeszt\u0151knek<\/strong><\/a> \u2013 K\u00e9sz\u00edtette: Peth\u0151 Andr\u00e1s, Direkt36 \/ How to manage investigative reporting project \u2013 Guidelines for editors by Andr\u00e1s Peth\u0151, Direkt36<\/p>\n<p><a href=\"\/hu\/wp-content\/uploads\/2018\/10\/10_esetgyujtemeny_fotosok_page_FIN.pdf\" target=\"_blank\" rel=\"noopener\"><strong>Esetgy\u0171jtem\u00e9ny fot\u00f3riporterek sz\u00e1m\u00e1ra \u2013 V\u00e9lem\u00e9nynyilv\u00e1n\u00edt\u00e1s \u00e9s mag\u00e1nszf\u00e9ra<\/strong><\/a> \u2013 \u00cdrta: dr. Bodrogi Bea \/ Case studies for photojournalists \u2013 Freedom of expression and protection of privacy by Bea Bodrogi<\/p>\n<p><a href=\"\/hu\/wp-content\/uploads\/2018\/09\/9_sajtofotojog_pageFIN1.pdf\" target=\"_blank\" rel=\"noopener\"><strong>Aki fot\u00f3z \u00e9s akit fot\u00f3znak \u2013 K\u00e9rd\u00e9sek \u00e9s v\u00e1laszok a sajt\u00f3fot\u00f3sokat \u00e9rint\u0151 jogokr\u00f3l<\/strong><\/a> \u2013 \u00cdrta: dr. Bodrogi Bea \/ Legal guide and tips for photojournalists by Bea Bodrogi<\/p>\n<p><a href=\"\/hu\/wp-content\/uploads\/2018\/09\/8_hateskeltes-tipsheet_pageFIN1.pdf\" target=\"_blank\" rel=\"noopener\"><strong>Hat\u00e1skelt\u00e9s, f\u00e9lrevezet\u00e9s, megt\u00e9veszt\u00e9s \u00e9s \u00fajs\u00e1g\u00edr\u00f3i nyelvhaszn\u00e1lat \u2013 \u00datmutat\u00f3<\/strong><\/a> \u2013 \u00cdrta: Szil\u00e1gyi Anna \/ Manipulation and the use of language in media \u2013 guide for journalists<\/p>\n<p><a href=\"\/hu\/wp-content\/uploads\/2018\/09\/1_online_kutatasi_modszerek_ujsagiroknak_page.pdf\" target=\"_blank\" rel=\"noopener\"><strong>Online kutat\u00e1si m\u00f3dszerek \u00e9s tippek \u00fajs\u00e1g\u00edr\u00f3knak<\/strong><\/a> \u2013 \u00cdrta: Vor\u00e1k Anita \u00e9s Peth\u0151 Andr\u00e1s \/ Advanced online data research methods and tips for journalists by Anita Vor\u00e1k and Andr\u00e1s Peth\u0151<\/p>\n<p><a href=\"\/hu\/wp-content\/uploads\/2018\/09\/2_adatvezerelt_ujsagiras_page.pdf\" target=\"_blank\" rel=\"noopener\"><strong>Adatvez\u00e9relt \u00fajs\u00e1g\u00edr\u00e1s<\/strong><\/a> \u2013 \u00cdrta: Peth\u0151 Andr\u00e1s \/ Data-driven journalism by Andr\u00e1s Peth\u0151<\/p>\n<p><a href=\"\/hu\/wp-content\/uploads\/2018\/09\/3_vizualis_forrasok_hitelessege_page.pdf\" target=\"_blank\" rel=\"noopener\"><strong>Online vizu\u00e1lis forr\u00e1sok ellen\u0151rz\u00e9se<\/strong><\/a>\u00a0 &#8211; \u00cdrta: Mag\u00f3csi M\u00e1rton \/ Verification of online visual information by M\u00e1rton Mag\u00f3csi<\/p>\n<p><a href=\"\/hu\/wp-content\/uploads\/2018\/09\/4_forrasok_-_Aidan-White_page.pdf\" target=\"_blank\" rel=\"noopener\"><strong>Az \u00fajs\u00e1g\u00edr\u00f3i forr\u00e1sok kezel\u00e9s\u00e9nek alapszab\u00e1lyai<\/strong><\/a> \u2013 \u00cdrta: Aidan White (Ethical Journalism Network) \/ Ethics in the news &#8211; handling sources by Aidan White (Ethical Journalism Network)<\/p>\n<p><a href=\"\/hu\/wp-content\/uploads\/2018\/09\/5_HamisHirek_tip-sheet.pdf\" target=\"_blank\" rel=\"noopener\"><strong>Mir\u0151l ismerj\u00fck fel a hamis h\u00edreket?<\/strong><\/a><\/p>\n<p><a href=\"\/hu\/wp-content\/uploads\/2018\/09\/6_ujsagirok_veszhelyzetben_page_HUN.pdf\" target=\"_blank\" rel=\"noopener\"><strong>\u00dajs\u00e1g\u00edr\u00f3k v\u00e9szhelyzetben<\/strong><\/a> \u2013 A Canadian Journalists for Freedom of Expression k\u00e9zik\u00f6nyv\u00e9nek magyar ford\u00edt\u00e1sa \/ Journalists in distress &#8211; securing your digital life by Canadian Journalists for Freedom of Expression<\/p>\n<p><a href=\"\/hu\/wp-content\/uploads\/2018\/09\/7_podcast_egyszeregy_page.pdf\" target=\"_blank\" rel=\"noopener\"><strong>Podcast egyszeregy<\/strong><\/a> \u2013 \u00cdrta: Pohly Ferenc \/ Podcasting basics by Ferenc Pohly<\/p>\n<p><a href=\"\/hu\/wp-content\/uploads\/2018\/09\/5_forrasok-tipsheet.pdf\" target=\"_blank\" rel=\"noopener\"><strong>Forr\u00e1sok t\u00edpusai az \u00fajs\u00e1g\u00edr\u00e1sban<\/strong><\/a> \u2013 \u00cdrta: Weyer Bal\u00e1zs \/ Types of sources in journalism by Bal\u00e1zs Weyer<\/p>\n<p><a href=\"http:\/\/ethicaljournalismnetwork.org\/resources\/infographics\/gyuloletbeszed\" target=\"_blank\" rel=\"noopener\"><strong>Gy\u0171l\u00f6letbesz\u00e9d a h\u00edrekben<\/strong><\/a> &#8211; (az Ethical Journalism Network (EJN) infografik\u00e1j\u00e1nak magyar ford\u00edt\u00e1sa)<\/p>\n<p><a href=\"http:\/\/ethicaljournalismnetwork.org\/resources\/infographics\/ethical-guidelines-on-migration-reporting-hungarian\" target=\"_blank\" rel=\"noopener\"><strong>\u00datmutat\u00f3 \u00f6t pontban \u00fajs\u00e1g\u00edr\u00f3knak a migr\u00e1ci\u00f3r\u00f3l<\/strong><\/a> (az Ethical Journalism Network (EJN) infografik\u00e1j\u00e1nak magyar ford\u00edt\u00e1sa)<\/p>\n<p><a href=\"\/hu\/wp-content\/uploads\/2018\/09\/ebesz-kezikonyv.pdf\" target=\"_blank\" rel=\"noopener\"><strong>M\u00e9dia-\u00f6nszab\u00e1lyoz\u00e1si \u00fatmutat\u00f3 &#8211; k\u00e9rd\u00e9sek \u00e9s v\u00e1laszok<\/strong><\/a> &#8211; az Eur\u00f3pai Biztons\u00e1gi \u00e9s Egy\u00fcttm\u0171k\u00f6d\u00e9si Szervezet (EBESZ) 2008-ban kiadott k\u00e9zik\u00f6nyv\u00e9nek magyar ford\u00edt\u00e1sa. A k\u00f6nyv nyomtatott v\u00e1ltozata beszerezhet\u0151 a F\u00fcggetlen M\u00e9diak\u00f6zpontban<\/p>\n<p><a href=\"\/hu\/wp-content\/uploads\/2018\/09\/Mediaszabalyozasi_koncepcio_vitaanyag.pdf\" target=\"_blank\" rel=\"noopener\"><strong>\u00dajragondolt nyilv\u00e1noss\u00e1g &#8211; m\u00e9dia-szab\u00e1lyoz\u00e1si koncepci\u00f3<\/strong><\/a> \u2013 A M\u00e9rt\u00e9k m\u00e9diaelemz\u0151 m\u0171hely szak\u00e9rt\u0151i anyaga, amelyben a F\u00fcggetlen M\u00e9diak\u00f6zpont is k\u00f6zrem\u0171k\u00f6d\u00f6tt.<\/p>\n<p><a href=\"\/hu\/wp-content\/uploads\/2018\/09\/nok_es_ferfiak_a_hirekben-peldatar-full_web.pdf\" target=\"_blank\" rel=\"noopener\"><strong>N\u0151k \u00e9s f\u00e9rfiak a h\u00edrekben \u2013 ar\u00e1nytalans\u00e1gok \u00e9s beidegz\u0151d\u00e9sek <\/strong><\/a>(p\u00e9ld\u00e1k a magyarorsz\u00e1gi h\u00edrm\u00e9di\u00e1b\u00f3l)<\/p>\n<p><strong>Oknyomoz\u00f3 \u00fajs\u00e1g\u00edr\u00e1s<\/strong> \u2013 \u00cdrta: Vajda \u00c9va \u00e9s Mong Attila<br \/>\nA k\u00e9zik\u00f6nyv k\u00e9t v\u00e1ltozatban k\u00e9sz\u00fclt: az egyik oktat\u00f3knak, a m\u00e1sik hallgat\u00f3knak sz\u00f3l. A nyomtatott kiadv\u00e1nyok \u00e9s a CD v\u00e1ltozataik a F\u00fcggetlen M\u00e9diak\u00f6zpontban beszerezhet\u0151ek.<br \/>\n<a href=\"\/hu\/wp-content\/uploads\/2018\/09\/oknyajanlo-web-t.pdf\" target=\"_blank\" rel=\"noopener\">Oknyomoz\u00f3 \u00fajs\u00e1g\u00edr\u00e1s &#8211; oktat\u00f3knak<\/a><br \/>\n<a href=\"\/hu\/wp-content\/uploads\/2018\/09\/oknyajanlo-web-h1.pdf\" target=\"_blank\" rel=\"noopener\">Oknyomoz\u00f3 \u00fajs\u00e1g\u00edr\u00e1s &#8211; hallgat\u00f3knak<\/a><\/p>\n<p><a href=\"\/hu\/wp-content\/uploads\/2018\/09\/TRAGEDIAK-ES-UJSAGIROK_25May2010.pdf\" target=\"_blank\" rel=\"noopener\"><strong>Trag\u00e9di\u00e1k \u00e9s \u00fajs\u00e1g\u00edr\u00f3k<\/strong><strong> \u2013 \u00datmutat\u00f3 riportereknek \u00e9s szerkeszt\u0151knek<\/strong><\/a> (A Dart Center for Trauma and Journalism kiadv\u00e1ny\u00e1nak magyar ford\u00edt\u00e1sa<\/p>\n<p><a href=\"\/hu\/wp-content\/uploads\/2018\/09\/sokszinu_tarsadalom-web.pdf\" target=\"_blank\" rel=\"noopener\"><strong>Soksz\u00edn\u0171 t\u00e1rsadalom<\/strong><\/a> \u2013 k\u00e9zik\u00f6nyv civil szervezeteknek<\/p>\n<p><a href=\"\/hu\/wp-content\/uploads\/2018\/09\/toth-b-kisebbmedia-web_hu.pdf\" target=\"_blank\" rel=\"noopener\"><strong>Kisebbs\u00e9gek a magyar m\u00e9di\u00e1ban<\/strong><\/a> \u2013 \u00cdrta: T\u00f3th Borb\u00e1la<\/p>\n<p><a href=\"\/hu\/wp-content\/uploads\/2018\/09\/toth-b-kisebbmedia-web-eng_final.pdf\" target=\"_blank\" rel=\"noopener\"><strong>Minorities in the Hungarian media<\/strong><\/a> by Borb\u00e1la T\u00f3th<\/p>\n<p><a href=\"\/hu\/wp-content\/uploads\/2018\/09\/Pandora_szelenceje_ajanlasok_osszefogas_a_gyermekek_szexualis_bantalmazasa_ellen-2011nov25.pdf\" target=\"_blank\" rel=\"noopener\"><strong>Gyermekek szexu\u00e1lis b\u00e1ntalmaz\u00e1sa<\/strong><\/a> &#8211; adatgy\u0171jt\u00e9sen, felm\u00e9r\u00e9sen, esetelemz\u00e9sen alapul\u00f3 jelent\u00e9s a magyarorsz\u00e1gi helyzetr\u0151l<br \/>\n<a href=\"\/hu\/wp-content\/uploads\/2018\/09\/pandora-szelenceje_rovid_valtozat_web.pdf\" target=\"_blank\" rel=\"noopener\">Gyermekek szexu\u00e1lis b\u00e1ntalmaz\u00e1sa jelent\u00e9s &#8211; r\u00f6vid v\u00e1ltozat<\/a><br \/>\n<a href=\"\/hu\/wp-content\/uploads\/2018\/09\/Pandora_szelenceje_bovitett_verzio.pdf\" target=\"_blank\" rel=\"noopener\">Gyermekek szexu\u00e1lis b\u00e1ntalmaz\u00e1sa jelent\u00e9s &#8211; b\u0151v\u00edtett v\u00e1ltozat<\/a><\/p>\n","protected":false},"excerpt":{"rendered":"<p>Fenn\u00e1ll\u00e1sa \u00f3ta a F\u00fcggetlen M\u00e9diak\u00f6zpont sz\u00e1mos kiadv\u00e1nyt adott ki, melyekkel seg\u00edteni k\u00edv\u00e1nja az \u00fajs\u00e1g\u00edr\u00f3k \u00e9s szerkeszt\u0151s\u00e9gek munk\u00e1j\u00e1t. E seg\u00e9danyagok egy r\u00e9sze nyomtat\u00e1sban vagy CD-n jelent meg \u00e9s egy-egy p\u00e9ld\u00e1nyuk a F\u00fcggetlen M\u00e9diak\u00f6zpontban ig\u00e9nyelhet\u0151 \u00e9s \u00e1tvehet\u0151.\u00a0 Az elektronikusan vagy online el\u00e9rhet\u0151 kiadv\u00e1nyok t\u00f6bbs\u00e9ge a bor\u00edt\u00f3 bels\u0151 oldal\u00e1n vagy a kiadv\u00e1ny m\u00e1s hely\u00e9n felt\u00fcntetett felt\u00e9telek alapj\u00e1n haszn\u00e1lhat\u00f3. [&hellip;]<\/p>\n","protected":false},"author":1,"featured_media":0,"parent":0,"menu_order":0,"comment_status":"closed","ping_status":"closed","template":"","meta":{"_monsterinsights_skip_tracking":false,"_monsterinsights_sitenote_active":false,"_monsterinsights_sitenote_note":"","_monsterinsights_sitenote_category":0,"footnotes":""},"class_list":["post-45","page","type-page","status-publish","hentry"],"_links":{"self":[{"href":"https:\/\/cij.hu\/hu\/wp-json\/wp\/v2\/pages\/45","targetHints":{"allow":["GET"]}}],"collection":[{"href":"https:\/\/cij.hu\/hu\/wp-json\/wp\/v2\/pages"}],"about":[{"href":"https:\/\/cij.hu\/hu\/wp-json\/wp\/v2\/types\/page"}],"author":[{"embeddable":true,"href":"https:\/\/cij.hu\/hu\/wp-json\/wp\/v2\/users\/1"}],"replies":[{"embeddable":true,"href":"https:\/\/cij.hu\/hu\/wp-json\/wp\/v2\/comments?post=45"}],"version-history":[{"count":36,"href":"https:\/\/cij.hu\/hu\/wp-json\/wp\/v2\/pages\/45\/revisions"}],"predecessor-version":[{"id":2631,"href":"https:\/\/cij.hu\/hu\/wp-json\/wp\/v2\/pages\/45\/revisions\/2631"}],"wp:attachment":[{"href":"https:\/\/cij.hu\/hu\/wp-json\/wp\/v2\/media?parent=45"}],"curies":[{"name":"wp","href":"https:\/\/api.w.org\/{rel}","templated":true}]}}