{"id":51,"date":"2017-01-09T22:08:05","date_gmt":"2017-01-09T21:08:05","guid":{"rendered":"http:\/\/cij.hu\/hu\/?page_id=51"},"modified":"2022-08-25T19:09:48","modified_gmt":"2022-08-25T18:09:48","slug":"az-ujsagiras-ujrainditasa","status":"publish","type":"page","link":"https:\/\/cij.hu\/hu\/programok\/az-ujsagiras-ujrainditasa\/","title":{"rendered":"Az \u00fajs\u00e1g\u00edr\u00e1s \u00fajraind\u00edt\u00e1sa"},"content":{"rendered":"\n<p>A F\u00fcggetlen M\u00e9diak\u00f6zpont e projekttel er\u0151s\u00edteni k\u00edv\u00e1nja az \u00fajs\u00e1g\u00edr\u00e1s ellen\u0151rz\u0151 szerep\u00e9t \u00e9s a digit\u00e1lis eszk\u00f6z\u00f6k elterjed\u00e9s\u00e9t. Egyidej\u0171leg a M\u00e9diak\u00f6zpont mentori programokkal, <a href=\"https:\/\/cij.hu\/hu\/wp-content\/uploads\/2019\/02\/Tenyfeltaro_projektek_tervezese.pdf\">\u00fajs\u00e1g\u00edr\u00f3i seg\u00e9danyagok<\/a> publik\u00e1l\u00e1s\u00e1val \u00e9s konzult\u00e1ci\u00f3kkal seg\u00edti a szerkeszt\u0151s\u00e9gek munk\u00e1jukat Budapesten \u00e9s vid\u00e9ki v\u00e1rosokban. A projekt r\u00e9szek\u00e9nt a F\u00fcggetlen M\u00e9diak\u00f6zpont tematikus szakmai programokat szervez \u00fajs\u00e1g\u00edr\u00f3k, m\u00e9diaszakos hallgat\u00f3k \u00e9s kutat\u00f3k sz\u00e1m\u00e1ra. A rendezv\u00e9nyek a r\u00e9sztvev\u0151k sz\u00e1m\u00e1ra d\u00edjmentesek, a jelentkez\u00e9s a&nbsp;<a href=\"https:\/\/cij.hu\/\">F\u00fcggetlen M\u00e9diak\u00f6zpont honlapj\u00e1n<\/a>&nbsp;\u00e9s&nbsp;&nbsp;<a href=\"https:\/\/www.facebook.com\/cij.hu\" target=\"_blank\" rel=\"noopener\">Facebook oldal\u00e1n<\/a>&nbsp;meghirdetett programok regisztr\u00e1ci\u00f3s fel\u00fcletein lehets\u00e9ges.<\/p>\n\n\n<div class=\"wp-block-image\">\n<figure class=\"aligncenter size-full\"><img loading=\"lazy\" decoding=\"async\" width=\"299\" height=\"348\" src=\"https:\/\/cij.hu\/hu\/wp-content\/uploads\/2021\/04\/Nevtelen.png\" alt=\"\" class=\"wp-image-1693\" srcset=\"https:\/\/cij.hu\/hu\/wp-content\/uploads\/2021\/04\/Nevtelen.png 299w, https:\/\/cij.hu\/hu\/wp-content\/uploads\/2021\/04\/Nevtelen-258x300.png 258w\" sizes=\"auto, (max-width: 299px) 100vw, 299px\" \/><\/figure>\n<\/div>\n\n\n<p><strong>Az oknyomoz\u00f3 \u00fajs\u00e1g\u00edr\u00e1s t\u00e1mogat\u00e1sa \u00e9s az adat\u00fajs\u00e1g\u00edr\u00f3i eszk\u00f6z\u00f6k terjeszt\u00e9se<\/strong><\/p>\n\n\n\n<ul class=\"wp-block-list\"><li>M\u0171helyfoglalkoz\u00e1sok \u00fajs\u00e1g\u00edr\u00f3k, m\u00e9diaszakos hallgat\u00f3k sz\u00e1m\u00e1ra a k\u00f6vetkez\u0151 t\u00e9m\u00e1kban:<ul><li><em>Az adat\u00fajs\u00e1g\u00edr\u00e1s eszk\u00f6zt\u00e1ra \u00e9s programoz\u00e1si alapok \u00fajs\u00e1g\u00edr\u00f3knak<\/em><\/li><li><em>T\u00e9nyfelt\u00e1r\u00f3 t\u00f6rt\u00e9netek fel\u00e9p\u00edt\u00e9se, a multim\u00e9dia alkalmaz\u00e1sa<\/em><\/li><li><em>\u00dajs\u00e1g\u00edr\u00f3i forr\u00e1sok v\u00e9delme<\/em><\/li><li><em>T\u00e9nyellen\u0151rz\u00e9si m\u00f3dszerek<\/em><\/li><li><em>Online inform\u00e1ci\u00f3-forr\u00e1sok ellen\u0151rz\u00e9se \u00e9s hiteles\u00edt\u00e9se<\/em><\/li><li><em>K\u00f6z\u00e9rdek\u0171 adatig\u00e9nyl\u00e9s az \u00fajs\u00e1g\u00edr\u00e1sban<\/em><\/li><li><em>Adatok vizu\u00e1lis megjelen\u00edt\u00e9se<\/em><\/li><li><em>Digit\u00e1lis biztons\u00e1g az \u00fajs\u00e1g\u00edr\u00e1sban<\/em><\/li><li><em>Az oknyomoz\u00f3 \u00fajs\u00e1g\u00edr\u00e1s trendjei<\/em><\/li><li><em>Az \u00fajs\u00e1g\u00edr\u00f3i egy\u00fcttm\u0171k\u00f6d\u00e9s m\u00f3dszertana<\/em><\/li><\/ul><\/li><\/ul>\n\n\n\n<p><strong>Digit\u00e1lis m\u00e9diaismeretek fejleszt\u00e9se<\/strong><\/p>\n\n\n\n<ul class=\"wp-block-list\"><li>Digit\u00e1lis t\u00f6rt\u00e9netmond\u00e1s \u2013 mobil eszk\u00f6z\u00f6k, podcasting<\/li><li>\u00dczleti megold\u00e1sok \u2013 alternat\u00edv bev\u00e9teli modellek, brand- \u00e9s k\u00f6z\u00f6ss\u00e9g\u00e9p\u00edt\u00e9s<\/li><li>A k\u00f6z\u00f6ss\u00e9gi m\u00e9dia alkalmaz\u00e1sa a szerkeszt\u0151s\u00e9gi munk\u00e1ban<\/li><\/ul>\n","protected":false},"excerpt":{"rendered":"<p>A F\u00fcggetlen M\u00e9diak\u00f6zpont e projekttel er\u0151s\u00edteni k\u00edv\u00e1nja az \u00fajs\u00e1g\u00edr\u00e1s ellen\u0151rz\u0151 szerep\u00e9t \u00e9s a digit\u00e1lis eszk\u00f6z\u00f6k elterjed\u00e9s\u00e9t. Egyidej\u0171leg a M\u00e9diak\u00f6zpont mentori programokkal, \u00fajs\u00e1g\u00edr\u00f3i seg\u00e9danyagok publik\u00e1l\u00e1s\u00e1val \u00e9s konzult\u00e1ci\u00f3kkal seg\u00edti a szerkeszt\u0151s\u00e9gek munk\u00e1jukat Budapesten \u00e9s vid\u00e9ki v\u00e1rosokban. A projekt r\u00e9szek\u00e9nt a F\u00fcggetlen M\u00e9diak\u00f6zpont tematikus szakmai programokat szervez \u00fajs\u00e1g\u00edr\u00f3k, m\u00e9diaszakos hallgat\u00f3k \u00e9s kutat\u00f3k sz\u00e1m\u00e1ra. A rendezv\u00e9nyek a r\u00e9sztvev\u0151k sz\u00e1m\u00e1ra [&hellip;]<\/p>\n","protected":false},"author":1,"featured_media":0,"parent":39,"menu_order":100,"comment_status":"closed","ping_status":"closed","template":"","meta":{"_monsterinsights_skip_tracking":false,"_monsterinsights_sitenote_active":false,"_monsterinsights_sitenote_note":"","_monsterinsights_sitenote_category":0,"footnotes":""},"class_list":["post-51","page","type-page","status-publish","hentry"],"_links":{"self":[{"href":"https:\/\/cij.hu\/hu\/wp-json\/wp\/v2\/pages\/51","targetHints":{"allow":["GET"]}}],"collection":[{"href":"https:\/\/cij.hu\/hu\/wp-json\/wp\/v2\/pages"}],"about":[{"href":"https:\/\/cij.hu\/hu\/wp-json\/wp\/v2\/types\/page"}],"author":[{"embeddable":true,"href":"https:\/\/cij.hu\/hu\/wp-json\/wp\/v2\/users\/1"}],"replies":[{"embeddable":true,"href":"https:\/\/cij.hu\/hu\/wp-json\/wp\/v2\/comments?post=51"}],"version-history":[{"count":10,"href":"https:\/\/cij.hu\/hu\/wp-json\/wp\/v2\/pages\/51\/revisions"}],"predecessor-version":[{"id":2014,"href":"https:\/\/cij.hu\/hu\/wp-json\/wp\/v2\/pages\/51\/revisions\/2014"}],"up":[{"embeddable":true,"href":"https:\/\/cij.hu\/hu\/wp-json\/wp\/v2\/pages\/39"}],"wp:attachment":[{"href":"https:\/\/cij.hu\/hu\/wp-json\/wp\/v2\/media?parent=51"}],"curies":[{"name":"wp","href":"https:\/\/api.w.org\/{rel}","templated":true}]}}