{"id":7,"date":"2016-12-05T20:12:08","date_gmt":"2016-12-05T19:12:08","guid":{"rendered":"http:\/\/cij.hu\/hu\/?page_id=7"},"modified":"2017-07-08T12:33:46","modified_gmt":"2017-07-08T11:33:46","slug":"elerhetosegeink","status":"publish","type":"page","link":"https:\/\/cij.hu\/hu\/elerhetosegeink\/","title":{"rendered":"El\u00e9rhet\u0151s\u00e9geink"},"content":{"rendered":"<p>A F\u00fcggetlen M\u00e9diak\u00f6zpont sz\u00e9khelye: 1064 Budapest, V\u00f6r\u00f6smarty u. 47\/A \u2013 1. emelet<br \/>\nT\u00e9rk\u00e9pen itt tal\u00e1lhat\u00f3: \u00a0<a href=\"https:\/\/www.google.hu\/maps\/place\/V%C3%B6r%C3%B6smarty+u.+47a,+Budapest,+1064\/@47.508308,19.0625613,17z\/data=%213m1%214b1%214m2%213m1%211s0x4741dc72218a7c2f:0x90e05c4bb8a118e8\" target=\"_blank\">1064 Budapest, V\u00f6r\u00f6smarty u. 47\/A<\/a><br \/>\nA F\u00fcggetlen M\u00e9diak\u00f6zpont k\u00f6z\u00f6ss\u00e9gi k\u00f6zleked\u00e9si eszk\u00f6z\u00f6kkel k\u00f6nnyen megk\u00f6zel\u00edthet\u0151, \u00e9s gyalog vagy az M1 metr\u00f3val p\u00e1r perc alatt el\u00e9rhet\u0151 az <a href=\"https:\/\/www.google.hu\/maps\/place\/Budapest,+Oktogon\/@47.5055461,19.0612928,17z\/data=%213m1%214b1%214m2%213m1%211s0x4741dc6e79d6f8a3:0x73cb72000feaf437\" target=\"_blank\">Oktogont\u00f3l<\/a>.<br \/>\nE-mail: <a href=\"mailto:cij@cij.hu\" target=\"_blank\">cij@cij.hu<\/a><br \/>\nTelefon: +36 1 6095392<\/p>\n<p><img loading=\"lazy\" decoding=\"async\" class=\"aligncenter size-full wp-image-733\" src=\"http:\/\/cij.hu\/hu\/wp-content\/uploads\/2017\/07\/sajtohaz_homlokzat_1000px.jpg\" alt=\"Sajt\u00f3h\u00e1z homlokzat\" width=\"1000\" height=\"667\" srcset=\"https:\/\/cij.hu\/hu\/wp-content\/uploads\/2017\/07\/sajtohaz_homlokzat_1000px.jpg 1000w, https:\/\/cij.hu\/hu\/wp-content\/uploads\/2017\/07\/sajtohaz_homlokzat_1000px-300x200.jpg 300w, https:\/\/cij.hu\/hu\/wp-content\/uploads\/2017\/07\/sajtohaz_homlokzat_1000px-768x512.jpg 768w, https:\/\/cij.hu\/hu\/wp-content\/uploads\/2017\/07\/sajtohaz_homlokzat_1000px-680x454.jpg 680w\" sizes=\"auto, (max-width: 1000px) 100vw, 1000px\" \/><\/p>\n<p><img loading=\"lazy\" decoding=\"async\" class=\"aligncenter size-full wp-image-732\" src=\"http:\/\/cij.hu\/hu\/wp-content\/uploads\/2017\/07\/sajtohaz1.jpg\" alt=\"Sajt\u00f3h\u00e1z\" width=\"720\" height=\"480\" srcset=\"https:\/\/cij.hu\/hu\/wp-content\/uploads\/2017\/07\/sajtohaz1.jpg 720w, https:\/\/cij.hu\/hu\/wp-content\/uploads\/2017\/07\/sajtohaz1-300x200.jpg 300w, https:\/\/cij.hu\/hu\/wp-content\/uploads\/2017\/07\/sajtohaz1-680x453.jpg 680w\" sizes=\"auto, (max-width: 720px) 100vw, 720px\" \/><\/p>\n","protected":false},"excerpt":{"rendered":"<p>A F\u00fcggetlen M\u00e9diak\u00f6zpont sz\u00e9khelye: 1064 Budapest, V\u00f6r\u00f6smarty u. 47\/A \u2013 1. emelet T\u00e9rk\u00e9pen itt tal\u00e1lhat\u00f3: \u00a01064 Budapest, V\u00f6r\u00f6smarty u. 47\/A A F\u00fcggetlen M\u00e9diak\u00f6zpont k\u00f6z\u00f6ss\u00e9gi k\u00f6zleked\u00e9si eszk\u00f6z\u00f6kkel k\u00f6nnyen megk\u00f6zel\u00edthet\u0151, \u00e9s gyalog vagy az M1 metr\u00f3val p\u00e1r perc alatt el\u00e9rhet\u0151 az Oktogont\u00f3l. E-mail: cij@cij.hu Telefon: +36 1 6095392<\/p>\n","protected":false},"author":1,"featured_media":0,"parent":0,"menu_order":200,"comment_status":"closed","ping_status":"closed","template":"","meta":{"_monsterinsights_skip_tracking":false,"_monsterinsights_sitenote_active":false,"_monsterinsights_sitenote_note":"","_monsterinsights_sitenote_category":0,"footnotes":""},"class_list":["post-7","page","type-page","status-publish","hentry"],"_links":{"self":[{"href":"https:\/\/cij.hu\/hu\/wp-json\/wp\/v2\/pages\/7","targetHints":{"allow":["GET"]}}],"collection":[{"href":"https:\/\/cij.hu\/hu\/wp-json\/wp\/v2\/pages"}],"about":[{"href":"https:\/\/cij.hu\/hu\/wp-json\/wp\/v2\/types\/page"}],"author":[{"embeddable":true,"href":"https:\/\/cij.hu\/hu\/wp-json\/wp\/v2\/users\/1"}],"replies":[{"embeddable":true,"href":"https:\/\/cij.hu\/hu\/wp-json\/wp\/v2\/comments?post=7"}],"version-history":[{"count":4,"href":"https:\/\/cij.hu\/hu\/wp-json\/wp\/v2\/pages\/7\/revisions"}],"predecessor-version":[{"id":735,"href":"https:\/\/cij.hu\/hu\/wp-json\/wp\/v2\/pages\/7\/revisions\/735"}],"wp:attachment":[{"href":"https:\/\/cij.hu\/hu\/wp-json\/wp\/v2\/media?parent=7"}],"curies":[{"name":"wp","href":"https:\/\/api.w.org\/{rel}","templated":true}]}}