{"id":9,"date":"2016-12-05T20:12:25","date_gmt":"2016-12-05T19:12:25","guid":{"rendered":"http:\/\/cij.hu\/hu\/?page_id=9"},"modified":"2021-08-10T16:56:09","modified_gmt":"2021-08-10T15:56:09","slug":"tamogatok","status":"publish","type":"page","link":"https:\/\/cij.hu\/hu\/tamogatok\/","title":{"rendered":"T\u00e1mogat\u00f3k"},"content":{"rendered":"<p>T\u00e1mogat\u00f3k 1995 \u00f3ta:<\/p>\n<p>American Express Foundation<br \/>\n<a href=\"http:\/\/www.bloomberg.com\">Bloomberg News Service<\/a><br \/>\nBrit Nagyk\u00f6vets\u00e9g, Budapest<br \/>\n<a href=\"http:\/\/www.bat.hu\">British American Tobacco Magyarorsz\u00e1g<\/a><br \/>\nThe Coca Cola Company<br \/>\n<a href=\"http:\/\/correspondentsfund.org\/\">The Correspondents Fund<\/a><br \/>\nThe Dow Jones Foundation<br \/>\n<a href=\"https:\/\/hu.usembassy.gov\/hu\/\">az Egyes\u00fclt \u00c1llamok Nagyk\u00f6vets\u00e9ge<\/a><br \/>\n<a href=\"http:\/\/www.osce.org\">Eur\u00f3pai Biztons\u00e1gi \u00e9s Egy\u00fcttm\u0171k\u00f6d\u00e9si Szervezet<\/a><br \/>\n<a href=\"http:\/\/www.eurocult.org\">The European Cultural Foundation <\/a><br \/>\nEur\u00f3pai Uni\u00f3\/Eur\u00f3pai Bizotts\u00e1g<br \/>\n<a href=\"http:\/\/www.evensfoundation.be\/en\/index.html\"> Evens Foundation<\/a><br \/>\n<a href=\"http:\/\/www.freedomforum.org\/\">The Freedom Forum <\/a><br \/>\n<a href=\"http:\/\/www.ge.com\/foundation\/index.jsp\">GE Foundation<\/a><br \/>\n<a href=\"http:\/\/http:\/\/www.gmfus.org\/template\/index.cfm\">The German Marshall Fund of the United States <\/a><br \/>\nThe Gilder Foundation<br \/>\nVirginia Gilder<br \/>\nGoogle Digital News Initiative<br \/>\nJames and Margaret Greenfield<br \/>\nAnn Grob<br \/>\nHBO<br \/>\nHealth Journalism Partnership<br \/>\n<a href=\"http:\/\/www.hollandnagykovetseg.hu\/\"> Holland Nagyk\u00f6vets\u00e9g, Budapest<\/a><br \/>\n<a href=\"http:\/\/www.hhmi.org\">The Howard Hughes Medical Institute <\/a><br \/>\nIFEX<br \/>\n<a href=\"http:\/\/www.imptob.hu\">Imperial Tobacco Magyarorsz\u00e1g <\/a><br \/>\n<a href=\"http:\/\/www.ijf-cij.org\/\">Independent Journalism Foundation-New York <\/a><br \/>\nThe International Media Fund<br \/>\n<a href=\"http:\/\/www.irex.org\/\">The International Research and Exchange Board<\/a><br \/>\n<a href=\"http:\/\/www.canadainternational.gc.ca\/hungary-hongrie\/index.aspx?lang=hun&amp;highlights_file=&amp;left_menu_en=&amp;left_menu_fr=&amp;mission=\">Kanadai Nagyk\u00f6vets\u00e9g, Budapest<\/a><br \/>\n<a href=\"http:\/\/www.knightfoundation.org\">The John S. and James L. Knight Foundation <\/a><br \/>\nThe British Know-How Fund<br \/>\n<a href=\"http:\/\/www.brokerkepzo.hu\">K\u00f6z\u00e9p-eur\u00f3pai Br\u00f3kerk\u00e9pz\u0151 Alap\u00edtv\u00e1ny <\/a><br \/>\nWilliam and Ina Levine Foundation<br \/>\nThe Mollie Parnis Livingston Foundation<br \/>\n<a href=\"http:\/\/www.levistrauss.com\/citizenship\/levistraussfoundation.aspx\">Levi Strauss &amp; Co. <\/a><br \/>\nKenneth &amp; Evelyn Lipper Foundation<br \/>\n<a href=\"http:\/\/www.mfb.hu\">Magyar Fejleszt\u00e9si Bank Zrt. <\/a><br \/>\n<a href=\"http:\/\/www.radio.hu\">Magyar R\u00e1di\u00f3 <\/a><br \/>\n<a href=\"http:\/\/www.mastercard.com\">Mastercard <\/a><br \/>\n<a href=\"http:\/\/www.nca.hu\">Nemzeti Civil Alap <\/a><br \/>\n<a href=\"http:\/\/www.nol.hu\">N\u00e9pszabads\u00e1g Rt. <\/a><br \/>\n<a href=\"http:\/\/www.nytco.com\/\">The New York Times Company <\/a><br \/>\n<a href=\"http:\/\/www.nytco.com\/company\/foundation\/\">The New York Times Company Foundation <\/a><br \/>\n<a href=\"http:\/\/www.soros.org\/initiatives\/media\">Ny\u00edlt T\u00e1rsadalom Int\u00e9zete Alap\u00edtv\u00e1ny <\/a><br \/>\n<a href=\"http:\/\/www.ortt.hu\">Orsz\u00e1gos R\u00e1di\u00f3 \u00e9s Telev\u00edzi\u00f3 Test\u00fclet <\/a><br \/>\n<a href=\"http:\/\/www.reuters.com\">Reuters <\/a><br \/>\nAnonymous member of the Rockefeller family<br \/>\nHoward J. Rubenstein<br \/>\nDr. William Schiede<br \/>\nThe Dorothy Schiff Foundation<br \/>\n<a href=\"http:\/\/www.soros.hu\/\"> Soros Alap\u00edtv\u00e1ny<\/a><br \/>\n<a href=\"http:\/\/www.seenpm.org\">South East European Network for Professionalization of Media <\/a><br \/>\nSz\u00e9chenyi Terv\/Informatikai Program<br \/>\n<a href=\"http:\/\/www.eda.admin.ch\/budapest\">Sv\u00e1jci Nagyk\u00f6vets\u00e9g, Budapest<\/a><br \/>\nSzoci\u00e1lis \u00e9s Munka\u00fcgyi Miniszt\u00e9rium\/Ministry for Social Affairs and Labour<br \/>\n<a href=\"http:\/\/www.t-systems.hu\/\">T-Online Magyarorsz\u00e1g Zrt. <\/a><br \/>\nRichard and Gail Ullman<br \/>\n<a href=\"http:\/\/www.utoronto.ca\/\">The University of Toronto <\/a><br \/>\nTime Warner Inc.<br \/>\n<a href=\"http:\/\/www.ceetrust.org\/\">Trust for Civil Society in Central and Eastern Europe <\/a><br \/>\n<a href=\"http:\/\/www.usaid.gov\">US Agency for International Development <\/a><br \/>\nUS Information Service<br \/>\nDonald M. Wilson<\/p>\n<p>A F\u00fcggetlen \u00dajs\u00e1g\u00edr\u00f3k Alap\u00edtv\u00e1nyak\u00e9nt bejegyzett F\u00fcggetlen M\u00e9diak\u00f6zpont, alap\u00edt\u00e1sa \u00f3ta, alapvet\u0151en nyilv\u00e1nos p\u00e1ly\u00e1zatokon elnyert t\u00e1mogat\u00e1sokb\u00f3l seg\u00edti az etikus, min\u0151s\u00e9gi, p\u00e1rtatlan \u00fajs\u00e1g\u00edr\u00e1st Magyarorsz\u00e1gon \u00e9s a k\u00f6z\u00e9p-kelet-eur\u00f3pai t\u00e9rs\u00e9gben.<\/p>\n","protected":false},"excerpt":{"rendered":"<p>T\u00e1mogat\u00f3k 1995 \u00f3ta: American Express Foundation Bloomberg News Service Brit Nagyk\u00f6vets\u00e9g, Budapest British American Tobacco Magyarorsz\u00e1g The Coca Cola Company The Correspondents Fund The Dow Jones Foundation az Egyes\u00fclt \u00c1llamok Nagyk\u00f6vets\u00e9ge Eur\u00f3pai Biztons\u00e1gi \u00e9s Egy\u00fcttm\u0171k\u00f6d\u00e9si Szervezet The European Cultural Foundation Eur\u00f3pai Uni\u00f3\/Eur\u00f3pai Bizotts\u00e1g Evens Foundation The Freedom Forum GE Foundation The German Marshall Fund of [&hellip;]<\/p>\n","protected":false},"author":1,"featured_media":0,"parent":0,"menu_order":300,"comment_status":"closed","ping_status":"closed","template":"","meta":{"_monsterinsights_skip_tracking":false,"_monsterinsights_sitenote_active":false,"_monsterinsights_sitenote_note":"","_monsterinsights_sitenote_category":0,"footnotes":""},"class_list":["post-9","page","type-page","status-publish","hentry"],"_links":{"self":[{"href":"https:\/\/cij.hu\/hu\/wp-json\/wp\/v2\/pages\/9","targetHints":{"allow":["GET"]}}],"collection":[{"href":"https:\/\/cij.hu\/hu\/wp-json\/wp\/v2\/pages"}],"about":[{"href":"https:\/\/cij.hu\/hu\/wp-json\/wp\/v2\/types\/page"}],"author":[{"embeddable":true,"href":"https:\/\/cij.hu\/hu\/wp-json\/wp\/v2\/users\/1"}],"replies":[{"embeddable":true,"href":"https:\/\/cij.hu\/hu\/wp-json\/wp\/v2\/comments?post=9"}],"version-history":[{"count":6,"href":"https:\/\/cij.hu\/hu\/wp-json\/wp\/v2\/pages\/9\/revisions"}],"predecessor-version":[{"id":1780,"href":"https:\/\/cij.hu\/hu\/wp-json\/wp\/v2\/pages\/9\/revisions\/1780"}],"wp:attachment":[{"href":"https:\/\/cij.hu\/hu\/wp-json\/wp\/v2\/media?parent=9"}],"curies":[{"name":"wp","href":"https:\/\/api.w.org\/{rel}","templated":true}]}}