{"id":998,"date":"2018-07-31T17:41:06","date_gmt":"2018-07-31T16:41:06","guid":{"rendered":"http:\/\/cij.hu\/hu\/?page_id=998"},"modified":"2022-08-25T20:05:13","modified_gmt":"2022-08-25T19:05:13","slug":"szakmai-rendezvenyek-ujsagiroknak","status":"publish","type":"page","link":"https:\/\/cij.hu\/hu\/programok\/szakmai-rendezvenyek-ujsagiroknak\/","title":{"rendered":"Szakmai rendezv\u00e9nyek \u00fajs\u00e1g\u00edr\u00f3knak"},"content":{"rendered":"\n<p>A F\u00fcggetlen M\u00e9diak\u00f6zpont rendszeresen tart konferenci\u00e1kat, kerekasztal-besz\u00e9lget\u00e9seket \u00e9s m\u0171helyfoglalkoz\u00e1sokat az \u00fajs\u00e1g\u00edr\u00e1st \u00e9rint\u0151 aktu\u00e1lis k\u00e9rd\u00e9sekr\u0151l. E nyilv\u00e1nos esem\u00e9nyek megrendez\u00e9s\u00e9ben a F\u00fcggetlen M\u00e9diak\u00f6zpont egy\u00fcttm\u0171k\u00f6dik a t\u00e9nyszer\u0171 \u00e9s etikus \u00fajs\u00e1g\u00edr\u00e1st, valamint a sz\u00f3l\u00e1sszabads\u00e1got t\u00e1mogat\u00f3 magyarorsz\u00e1gi \u00e9s nemzetk\u00f6zi szakmai partnerekkel, \u00edgy a <a href=\"https:\/\/muosz.hu\/\" target=\"_blank\" rel=\"noreferrer noopener\">Magyar \u00dajs\u00e1g\u00edr\u00f3k Orsz\u00e1gos Sz\u00f6vets\u00e9g\u00e9vel<\/a>, a <a href=\"https:\/\/www.facebook.com\/foszerkesztokforuma\/\" target=\"_blank\" rel=\"noreferrer noopener\">F\u0151szerkeszt\u0151k F\u00f3rum\u00e1val<\/a>, a budapesti <a href=\"https:\/\/www.goethe.de\/ins\/hu\/hu\/index.html\" target=\"_blank\" rel=\"noreferrer noopener\">Goethe Int\u00e9zettel<\/a>, a londoni k\u00f6zpont\u00fa <a href=\"https:\/\/www.media-diversity.org\/\" target=\"_blank\" rel=\"noreferrer noopener\">Media Diversity Institute<\/a>-tal \u00e9s a pr\u00e1gai <a href=\"https:\/\/tol.org\/\" target=\"_blank\" rel=\"noreferrer noopener\">Transitions<\/a> elnevez\u00e9s\u0171 m\u00e9diafejleszt\u00e9si szervezettel.<\/p>\n\n\n\n<p>2019 \u00f3ta a szakmai f\u00f3rumok f\u0151 szponzora a sz\u00f3l\u00e1s- \u00e9s m\u00e9diaszabads\u00e1got t\u00e1mogat\u00f3 nemzetk\u00f6zi erny\u0151szervezet, a toront\u00f3i <a href=\"https:\/\/ifex.org\/\" target=\"_blank\" rel=\"noreferrer noopener\">Ifex<\/a>. 2020-ban a kerekasztalok t\u00e9m\u00e1ja els\u0151sorban ahhoz kapcsol\u00f3dott, hogy a Covid-19 j\u00e1rv\u00e1ny \u00e9s az azzal \u00f6sszef\u00fcgg\u0151 korl\u00e1toz\u00f3 int\u00e9zked\u00e9sek mik\u00e9nt \u00e9rintett\u00e9k a magyar m\u00e9di\u00e1t \u00e9s a l\u00e9tfontoss\u00e1g\u00fa inform\u00e1ci\u00f3khoz val\u00f3 hozz\u00e1f\u00e9r\u00e9st.<\/p>\n\n\n<div class=\"wp-block-image\">\n<figure class=\"aligncenter size-full\"><img loading=\"lazy\" decoding=\"async\" width=\"739\" height=\"764\" src=\"https:\/\/cij.hu\/hu\/wp-content\/uploads\/2021\/04\/karanten2.jpg\" alt=\"\" class=\"wp-image-1685\" srcset=\"https:\/\/cij.hu\/hu\/wp-content\/uploads\/2021\/04\/karanten2.jpg 739w, https:\/\/cij.hu\/hu\/wp-content\/uploads\/2021\/04\/karanten2-290x300.jpg 290w, https:\/\/cij.hu\/hu\/wp-content\/uploads\/2021\/04\/karanten2-680x703.jpg 680w\" sizes=\"auto, (max-width: 739px) 100vw, 739px\" \/><\/figure>\n<\/div>\n\n\n<p>Err\u0151l <a href=\"https:\/\/cij.hu\/hu\/wp-content\/uploads\/2021\/05\/A-jarvanyhelyzet-hatasai-a-magyar-mediaban_20210430.pdf\" target=\"_blank\" rel=\"noreferrer noopener\">kutat\u00e1s<\/a>, <a href=\"https:\/\/cij.hu\/hu\/wp-content\/uploads\/2021\/05\/koronavirus-jarvany.pdf\" target=\"_blank\" rel=\"noreferrer noopener\">szakmai anyag<\/a> \u00e9s <a href=\"https:\/\/cij.hu\/hu\/wp-content\/uploads\/2021\/04\/lehet-e_karantenban.pdf\" target=\"_blank\" rel=\"noreferrer noopener\">szerkeszt\u0151s\u00e9gi \u00fatmutat\u00f3<\/a> is k\u00e9sz\u00fclt, amelyeket online rendezv\u00e9nyeken mutatott be a M\u00e9diak\u00f6zpont:<\/p>\n\n\n\n<figure class=\"wp-block-embed is-type-video is-provider-youtube wp-block-embed-youtube wp-embed-aspect-16-9 wp-has-aspect-ratio\"><div class=\"wp-block-embed__wrapper\">\n<iframe loading=\"lazy\" title=\"\u00dajs\u00e1g\u00edr\u00e1s karant\u00e9nban \u2013 hossz\u00fa t\u00e1v\u00fa hat\u00e1sok \u00e9s tippek a t\u00fal\u00e9l\u00e9sre\" width=\"680\" height=\"383\" src=\"https:\/\/www.youtube.com\/embed\/6YmGZysH56g?start=116&#038;feature=oembed\" frameborder=\"0\" allow=\"accelerometer; autoplay; clipboard-write; encrypted-media; gyroscope; picture-in-picture\" allowfullscreen><\/iframe>\n<\/div><\/figure>\n\n\n\n<figure class=\"wp-block-embed is-type-video is-provider-youtube wp-block-embed-youtube wp-embed-aspect-16-9 wp-has-aspect-ratio\"><div class=\"wp-block-embed__wrapper\">\n<iframe loading=\"lazy\" title=\"\u00dajs\u00e1g\u00edr\u00e1s koronav\u00edrus j\u00e1rv\u00e1ny idej\u00e9n --- szakmai kerekasztal-besz\u00e9lget\u00e9s\" width=\"680\" height=\"383\" src=\"https:\/\/www.youtube.com\/embed\/IB6KScBSyyE?feature=oembed\" frameborder=\"0\" allow=\"accelerometer; autoplay; clipboard-write; encrypted-media; gyroscope; picture-in-picture\" allowfullscreen><\/iframe>\n<\/div><\/figure>\n\n\n\n<figure class=\"wp-block-embed is-type-video is-provider-youtube wp-block-embed-youtube wp-embed-aspect-16-9 wp-has-aspect-ratio\"><div class=\"wp-block-embed__wrapper\">\n<iframe loading=\"lazy\" title=\"\u00c9letment\u0151 t\u00e1j\u00e9koztat\u00e1s\" width=\"680\" height=\"383\" src=\"https:\/\/www.youtube.com\/embed\/aDRY5TDFEt4?start=87&#038;feature=oembed\" frameborder=\"0\" allow=\"accelerometer; autoplay; clipboard-write; encrypted-media; gyroscope; picture-in-picture\" allowfullscreen><\/iframe>\n<\/div><\/figure>\n","protected":false},"excerpt":{"rendered":"<p>A F\u00fcggetlen M\u00e9diak\u00f6zpont rendszeresen tart konferenci\u00e1kat, kerekasztal-besz\u00e9lget\u00e9seket \u00e9s m\u0171helyfoglalkoz\u00e1sokat az \u00fajs\u00e1g\u00edr\u00e1st \u00e9rint\u0151 aktu\u00e1lis k\u00e9rd\u00e9sekr\u0151l. E nyilv\u00e1nos esem\u00e9nyek megrendez\u00e9s\u00e9ben a F\u00fcggetlen M\u00e9diak\u00f6zpont egy\u00fcttm\u0171k\u00f6dik a t\u00e9nyszer\u0171 \u00e9s etikus \u00fajs\u00e1g\u00edr\u00e1st, valamint a sz\u00f3l\u00e1sszabads\u00e1got t\u00e1mogat\u00f3 magyarorsz\u00e1gi \u00e9s nemzetk\u00f6zi szakmai partnerekkel, \u00edgy a Magyar \u00dajs\u00e1g\u00edr\u00f3k Orsz\u00e1gos Sz\u00f6vets\u00e9g\u00e9vel, a F\u0151szerkeszt\u0151k F\u00f3rum\u00e1val, a budapesti Goethe Int\u00e9zettel, a londoni k\u00f6zpont\u00fa Media Diversity Institute-tal [&hellip;]<\/p>\n","protected":false},"author":1,"featured_media":0,"parent":39,"menu_order":200,"comment_status":"closed","ping_status":"closed","template":"","meta":{"_monsterinsights_skip_tracking":false,"_monsterinsights_sitenote_active":false,"_monsterinsights_sitenote_note":"","_monsterinsights_sitenote_category":0,"footnotes":""},"class_list":["post-998","page","type-page","status-publish","hentry"],"_links":{"self":[{"href":"https:\/\/cij.hu\/hu\/wp-json\/wp\/v2\/pages\/998","targetHints":{"allow":["GET"]}}],"collection":[{"href":"https:\/\/cij.hu\/hu\/wp-json\/wp\/v2\/pages"}],"about":[{"href":"https:\/\/cij.hu\/hu\/wp-json\/wp\/v2\/types\/page"}],"author":[{"embeddable":true,"href":"https:\/\/cij.hu\/hu\/wp-json\/wp\/v2\/users\/1"}],"replies":[{"embeddable":true,"href":"https:\/\/cij.hu\/hu\/wp-json\/wp\/v2\/comments?post=998"}],"version-history":[{"count":5,"href":"https:\/\/cij.hu\/hu\/wp-json\/wp\/v2\/pages\/998\/revisions"}],"predecessor-version":[{"id":2036,"href":"https:\/\/cij.hu\/hu\/wp-json\/wp\/v2\/pages\/998\/revisions\/2036"}],"up":[{"embeddable":true,"href":"https:\/\/cij.hu\/hu\/wp-json\/wp\/v2\/pages\/39"}],"wp:attachment":[{"href":"https:\/\/cij.hu\/hu\/wp-json\/wp\/v2\/media?parent=998"}],"curies":[{"name":"wp","href":"https:\/\/api.w.org\/{rel}","templated":true}]}}